{"id":782940,"date":"2026-02-23T13:07:56","date_gmt":"2026-02-23T10:07:56","guid":{"rendered":"https:\/\/roveyayinevi.com.tr\/index.php\/urun\/kirmizi-guller-cabuk-solar-mevsimi-bahardir-askin-karton-kapak\/"},"modified":"2026-04-15T03:46:15","modified_gmt":"2026-04-15T00:46:15","slug":"kirmizi-guller-cabuk-solar-mevsimi-bahardir-askin-karton-kapak","status":"publish","type":"product","link":"https:\/\/roveyayinevi.com.tr\/index.php\/urun\/kirmizi-guller-cabuk-solar-mevsimi-bahardir-askin-karton-kapak\/","title":{"rendered":"K\u0131rm\u0131z\u0131 G\u00fcller \u00c7abuk Solar &#8211; Mevsimi Bahard\u0131r A\u015fk\u0131n (karton Kapak)"},"content":{"rendered":"<p>B\u00fct\u00fcn ku\u015flara selam olsun, yazd\u0131m defterime ge\u00e7en g\u00fcn bizi d\u00fc\u015f\u00fcn\u00fcrken. Ama turnalara sevda&#8230;    Ayten ve Ak\u0131n, ya\u015fad\u0131klar\u0131 talihsiz olaylar\u0131n izlerini hayatlar\u0131nda h\u00e2l\u00e2 ta\u015f\u0131maktad\u0131r. A\u011f\u0131r bir kay\u0131p iki \u00e2\u015f\u0131\u011f\u0131 y\u0131ksa da, bu kez daha sa\u011flam bir \u015fekilde ili\u015fkilerine tutunmaya, hayalini kurduklar\u0131 hayat\u0131n temellerini yeniden atmaya kararl\u0131d\u0131rlar. Ayten\u2019in par\u00e7alanan aile ba\u011flar\u0131n\u0131n ard\u0131ndan Ak\u0131n\u2019la kendi \u00e7ekirdek ailesini kurma iste\u011fi hi\u00e7 de kolay olmayacakt\u0131r. \u00d6te yandan Ak\u0131n\u2019\u0131n ge\u00e7mi\u015fi bir t\u00fcrl\u00fc yakas\u0131n\u0131 b\u0131rakmaz. Yine de onlara g\u00f6re aralar\u0131ndaki ger\u00e7ek sevgi, t\u00fcm olumsuzluklar\u0131n \u00fcstesinden gelmeye yetecektir. Peki yeni ve mutlu bir hayat\u0131 birlikte ya\u015fama hayalleri, \u00e7evrelerindeki engellere ra\u011fmen ger\u00e7e\u011fe d\u00f6n\u00fc\u015febilecek midir? Yoksa ge\u00e7mi\u015f, bir kez daha her \u015feyin \u00f6n\u00fcne mi ge\u00e7ecektir?<\/p>\n","protected":false},"excerpt":{"rendered":"<p>B\u00fct\u00fcn ku\u015flara selam olsun, yazd\u0131m defterime ge\u00e7en g\u00fcn bizi d\u00fc\u015f\u00fcn\u00fcrken. Ama turnalara sevda&#8230; Ayten ve Ak\u0131n, ya\u015fad\u0131klar\u0131 talihsiz olaylar\u0131n izlerini hayatlar\u0131nda h\u00e2l\u00e2 ta\u015f\u0131maktad\u0131r. A\u011f\u0131r bir kay\u0131p<span class=\"excerpt-hellip\"> [\u2026]<\/span><\/p>\n","protected":false},"featured_media":0,"template":"","meta":{"_monsterinsights_skip_tracking":false,"_monsterinsights_sitenote_active":false,"_monsterinsights_sitenote_note":"","_monsterinsights_sitenote_category":0},"product_brand":[],"product_cat":[12291,12711],"product_tag":[],"class_list":{"0":"post-782940","1":"product","2":"type-product","3":"status-publish","5":"product_cat-edebiyat","6":"product_cat-roman-oyku","7":"pa_cilt-ciltsiz","8":"pa_tur-kitap","9":"pa_yayinevi-artemis-yayinlari","10":"pa_yazar-ceyda-kalender","12":"first","13":"instock","14":"sale","15":"shipping-taxable","16":"purchasable","17":"product-type-simple"},"_links":{"self":[{"href":"https:\/\/roveyayinevi.com.tr\/index.php\/wp-json\/wp\/v2\/product\/782940","targetHints":{"allow":["GET"]}}],"collection":[{"href":"https:\/\/roveyayinevi.com.tr\/index.php\/wp-json\/wp\/v2\/product"}],"about":[{"href":"https:\/\/roveyayinevi.com.tr\/index.php\/wp-json\/wp\/v2\/types\/product"}],"wp:attachment":[{"href":"https:\/\/roveyayinevi.com.tr\/index.php\/wp-json\/wp\/v2\/media?parent=782940"}],"wp:term":[{"taxonomy":"product_brand","embeddable":true,"href":"https:\/\/roveyayinevi.com.tr\/index.php\/wp-json\/wp\/v2\/product_brand?post=782940"},{"taxonomy":"product_cat","embeddable":true,"href":"https:\/\/roveyayinevi.com.tr\/index.php\/wp-json\/wp\/v2\/product_cat?post=782940"},{"taxonomy":"product_tag","embeddable":true,"href":"https:\/\/roveyayinevi.com.tr\/index.php\/wp-json\/wp\/v2\/product_tag?post=782940"}],"curies":[{"name":"wp","href":"https:\/\/api.w.org\/{rel}","templated":true}]}}