{"id":782939,"date":"2026-02-23T13:07:52","date_gmt":"2026-02-23T10:07:52","guid":{"rendered":"https:\/\/roveyayinevi.com.tr\/index.php\/urun\/yakaniza-gul\/"},"modified":"2026-04-15T03:46:15","modified_gmt":"2026-04-15T00:46:15","slug":"yakaniza-gul","status":"publish","type":"product","link":"https:\/\/roveyayinevi.com.tr\/index.php\/urun\/yakaniza-gul\/","title":{"rendered":"Yakan\u0131za G\u00fcl"},"content":{"rendered":"<p>kibrit \u00e7\u00f6p\u00fc yakt\u0131m i\u00e7imde kalana duvara ismimi yazd\u0131m, iyi mi a\u011f\u0131t densin \u00f6ld\u00fc\u011f\u00fcmde yazd\u0131klar\u0131ma tohum tasla\u011f\u0131yd\u0131m, s\u00f6ylensin buz par\u00e7ac\u0131\u011f\u0131, size so\u011fuk gelenlere yana\u015fmad\u0131m hepinize, fazladan kay\u0131\u015flar\u0131 koparmad\u0131m, ask\u0131lar\u0131n\u0131z d\u00fc\u015fmedi ben iyi biriydim, belki de de\u011fildim gev\u015fetmedim aram\u0131zdaki kilitleri ben sa\u011f\u0131r oldum, yeter mi?<\/p>\n","protected":false},"excerpt":{"rendered":"<p>kibrit \u00e7\u00f6p\u00fc yakt\u0131m i\u00e7imde kalana duvara ismimi yazd\u0131m, iyi mi a\u011f\u0131t densin \u00f6ld\u00fc\u011f\u00fcmde yazd\u0131klar\u0131ma tohum tasla\u011f\u0131yd\u0131m, s\u00f6ylensin buz par\u00e7ac\u0131\u011f\u0131, size so\u011fuk gelenlere yana\u015fmad\u0131m hepinize, fazladan kay\u0131\u015flar\u0131<span class=\"excerpt-hellip\"> [\u2026]<\/span><\/p>\n","protected":false},"featured_media":0,"template":"","meta":{"_monsterinsights_skip_tracking":false,"_monsterinsights_sitenote_active":false,"_monsterinsights_sitenote_note":"","_monsterinsights_sitenote_category":0},"product_brand":[],"product_cat":[12291,12509],"product_tag":[],"class_list":{"0":"post-782939","1":"product","2":"type-product","3":"status-publish","5":"product_cat-edebiyat","6":"product_cat-siir","7":"pa_cilt-ciltsiz","8":"pa_tur-kitap","9":"pa_yayinevi-everest-yayinlari","10":"pa_yazar-huseyin-peker","12":"first","13":"instock","14":"sale","15":"shipping-taxable","16":"purchasable","17":"product-type-simple"},"_links":{"self":[{"href":"https:\/\/roveyayinevi.com.tr\/index.php\/wp-json\/wp\/v2\/product\/782939","targetHints":{"allow":["GET"]}}],"collection":[{"href":"https:\/\/roveyayinevi.com.tr\/index.php\/wp-json\/wp\/v2\/product"}],"about":[{"href":"https:\/\/roveyayinevi.com.tr\/index.php\/wp-json\/wp\/v2\/types\/product"}],"wp:attachment":[{"href":"https:\/\/roveyayinevi.com.tr\/index.php\/wp-json\/wp\/v2\/media?parent=782939"}],"wp:term":[{"taxonomy":"product_brand","embeddable":true,"href":"https:\/\/roveyayinevi.com.tr\/index.php\/wp-json\/wp\/v2\/product_brand?post=782939"},{"taxonomy":"product_cat","embeddable":true,"href":"https:\/\/roveyayinevi.com.tr\/index.php\/wp-json\/wp\/v2\/product_cat?post=782939"},{"taxonomy":"product_tag","embeddable":true,"href":"https:\/\/roveyayinevi.com.tr\/index.php\/wp-json\/wp\/v2\/product_tag?post=782939"}],"curies":[{"name":"wp","href":"https:\/\/api.w.org\/{rel}","templated":true}]}}