{"id":782937,"date":"2026-02-23T13:07:46","date_gmt":"2026-02-23T10:07:46","guid":{"rendered":"https:\/\/roveyayinevi.com.tr\/index.php\/urun\/izdusum-2\/"},"modified":"2026-04-15T03:46:15","modified_gmt":"2026-04-15T00:46:15","slug":"izdusum-2","status":"publish","type":"product","link":"https:\/\/roveyayinevi.com.tr\/index.php\/urun\/izdusum-2\/","title":{"rendered":"\u0130zd\u00fc\u015f\u00fcm"},"content":{"rendered":"<p>Senin ne g\u00fczel g\u00fcvercinlerin oluyor ak g\u00fcllerle\u0130ki dudakta tek olman\u0131nBunlar \u00e7okgen g\u00fcller nas\u0131l b\u00f6yleAc\u0131lar\u0131m\u0131z\u0131n yal\u0131n yoksullu\u011fu Ne g\u00fczel sa\u00e7lar\u0131n iyi ya\u015famalara \u00f6rnekS\u00fcet ok\u015famalarla b\u00fcy\u00fcyorsunKa\u00e7 pazar ka\u00e7 per\u015fembeVar\u0131p anl\u0131yorum yak\u0131nl\u0131yor Elinde bir kesin tutkuyla sorumsuzsun\u00c7o\u011falsa heykeller ellerimize inatSen yaln\u0131zl\u0131klar\u0131n y\u00fcce krali\u00e7esiydinHer gece k\u0131sa \u00f6zet \u00d6n\u00fcnde \u015fapkam\u0131 \u00e7\u0131kar\u0131yorumSenin ne g\u00fczel g\u00fcvercinlerin oluyorAk \u00f6p\u00fclmelerleHi\u00e7 bilinmedik yerlerinden \u00f6zg\u00fcr b\u00f6yle<\/p>\n","protected":false},"excerpt":{"rendered":"<p>Senin ne g\u00fczel g\u00fcvercinlerin oluyor ak g\u00fcllerle\u0130ki dudakta tek olman\u0131nBunlar \u00e7okgen g\u00fcller nas\u0131l b\u00f6yleAc\u0131lar\u0131m\u0131z\u0131n yal\u0131n yoksullu\u011fu Ne g\u00fczel sa\u00e7lar\u0131n iyi ya\u015famalara \u00f6rnekS\u00fcet ok\u015famalarla b\u00fcy\u00fcyorsunKa\u00e7 pazar ka\u00e7<span class=\"excerpt-hellip\"> [\u2026]<\/span><\/p>\n","protected":false},"featured_media":0,"template":"","meta":{"_monsterinsights_skip_tracking":false,"_monsterinsights_sitenote_active":false,"_monsterinsights_sitenote_note":"","_monsterinsights_sitenote_category":0},"product_brand":[],"product_cat":[12291,12509],"product_tag":[],"class_list":{"0":"post-782937","1":"product","2":"type-product","3":"status-publish","5":"product_cat-edebiyat","6":"product_cat-siir","7":"pa_cilt-ciltsiz","8":"pa_tur-kitap","9":"pa_yayinevi-soncag","10":"pa_yazar-guran-tatlioglu","12":"first","13":"instock","14":"sale","15":"shipping-taxable","16":"purchasable","17":"product-type-simple"},"_links":{"self":[{"href":"https:\/\/roveyayinevi.com.tr\/index.php\/wp-json\/wp\/v2\/product\/782937","targetHints":{"allow":["GET"]}}],"collection":[{"href":"https:\/\/roveyayinevi.com.tr\/index.php\/wp-json\/wp\/v2\/product"}],"about":[{"href":"https:\/\/roveyayinevi.com.tr\/index.php\/wp-json\/wp\/v2\/types\/product"}],"wp:attachment":[{"href":"https:\/\/roveyayinevi.com.tr\/index.php\/wp-json\/wp\/v2\/media?parent=782937"}],"wp:term":[{"taxonomy":"product_brand","embeddable":true,"href":"https:\/\/roveyayinevi.com.tr\/index.php\/wp-json\/wp\/v2\/product_brand?post=782937"},{"taxonomy":"product_cat","embeddable":true,"href":"https:\/\/roveyayinevi.com.tr\/index.php\/wp-json\/wp\/v2\/product_cat?post=782937"},{"taxonomy":"product_tag","embeddable":true,"href":"https:\/\/roveyayinevi.com.tr\/index.php\/wp-json\/wp\/v2\/product_tag?post=782937"}],"curies":[{"name":"wp","href":"https:\/\/api.w.org\/{rel}","templated":true}]}}