{"id":782936,"date":"2026-02-23T13:07:42","date_gmt":"2026-02-23T10:07:42","guid":{"rendered":"https:\/\/roveyayinevi.com.tr\/index.php\/urun\/alfalar-xlere-karsi\/"},"modified":"2026-04-15T03:46:15","modified_gmt":"2026-04-15T00:46:15","slug":"alfalar-xlere-karsi","status":"publish","type":"product","link":"https:\/\/roveyayinevi.com.tr\/index.php\/urun\/alfalar-xlere-karsi\/","title":{"rendered":"Alfalar X&#8217;lere Kar\u015f\u0131"},"content":{"rendered":"<p>Teknoloji merakl\u0131s\u0131 Alfa ku\u015fa\u011f\u0131, gelenek\u00e7i X ku\u015fa\u011f\u0131yla kar\u015f\u0131 kar\u015f\u0131ya&#8230;\u00d6d\u00fcll\u00fc yazar Gamze Pat\u2019\u0131n kaleme ald\u0131\u011f\u0131 Alfalar X\u2019lere Kar\u015f\u0131, aralar\u0131nda b\u00fcy\u00fck bir u\u00e7urum oldu\u011fu d\u00fc\u015f\u00fcn\u00fclen iki farkl\u0131 nesli orman\u0131n ortas\u0131nda bulu\u015fturan, doludizgin bir macera.Ku\u015fak \u00e7at\u0131\u015fmas\u0131na mizah\u0131n diliyle yakla\u015fan roman, sevgi, anlay\u0131\u015f ve dayan\u0131\u015fma yoluyla g\u00fcn\u00fcm\u00fcz \u00e7ocuklar\u0131n\u0131n aile ba\u011flar\u0131n\u0131 g\u00fc\u00e7lendirecek e\u011flenceli bir kamp hik\u00e2yesi anlat\u0131yor.Farkl\u0131 ku\u015faklar\u0131n birbirinden neler \u00f6\u011frenebilece\u011fine dikkat \u00e7eken kitap, okurlar\u0131 kendi hayat yolculuklar\u0131nda yepyeni deneyimlere ad\u0131m atmaya y\u00fcreklendiriyor.Yaz kap\u0131dad\u0131r. Can ve s\u0131n\u0131f arkada\u015flar\u0131n\u0131n hayalinde; tabletle, telefonla, oyun konsoluyla ve s\u0131n\u0131rs\u0131z at\u0131\u015ft\u0131rmal\u0131kla ge\u00e7irecekleri keyifli bir tatil uzanmaktad\u0131r. Ancak okul y\u00f6netiminin hi\u00e7 beklenmedik bir s\u00fcrpriziyle ba\u015f ba\u015fa kal\u0131rlar: Teknolojiden uzak bir do\u011fa kamp\u0131! Aile b\u00fcy\u00fcklerinin torunlar\u0131yla ortak payla\u015f\u0131m\u0131n\u0131 art\u0131rmalar\u0131 i\u00e7in planlanan bu \u201cKu\u015faklar Kamp\u0131\u201d, yarat\u0131c\u0131l\u0131\u011f\u0131 geli\u015ftirmeyi, bedenleri g\u00fc\u00e7lendirmeyi ve ruhlar\u0131 dinlendirmeyi ama\u00e7lasa da nihayetinde ku\u015faklar aras\u0131 rekabet ka\u00e7\u0131n\u0131lmaz olacakt\u0131r. Sald\u0131rgan uzay ara\u00e7lar\u0131, jelibon yiyen rakunlar, ay \u0131\u015f\u0131\u011f\u0131nda yoga yapanlar&#8230; S\u0131k\u0131 durun, \u015fenlik ba\u015fl\u0131yor!Birbirine z\u0131t iki ku\u015fa\u011f\u0131n do\u011fa ile komik m\u00fccadelesini sayfalar\u0131na ta\u015f\u0131yan roman, sevginin g\u00fcc\u00fcyle ku\u015faklar aras\u0131nda sa\u011flam k\u00f6pr\u00fcler kuruyor.<\/p>\n","protected":false},"excerpt":{"rendered":"<p>Teknoloji merakl\u0131s\u0131 Alfa ku\u015fa\u011f\u0131, gelenek\u00e7i X ku\u015fa\u011f\u0131yla kar\u015f\u0131 kar\u015f\u0131ya&#8230;\u00d6d\u00fcll\u00fc yazar Gamze Pat\u2019\u0131n kaleme ald\u0131\u011f\u0131 Alfalar X\u2019lere Kar\u015f\u0131, aralar\u0131nda b\u00fcy\u00fck bir u\u00e7urum oldu\u011fu d\u00fc\u015f\u00fcn\u00fclen iki farkl\u0131 nesli<span class=\"excerpt-hellip\"> [\u2026]<\/span><\/p>\n","protected":false},"featured_media":0,"template":"","meta":{"_monsterinsights_skip_tracking":false,"_monsterinsights_sitenote_active":false,"_monsterinsights_sitenote_note":"","_monsterinsights_sitenote_category":0},"product_brand":[],"product_cat":[12274,12284],"product_tag":[],"class_list":{"0":"post-782936","1":"product","2":"type-product","3":"status-publish","5":"product_cat-cocuk-ve-genclik-kitaplari","6":"product_cat-hikayeler","7":"pa_cilt-ciltsiz","8":"pa_tur-kitap","9":"pa_yayinevi-tudem-yayinlari","10":"pa_yazar-gamze-pat","12":"first","13":"instock","14":"sale","15":"shipping-taxable","16":"purchasable","17":"product-type-simple"},"_links":{"self":[{"href":"https:\/\/roveyayinevi.com.tr\/index.php\/wp-json\/wp\/v2\/product\/782936","targetHints":{"allow":["GET"]}}],"collection":[{"href":"https:\/\/roveyayinevi.com.tr\/index.php\/wp-json\/wp\/v2\/product"}],"about":[{"href":"https:\/\/roveyayinevi.com.tr\/index.php\/wp-json\/wp\/v2\/types\/product"}],"wp:attachment":[{"href":"https:\/\/roveyayinevi.com.tr\/index.php\/wp-json\/wp\/v2\/media?parent=782936"}],"wp:term":[{"taxonomy":"product_brand","embeddable":true,"href":"https:\/\/roveyayinevi.com.tr\/index.php\/wp-json\/wp\/v2\/product_brand?post=782936"},{"taxonomy":"product_cat","embeddable":true,"href":"https:\/\/roveyayinevi.com.tr\/index.php\/wp-json\/wp\/v2\/product_cat?post=782936"},{"taxonomy":"product_tag","embeddable":true,"href":"https:\/\/roveyayinevi.com.tr\/index.php\/wp-json\/wp\/v2\/product_tag?post=782936"}],"curies":[{"name":"wp","href":"https:\/\/api.w.org\/{rel}","templated":true}]}}