{"id":782934,"date":"2026-02-23T13:07:34","date_gmt":"2026-02-23T10:07:34","guid":{"rendered":"https:\/\/roveyayinevi.com.tr\/index.php\/urun\/yikim-topu\/"},"modified":"2026-04-15T03:46:15","modified_gmt":"2026-04-15T00:46:15","slug":"yikim-topu","status":"publish","type":"product","link":"https:\/\/roveyayinevi.com.tr\/index.php\/urun\/yikim-topu\/","title":{"rendered":"Y\u0131k\u0131m Topu"},"content":{"rendered":"<p>G\u00dcMMMMM!Bu sesle yer salland\u0131. Y\u00fcksek bir bina, yere y\u0131\u011f\u0131ld\u0131. Her yer toz oldu. Bunlar\u0131n sebebi, tek bir \u015fey olabilirdi.YIKIM TOPU!Bu sesi duyan herkes irkilirdi. \u00c7\u00fcnk\u00fc bu ses, Y\u0131k\u0131m Topu\u2019na aitti.Y\u0131k\u0131m Topu\u2019nun g\u00f6revi belliydi: Eski ve tehlikeli binalar\u0131 y\u0131kmak. Herkes onu alk\u0131\u015flar, \u00e7ocuklar pe\u015finden ko\u015fard\u0131. Ta ki bir g\u00fcn, y\u0131kt\u0131\u011f\u0131 evlerin asl\u0131nda hat\u0131ralarla dolu oldu\u011funu fark edene kadar\u2026Peki, y\u0131kmak i\u00e7in yap\u0131lm\u0131\u015f kocaman bir ara\u00e7, mutlu etmeyi se\u00e7erse ne olurdu? Belki de mesele g\u00fc\u00e7l\u00fc olmak de\u011fil, g\u00fcc\u00fc nas\u0131l kulland\u0131\u011f\u0131nd\u0131r.Bu s\u0131cac\u0131k ve d\u00fc\u015f\u00fcnd\u00fcr\u00fcc\u00fc \u00f6yk\u00fc; \u00e7ocuklara empatiyi, kendini tan\u0131may\u0131 ve \u201cba\u015fka t\u00fcrl\u00fc\u201d olabilmenin m\u00fcmk\u00fcn oldu\u011funu anlat\u0131yor.Kim bilir\u2026 Bazen bir y\u0131k\u0131m topu bile dev bir sal\u0131nca\u011fa d\u00f6n\u00fc\u015febilir.<\/p>\n","protected":false},"excerpt":{"rendered":"<p>G\u00dcMMMMM!Bu sesle yer salland\u0131. Y\u00fcksek bir bina, yere y\u0131\u011f\u0131ld\u0131. Her yer toz oldu. Bunlar\u0131n sebebi, tek bir \u015fey olabilirdi.YIKIM TOPU!Bu sesi duyan herkes irkilirdi. \u00c7\u00fcnk\u00fc bu<span class=\"excerpt-hellip\"> [\u2026]<\/span><\/p>\n","protected":false},"featured_media":0,"template":"","meta":{"_monsterinsights_skip_tracking":false,"_monsterinsights_sitenote_active":false,"_monsterinsights_sitenote_note":"","_monsterinsights_sitenote_category":0},"product_brand":[],"product_cat":[12274,15842],"product_tag":[],"class_list":{"0":"post-782934","1":"product","2":"type-product","3":"status-publish","5":"product_cat-cocuk-ve-genclik-kitaplari","6":"product_cat-egitici-kitaplar","7":"pa_cilt-ciltsiz","8":"pa_tur-kitap","9":"pa_yayinevi-luna-cocuk-yayinlari","10":"pa_yazar-hare-eminoglu-demir","12":"first","13":"instock","14":"sale","15":"shipping-taxable","16":"purchasable","17":"product-type-simple"},"_links":{"self":[{"href":"https:\/\/roveyayinevi.com.tr\/index.php\/wp-json\/wp\/v2\/product\/782934","targetHints":{"allow":["GET"]}}],"collection":[{"href":"https:\/\/roveyayinevi.com.tr\/index.php\/wp-json\/wp\/v2\/product"}],"about":[{"href":"https:\/\/roveyayinevi.com.tr\/index.php\/wp-json\/wp\/v2\/types\/product"}],"wp:attachment":[{"href":"https:\/\/roveyayinevi.com.tr\/index.php\/wp-json\/wp\/v2\/media?parent=782934"}],"wp:term":[{"taxonomy":"product_brand","embeddable":true,"href":"https:\/\/roveyayinevi.com.tr\/index.php\/wp-json\/wp\/v2\/product_brand?post=782934"},{"taxonomy":"product_cat","embeddable":true,"href":"https:\/\/roveyayinevi.com.tr\/index.php\/wp-json\/wp\/v2\/product_cat?post=782934"},{"taxonomy":"product_tag","embeddable":true,"href":"https:\/\/roveyayinevi.com.tr\/index.php\/wp-json\/wp\/v2\/product_tag?post=782934"}],"curies":[{"name":"wp","href":"https:\/\/api.w.org\/{rel}","templated":true}]}}