{"id":782933,"date":"2026-02-23T13:07:31","date_gmt":"2026-02-23T10:07:31","guid":{"rendered":"https:\/\/roveyayinevi.com.tr\/index.php\/urun\/evrenin-hammaddesi-dunyamizi-degistiren-on-iki-deney\/"},"modified":"2026-04-15T03:46:15","modified_gmt":"2026-04-15T00:46:15","slug":"evrenin-hammaddesi-dunyamizi-degistiren-on-iki-deney","status":"publish","type":"product","link":"https:\/\/roveyayinevi.com.tr\/index.php\/urun\/evrenin-hammaddesi-dunyamizi-degistiren-on-iki-deney\/","title":{"rendered":"Evrenin Hammaddesi \u2013 D\u00fcnyam\u0131z\u0131 De\u011fi\u015ftiren On \u0130ki Deney"},"content":{"rendered":"<p>Fizik, genellikle fildi\u015fi kulelere hapsedilmi\u015f, hayat\u0131n ak\u0131\u015f\u0131ndan kopuk, so\u011fuk bir denklem y\u0131\u011f\u0131n\u0131 zannedilir. Oysa bu, yaln\u0131zca bir yan\u0131lsamad\u0131r.Fizik, laboratuvar duvarlar\u0131n\u0131 a\u015f\u0131p aram\u0131za sonradan kar\u0131\u015fan bir misafir de\u011fil; en ba\u015f\u0131ndan beri ya\u015fam\u0131n dokusunu \u00f6ren o g\u00f6r\u00fcnmez ipliktir. Bilim tarihi genellikle d\u00fcnyay\u0131 de\u011fi\u015ftiren teorilerin g\u00f6rkemli hik\u00e2yesini yazar ancak o teorileri kan\u0131tlamak i\u00e7in cam \u00fcfleyenleri, da\u011flar\u0131n zirvesine t\u0131rmananlar\u0131 veya yerin kilometrelerce alt\u0131na inenleri dipnotlara hapseder. Oysa ger\u00e7eklik, soyut d\u00fc\u015f\u00fcncenin somut maddeyle, insan merak\u0131n\u0131n g\u00fcndelik ya\u015famla i\u00e7 i\u00e7e ge\u00e7ti\u011fi o tozlu tezg\u00e2hlarda in\u015fa edilmi\u015ftir.Par\u00e7ac\u0131k fizik\u00e7isi Dr. Suzie Sheehy, Evrenin Hammaddesi\u2019nde fizi\u011fin hayattan kopuk oldu\u011fu mitini yerle bir ederek ke\u015ffin mutfa\u011f\u0131na giriyor. R\u00f6ntgen\u2019in karanl\u0131k odas\u0131ndaki tesad\u00fcften, B\u00fcy\u00fck Hadron \u00c7arp\u0131\u015ft\u0131r\u0131c\u0131s\u0131\u2019n\u0131n devasa m\u00fchendisli\u011fine uzanan bu eser, 20. y\u00fczy\u0131l\u0131 \u015fekillendiren on iki kritik deneyi merkeze al\u0131yor.Evrenin Hammaddesi; fizi\u011fin uzak ve eri\u015filmez bir zirve de\u011fil, d\u00fcnyam\u0131z\u0131 in\u015fa eden harc\u0131n ta kendisi oldu\u011funu hat\u0131rlamak isteyenler i\u00e7in, teori ile prati\u011fin kusursuz bir senteziyle kaleme al\u0131nm\u0131\u015f, i\u015fin mutfa\u011f\u0131ndan gelen bir ba\u015fyap\u0131t.<\/p>\n","protected":false},"excerpt":{"rendered":"<p>Fizik, genellikle fildi\u015fi kulelere hapsedilmi\u015f, hayat\u0131n ak\u0131\u015f\u0131ndan kopuk, so\u011fuk bir denklem y\u0131\u011f\u0131n\u0131 zannedilir. Oysa bu, yaln\u0131zca bir yan\u0131lsamad\u0131r.Fizik, laboratuvar duvarlar\u0131n\u0131 a\u015f\u0131p aram\u0131za sonradan kar\u0131\u015fan bir misafir<span class=\"excerpt-hellip\"> [\u2026]<\/span><\/p>\n","protected":false},"featured_media":0,"template":"","meta":{"_monsterinsights_skip_tracking":false,"_monsterinsights_sitenote_active":false,"_monsterinsights_sitenote_note":"","_monsterinsights_sitenote_category":0},"product_brand":[],"product_cat":[43754,13005],"product_tag":[],"class_list":{"0":"post-782933","1":"product","2":"type-product","3":"status-publish","5":"product_cat-astronomi","6":"product_cat-bilim-muhendislik","7":"pa_cilt-ciltsiz","8":"pa_tur-kitap","9":"pa_yayinevi-minotor-kitap","10":"pa_yazar-suzie-sheehy","12":"first","13":"instock","14":"sale","15":"shipping-taxable","16":"purchasable","17":"product-type-simple"},"_links":{"self":[{"href":"https:\/\/roveyayinevi.com.tr\/index.php\/wp-json\/wp\/v2\/product\/782933","targetHints":{"allow":["GET"]}}],"collection":[{"href":"https:\/\/roveyayinevi.com.tr\/index.php\/wp-json\/wp\/v2\/product"}],"about":[{"href":"https:\/\/roveyayinevi.com.tr\/index.php\/wp-json\/wp\/v2\/types\/product"}],"wp:attachment":[{"href":"https:\/\/roveyayinevi.com.tr\/index.php\/wp-json\/wp\/v2\/media?parent=782933"}],"wp:term":[{"taxonomy":"product_brand","embeddable":true,"href":"https:\/\/roveyayinevi.com.tr\/index.php\/wp-json\/wp\/v2\/product_brand?post=782933"},{"taxonomy":"product_cat","embeddable":true,"href":"https:\/\/roveyayinevi.com.tr\/index.php\/wp-json\/wp\/v2\/product_cat?post=782933"},{"taxonomy":"product_tag","embeddable":true,"href":"https:\/\/roveyayinevi.com.tr\/index.php\/wp-json\/wp\/v2\/product_tag?post=782933"}],"curies":[{"name":"wp","href":"https:\/\/api.w.org\/{rel}","templated":true}]}}