{"id":782931,"date":"2026-02-23T13:07:23","date_gmt":"2026-02-23T10:07:23","guid":{"rendered":"https:\/\/roveyayinevi.com.tr\/index.php\/urun\/albert-einstein-dunyayi-degistiren-biliminsanlari\/"},"modified":"2026-04-15T03:46:15","modified_gmt":"2026-04-15T00:46:15","slug":"albert-einstein-dunyayi-degistiren-biliminsanlari","status":"publish","type":"product","link":"https:\/\/roveyayinevi.com.tr\/index.php\/urun\/albert-einstein-dunyayi-degistiren-biliminsanlari\/","title":{"rendered":"Albert Einstein D\u00fcnyay\u0131 De\u011fi\u015ftiren Biliminsanlar\u0131"},"content":{"rendered":"<p>Albert Einstein, merak duygusunu ve hayal g\u00fcc\u00fcn\u00fc hi\u00e7 kaybetmeden, hayat\u0131 boyunca bu sorunun pe\u015finden gitti. Bu s\u0131rada kar\u015f\u0131la\u015ft\u0131\u011f\u0131 zor problemleri basitle\u015ftirip ad\u0131m ad\u0131m \u00e7\u00f6zerek d\u00fcnyaya farkl\u0131 bir g\u00f6zle bakmam\u0131z\u0131 sa\u011flad\u0131.G\u00f6k\u00e7e Akg\u00fcl\u2019\u00fcn yaz\u0131p resimledi\u011fi bu \u00e7izgi roman da Einstein\u2019\u0131n izinden gidiyor. Onun hayat\u0131n\u0131 ve bilime katt\u0131klar\u0131n\u0131; karma\u015faya bo\u011fmadan, e\u011flenceli ve anla\u015f\u0131l\u0131r bir dille anlat\u0131yor.<\/p>\n","protected":false},"excerpt":{"rendered":"<p>Albert Einstein, merak duygusunu ve hayal g\u00fcc\u00fcn\u00fc hi\u00e7 kaybetmeden, hayat\u0131 boyunca bu sorunun pe\u015finden gitti. Bu s\u0131rada kar\u015f\u0131la\u015ft\u0131\u011f\u0131 zor problemleri basitle\u015ftirip ad\u0131m ad\u0131m \u00e7\u00f6zerek d\u00fcnyaya farkl\u0131<span class=\"excerpt-hellip\"> [\u2026]<\/span><\/p>\n","protected":false},"featured_media":0,"template":"","meta":{"_monsterinsights_skip_tracking":false,"_monsterinsights_sitenote_active":false,"_monsterinsights_sitenote_note":"","_monsterinsights_sitenote_category":0},"product_brand":[],"product_cat":[13829,12274],"product_tag":[],"class_list":{"0":"post-782931","1":"product","2":"type-product","3":"status-publish","5":"product_cat-bilimsel-kitaplar","6":"product_cat-cocuk-ve-genclik-kitaplari","7":"pa_cilt-ciltsiz","8":"pa_tur-kitap","9":"pa_yayinevi-ithaki-yayinlari","10":"pa_yazar-gokce-akgul","12":"first","13":"instock","14":"sale","15":"shipping-taxable","16":"purchasable","17":"product-type-simple"},"_links":{"self":[{"href":"https:\/\/roveyayinevi.com.tr\/index.php\/wp-json\/wp\/v2\/product\/782931","targetHints":{"allow":["GET"]}}],"collection":[{"href":"https:\/\/roveyayinevi.com.tr\/index.php\/wp-json\/wp\/v2\/product"}],"about":[{"href":"https:\/\/roveyayinevi.com.tr\/index.php\/wp-json\/wp\/v2\/types\/product"}],"wp:attachment":[{"href":"https:\/\/roveyayinevi.com.tr\/index.php\/wp-json\/wp\/v2\/media?parent=782931"}],"wp:term":[{"taxonomy":"product_brand","embeddable":true,"href":"https:\/\/roveyayinevi.com.tr\/index.php\/wp-json\/wp\/v2\/product_brand?post=782931"},{"taxonomy":"product_cat","embeddable":true,"href":"https:\/\/roveyayinevi.com.tr\/index.php\/wp-json\/wp\/v2\/product_cat?post=782931"},{"taxonomy":"product_tag","embeddable":true,"href":"https:\/\/roveyayinevi.com.tr\/index.php\/wp-json\/wp\/v2\/product_tag?post=782931"}],"curies":[{"name":"wp","href":"https:\/\/api.w.org\/{rel}","templated":true}]}}