{"id":782930,"date":"2026-02-23T13:07:19","date_gmt":"2026-02-23T10:07:19","guid":{"rendered":"https:\/\/roveyayinevi.com.tr\/index.php\/urun\/vulcanin-cekici\/"},"modified":"2026-04-15T03:46:15","modified_gmt":"2026-04-15T00:46:15","slug":"vulcanin-cekici","status":"publish","type":"product","link":"https:\/\/roveyayinevi.com.tr\/index.php\/urun\/vulcanin-cekici\/","title":{"rendered":"Vulcan\u2019\u0131n \u00c7ekici"},"content":{"rendered":"<p>Ger\u00e7eklik ile yan\u0131lsama aras\u0131ndaki \u00e7izgiyi s\u00fcrekli sorgulayan, bilimkurgunun en \u00f6nde gelen isimlerinden Philip K. Dick, So\u011fuk Sava\u015f\u2019\u0131n ve toplumsal krizlerin g\u00f6lgesinde insan do\u011fas\u0131n\u0131 mercek alt\u0131na ald\u0131. Bir\u00e7ok roman\u0131 kendisini \u00e7a\u011f\u0131n\u0131n \u00f6tesine ta\u015f\u0131yan sorularla doluydu. En \u00fcnl\u00fc romanlar\u0131ndan Y\u00fcksek \u015eatodaki Adam, alternatif bir tarihte Nazilerin sava\u015f\u0131 kazand\u0131\u011f\u0131 bir d\u00fcnyay\u0131 resmederken, k\u00fclt eseri Androidler Elektrikli Koyun D\u00fc\u015fler mi? insan olman\u0131n \u00f6z\u00fcn\u00fc sorgulayan karanl\u0131k bir gelecek tasvir ediyordu. Dick\u2019in b\u00fct\u00fcn eserlerinde ortak bir tema vard\u0131: ger\u00e7ekli\u011fin k\u0131r\u0131lganl\u0131\u011f\u0131, otoritelerin manip\u00fclasyonu ve bireyin kimli\u011fini koruma m\u00fccadelesi.\u0130nsanl\u0131k, d\u00fcnyay\u0131 y\u0131k\u0131m\u0131n e\u015fi\u011fine getiren b\u00fcy\u00fck sava\u015f\u0131n ard\u0131ndan radikal bir kararla kaderini hiperrasyonel bir s\u00fcper bilgisayara, Vulcan 3\u2019e devreder. D\u00fczeni korumak i\u00e7in kurulan \u201cBirlik\u201d, bu metalik zihnin so\u011fuk \u00e7\u0131kt\u0131lar\u0131n\u0131 sars\u0131lmaz yasalar olarak dayat\u0131r. Kaos sona erer, istikrar sa\u011flan\u0131r. Ancak istikrar\u0131n bedeli a\u011f\u0131r olur. \u00c7\u00fcnk\u00fc insanlar, \u00e7ok ge\u00e7meden kendi elleriyle \u00f6rd\u00fc\u011f\u00fc \u00e7elikten bir kafese t\u0131k\u0131ld\u0131\u011f\u0131n\u0131 anlar. Kendilerine \u201c\u015eifac\u0131lar\u201d diyen gizli bir direni\u015f hareketi, bu teknolojik esarete son vermek i\u00e7in Vulcan 3\u2019\u00fc ortadan kald\u0131rmaya kararl\u0131d\u0131r. Vulcan 3 ise t\u00fcm kaynaklar\u0131n\u0131 amans\u0131z birer silaha d\u00f6n\u00fc\u015ft\u00fcrmekte gecikmez. \u015eimdi insanl\u0131\u011f\u0131 kendi kurtar\u0131c\u0131s\u0131ndan kim kurtaracakt\u0131r?\u00c7eki\u00e7 kafal\u0131 robotlar\u0131n ter\u00f6r estirdi\u011fi bu paranoya atmosferinde, vicdan\u0131 ile sadakati aras\u0131nda s\u0131k\u0131\u015fan William Barris i\u00e7in art\u0131k taraf se\u00e7mek ka\u00e7\u0131n\u0131lmazd\u0131r. Vulcan\u2019\u0131n \u00e7ekici inmek \u00fczeredir, peki ama kimin \u00fcst\u00fcne?\u201cPhilip K. Dick, paranoyay\u0131 sanata d\u00f6n\u00fc\u015ft\u00fcren bir usta. Vulcan\u2019\u0131n \u00c7ekici ise sistemin kendi yaratt\u0131\u011f\u0131 \u2018tanr\u0131lar\u2019 taraf\u0131ndan nas\u0131l yutulabilece\u011fine dair rahats\u0131z edici ve son derece isabetli bir kehanet.\u201d \u2013The New York Times<\/p>\n","protected":false},"excerpt":{"rendered":"<p>Ger\u00e7eklik ile yan\u0131lsama aras\u0131ndaki \u00e7izgiyi s\u00fcrekli sorgulayan, bilimkurgunun en \u00f6nde gelen isimlerinden Philip K. Dick, So\u011fuk Sava\u015f\u2019\u0131n ve toplumsal krizlerin g\u00f6lgesinde insan do\u011fas\u0131n\u0131 mercek alt\u0131na ald\u0131.<span class=\"excerpt-hellip\"> [\u2026]<\/span><\/p>\n","protected":false},"featured_media":0,"template":"","meta":{"_monsterinsights_skip_tracking":false,"_monsterinsights_sitenote_active":false,"_monsterinsights_sitenote_note":"","_monsterinsights_sitenote_category":0},"product_brand":[],"product_cat":[12540,12291],"product_tag":[],"class_list":{"0":"post-782930","1":"product","2":"type-product","3":"status-publish","5":"product_cat-bilim-kurgu","6":"product_cat-edebiyat","7":"pa_cilt-ciltsiz","8":"pa_tur-kitap","9":"pa_yayinevi-ithaki-yayinlari","10":"pa_yazar-philip-k-dick","12":"first","13":"instock","14":"sale","15":"shipping-taxable","16":"purchasable","17":"product-type-simple"},"_links":{"self":[{"href":"https:\/\/roveyayinevi.com.tr\/index.php\/wp-json\/wp\/v2\/product\/782930","targetHints":{"allow":["GET"]}}],"collection":[{"href":"https:\/\/roveyayinevi.com.tr\/index.php\/wp-json\/wp\/v2\/product"}],"about":[{"href":"https:\/\/roveyayinevi.com.tr\/index.php\/wp-json\/wp\/v2\/types\/product"}],"wp:attachment":[{"href":"https:\/\/roveyayinevi.com.tr\/index.php\/wp-json\/wp\/v2\/media?parent=782930"}],"wp:term":[{"taxonomy":"product_brand","embeddable":true,"href":"https:\/\/roveyayinevi.com.tr\/index.php\/wp-json\/wp\/v2\/product_brand?post=782930"},{"taxonomy":"product_cat","embeddable":true,"href":"https:\/\/roveyayinevi.com.tr\/index.php\/wp-json\/wp\/v2\/product_cat?post=782930"},{"taxonomy":"product_tag","embeddable":true,"href":"https:\/\/roveyayinevi.com.tr\/index.php\/wp-json\/wp\/v2\/product_tag?post=782930"}],"curies":[{"name":"wp","href":"https:\/\/api.w.org\/{rel}","templated":true}]}}