{"id":782929,"date":"2026-02-23T13:07:14","date_gmt":"2026-02-23T10:07:14","guid":{"rendered":"https:\/\/roveyayinevi.com.tr\/index.php\/urun\/her-sey-yolunda-2\/"},"modified":"2026-04-15T03:46:15","modified_gmt":"2026-04-15T00:46:15","slug":"her-sey-yolunda-2","status":"publish","type":"product","link":"https:\/\/roveyayinevi.com.tr\/index.php\/urun\/her-sey-yolunda-2\/","title":{"rendered":"Her \u015eey Yolunda"},"content":{"rendered":"<p>Miranda Fitch\u2019in hayat\u0131, bir zamanlar parlak bir tiyatro oyuncusuyken ge\u00e7irdi\u011fi kaza sonras\u0131 k\u00e2busa d\u00f6nm\u00fc\u015ft\u00fc. \u00dcniversitenin pek de \u00f6nemsemedi\u011fi Tiyatro \u00c7al\u0131\u015fmalar\u0131 program\u0131ndaki i\u015fini de kaybetmek \u00fczereydi. Kendisinden nefret eden \u00f6\u011frencilerine ders vermeye \u00e7al\u0131\u015f\u0131rken kronik kal\u00e7a a\u011fr\u0131lar\u0131yla bo\u011fu\u015fuyordu ve kimse onun ac\u0131s\u0131na inanm\u0131yordu. Miranda i\u00e7in her g\u00fcn, bitmek bilmeyen bir fiziksel ve ruhsal i\u015fkenceydi.Ancak Miranda, \u00fcniversitenin ve \u00f6\u011frencilerin beklentilerine s\u0131rt \u00e7evirerek kimsenin istemedi\u011fi bir oyunda diretti: Shakespeare\u2019in tart\u0131\u015fmal\u0131 oyunu Her \u015eey Yolunda. Bir zamanlar ona her \u015feyi veren ama sonra her \u015feyini elinden alan oyun. \u00d6\u011frencileri isyan ederken, meslekta\u015flar\u0131 arkas\u0131ndan i\u015f \u00e7evirirken ve a\u011fr\u0131s\u0131 onu delili\u011fin e\u015fi\u011fine getirirken Miranda, barda \u00fc\u00e7 gizemli adamla tan\u0131\u015ft\u0131. Bu yabanc\u0131lar ona imk\u00e2ns\u0131z vaatlerde bulunmu\u015ftu: Ac\u0131dan ar\u0131nm\u0131\u015f bir beden ve eskisi gibi parlad\u0131\u011f\u0131 bir sahne. Ve kar\u015f\u0131l\u0131\u011f\u0131nda Miranda\u2019dan istedikleri tek \u015fey \u015fuydu: G\u00fczel bir oyun izlemek.Miranda bir gecede mucizevi \u015fekilde iyile\u015firken, etraf\u0131ndaki d\u00fcnya yava\u015f yava\u015f tekinsiz bir karnavala d\u00f6n\u00fc\u015fmeye ba\u015flayacakt\u0131. Mona Awad\u2019dan kad\u0131n bedeni, g\u00f6r\u00fcnmez ac\u0131lar ve h\u0131rs\u0131n s\u0131n\u0131rlar\u0131 \u00fczerine yaz\u0131lm\u0131\u015f Shakespearevari bir k\u00e2bus. Perde a\u00e7\u0131l\u0131yor ve bu sefer kimse koltu\u011funda g\u00fcvende de\u011fil.<\/p>\n","protected":false},"excerpt":{"rendered":"<p>Miranda Fitch\u2019in hayat\u0131, bir zamanlar parlak bir tiyatro oyuncusuyken ge\u00e7irdi\u011fi kaza sonras\u0131 k\u00e2busa d\u00f6nm\u00fc\u015ft\u00fc. \u00dcniversitenin pek de \u00f6nemsemedi\u011fi Tiyatro \u00c7al\u0131\u015fmalar\u0131 program\u0131ndaki i\u015fini de kaybetmek \u00fczereydi. Kendisinden<span class=\"excerpt-hellip\"> [\u2026]<\/span><\/p>\n","protected":false},"featured_media":0,"template":"","meta":{"_monsterinsights_skip_tracking":false,"_monsterinsights_sitenote_active":false,"_monsterinsights_sitenote_note":"","_monsterinsights_sitenote_category":0},"product_brand":[],"product_cat":[12291,17033],"product_tag":[],"class_list":{"0":"post-782929","1":"product","2":"type-product","3":"status-publish","5":"product_cat-edebiyat","6":"product_cat-korku-gerilim","7":"pa_cilt-ciltsiz","8":"pa_tur-kitap","9":"pa_yayinevi-ithaki-yayinlari","10":"pa_yazar-mona-awad","12":"first","13":"instock","14":"sale","15":"shipping-taxable","16":"purchasable","17":"product-type-simple"},"_links":{"self":[{"href":"https:\/\/roveyayinevi.com.tr\/index.php\/wp-json\/wp\/v2\/product\/782929","targetHints":{"allow":["GET"]}}],"collection":[{"href":"https:\/\/roveyayinevi.com.tr\/index.php\/wp-json\/wp\/v2\/product"}],"about":[{"href":"https:\/\/roveyayinevi.com.tr\/index.php\/wp-json\/wp\/v2\/types\/product"}],"wp:attachment":[{"href":"https:\/\/roveyayinevi.com.tr\/index.php\/wp-json\/wp\/v2\/media?parent=782929"}],"wp:term":[{"taxonomy":"product_brand","embeddable":true,"href":"https:\/\/roveyayinevi.com.tr\/index.php\/wp-json\/wp\/v2\/product_brand?post=782929"},{"taxonomy":"product_cat","embeddable":true,"href":"https:\/\/roveyayinevi.com.tr\/index.php\/wp-json\/wp\/v2\/product_cat?post=782929"},{"taxonomy":"product_tag","embeddable":true,"href":"https:\/\/roveyayinevi.com.tr\/index.php\/wp-json\/wp\/v2\/product_tag?post=782929"}],"curies":[{"name":"wp","href":"https:\/\/api.w.org\/{rel}","templated":true}]}}