{"id":782926,"date":"2026-02-23T13:07:07","date_gmt":"2026-02-23T10:07:07","guid":{"rendered":"https:\/\/roveyayinevi.com.tr\/index.php\/urun\/benim-evim-ilk-ara-bul-kitabim\/"},"modified":"2026-04-15T03:46:15","modified_gmt":"2026-04-15T00:46:15","slug":"benim-evim-ilk-ara-bul-kitabim","status":"publish","type":"product","link":"https:\/\/roveyayinevi.com.tr\/index.php\/urun\/benim-evim-ilk-ara-bul-kitabim\/","title":{"rendered":"Benim Evim \u2013 \u0130lk Ara-Bul Kitab\u0131m"},"content":{"rendered":"<p>Ara-Bul yeni kelimelerle tan\u0131\u015f!Tuna mutfakta ne yap\u0131yor? Melis\u2019in pantolonu nerede? Peki, sofrada neler var?\u00c7ocuklar g\u00fcnl\u00fck hayattaki temel kavramlar\u0131 ke\u015ffederken, nesneleri bulacak ve \u00fczerinde konu\u015fabilecekler.<\/p>\n","protected":false},"excerpt":{"rendered":"<p>Ara-Bul yeni kelimelerle tan\u0131\u015f!Tuna mutfakta ne yap\u0131yor? Melis\u2019in pantolonu nerede? Peki, sofrada neler var?\u00c7ocuklar g\u00fcnl\u00fck hayattaki temel kavramlar\u0131 ke\u015ffederken, nesneleri bulacak ve \u00fczerinde konu\u015fabilecekler.<\/p>\n","protected":false},"featured_media":0,"template":"","meta":{"_monsterinsights_skip_tracking":false,"_monsterinsights_sitenote_active":false,"_monsterinsights_sitenote_note":"","_monsterinsights_sitenote_category":0},"product_brand":[],"product_cat":[12274,12518],"product_tag":[],"class_list":{"0":"post-782926","1":"product","2":"type-product","3":"status-publish","5":"product_cat-cocuk-ve-genclik-kitaplari","6":"product_cat-okul-oncesi-kitaplar","7":"pa_cilt-ciltsiz","8":"pa_tur-kitap","9":"pa_yayinevi-is-bankasi-kultur-yayinlari","10":"pa_yazar-sandra-grimm","12":"first","13":"instock","14":"sale","15":"shipping-taxable","16":"purchasable","17":"product-type-simple"},"_links":{"self":[{"href":"https:\/\/roveyayinevi.com.tr\/index.php\/wp-json\/wp\/v2\/product\/782926","targetHints":{"allow":["GET"]}}],"collection":[{"href":"https:\/\/roveyayinevi.com.tr\/index.php\/wp-json\/wp\/v2\/product"}],"about":[{"href":"https:\/\/roveyayinevi.com.tr\/index.php\/wp-json\/wp\/v2\/types\/product"}],"wp:attachment":[{"href":"https:\/\/roveyayinevi.com.tr\/index.php\/wp-json\/wp\/v2\/media?parent=782926"}],"wp:term":[{"taxonomy":"product_brand","embeddable":true,"href":"https:\/\/roveyayinevi.com.tr\/index.php\/wp-json\/wp\/v2\/product_brand?post=782926"},{"taxonomy":"product_cat","embeddable":true,"href":"https:\/\/roveyayinevi.com.tr\/index.php\/wp-json\/wp\/v2\/product_cat?post=782926"},{"taxonomy":"product_tag","embeddable":true,"href":"https:\/\/roveyayinevi.com.tr\/index.php\/wp-json\/wp\/v2\/product_tag?post=782926"}],"curies":[{"name":"wp","href":"https:\/\/api.w.org\/{rel}","templated":true}]}}