{"id":782918,"date":"2026-02-23T13:06:42","date_gmt":"2026-02-23T10:06:42","guid":{"rendered":"https:\/\/roveyayinevi.com.tr\/index.php\/urun\/elanin-buyulu-bilezigi-altin-kumsal\/"},"modified":"2026-04-15T03:46:14","modified_gmt":"2026-04-15T00:46:14","slug":"elanin-buyulu-bilezigi-altin-kumsal","status":"publish","type":"product","link":"https:\/\/roveyayinevi.com.tr\/index.php\/urun\/elanin-buyulu-bilezigi-altin-kumsal\/","title":{"rendered":"Ela\u2019n\u0131n B\u00fcy\u00fcl\u00fc Bilezi\u011fi \u2013 Alt\u0131n Kumsal"},"content":{"rendered":"<p>Hayvanlarla konu\u015fman\u0131za olanak sa\u011flayan b\u00fcy\u00fcl\u00fc bir bilezi\u011finiz olsa ne yapard\u0131n\u0131z?Ela ve arkada\u015flar\u0131, en b\u00fcy\u00fck maceralar\u0131na \u00e7\u0131kmaya haz\u0131rlan\u0131yorlar. Bakal\u0131m denizdeki hazineyi bulabilecekler mi?<\/p>\n","protected":false},"excerpt":{"rendered":"<p>Hayvanlarla konu\u015fman\u0131za olanak sa\u011flayan b\u00fcy\u00fcl\u00fc bir bilezi\u011finiz olsa ne yapard\u0131n\u0131z?Ela ve arkada\u015flar\u0131, en b\u00fcy\u00fck maceralar\u0131na \u00e7\u0131kmaya haz\u0131rlan\u0131yorlar. Bakal\u0131m denizdeki hazineyi bulabilecekler mi?<\/p>\n","protected":false},"featured_media":0,"template":"","meta":{"_monsterinsights_skip_tracking":false,"_monsterinsights_sitenote_active":false,"_monsterinsights_sitenote_note":"","_monsterinsights_sitenote_category":0},"product_brand":[],"product_cat":[12274,12284],"product_tag":[],"class_list":{"0":"post-782918","1":"product","2":"type-product","3":"status-publish","5":"product_cat-cocuk-ve-genclik-kitaplari","6":"product_cat-hikayeler","7":"pa_cilt-ciltsiz","8":"pa_tur-kitap","9":"pa_yayinevi-is-bankasi-kultur-yayinlari","10":"pa_yazar-jessica-ennis-hill","12":"first","13":"instock","14":"sale","15":"shipping-taxable","16":"purchasable","17":"product-type-simple"},"_links":{"self":[{"href":"https:\/\/roveyayinevi.com.tr\/index.php\/wp-json\/wp\/v2\/product\/782918","targetHints":{"allow":["GET"]}}],"collection":[{"href":"https:\/\/roveyayinevi.com.tr\/index.php\/wp-json\/wp\/v2\/product"}],"about":[{"href":"https:\/\/roveyayinevi.com.tr\/index.php\/wp-json\/wp\/v2\/types\/product"}],"wp:attachment":[{"href":"https:\/\/roveyayinevi.com.tr\/index.php\/wp-json\/wp\/v2\/media?parent=782918"}],"wp:term":[{"taxonomy":"product_brand","embeddable":true,"href":"https:\/\/roveyayinevi.com.tr\/index.php\/wp-json\/wp\/v2\/product_brand?post=782918"},{"taxonomy":"product_cat","embeddable":true,"href":"https:\/\/roveyayinevi.com.tr\/index.php\/wp-json\/wp\/v2\/product_cat?post=782918"},{"taxonomy":"product_tag","embeddable":true,"href":"https:\/\/roveyayinevi.com.tr\/index.php\/wp-json\/wp\/v2\/product_tag?post=782918"}],"curies":[{"name":"wp","href":"https:\/\/api.w.org\/{rel}","templated":true}]}}