{"id":782915,"date":"2026-02-23T13:06:34","date_gmt":"2026-02-23T10:06:34","guid":{"rendered":"https:\/\/roveyayinevi.com.tr\/index.php\/urun\/osmanli-istanbulunda-sarraflar\/"},"modified":"2026-04-15T03:46:14","modified_gmt":"2026-04-15T00:46:14","slug":"osmanli-istanbulunda-sarraflar","status":"publish","type":"product","link":"https:\/\/roveyayinevi.com.tr\/index.php\/urun\/osmanli-istanbulunda-sarraflar\/","title":{"rendered":"Osmanl\u0131 \u0130stanbulu\u2019nda Sarraflar"},"content":{"rendered":"<p>Osmanl\u0131 para ve finans tarihinin en \u00f6nemli akt\u00f6rlerinden biri ku\u015fkusuz sarraflard\u0131r. Bu konuda \u00e7ok say\u0131da \u00e7al\u0131\u015fma yap\u0131lm\u0131\u015f olmas\u0131na ra\u011fmen, birka\u00e7 nitelikli istisna d\u0131\u015f\u0131nda, sarraflar\u0131n Osmanl\u0131 finans sisteminde \u00fcstlendikleri rollerin \u00f6nemiyle orant\u0131l\u0131 bi\u00e7imde ele al\u0131nmad\u0131\u011f\u0131 g\u00f6r\u00fclmektedir. Gerek pop\u00fcler tarih anlat\u0131lar\u0131nda gerekse akademik \u00e7al\u0131\u015fmalarda, mesle\u011fin teknik ve kurumsal boyutlar\u0131na yeterince h\u00e2kim olunmadan yap\u0131lan de\u011ferlendirmeler, sarraf fig\u00fcr\u00fcn\u00fc indirgemeci bir stereotipe d\u00f6n\u00fc\u015ft\u00fcrm\u00fc\u015ft\u00fcr. Anakronizme dayal\u0131 ve ideolojik yakla\u015f\u0131mlar\u0131n h\u00e2kim oldu\u011fu bu literat\u00fcr, sa\u011flam temellere oturtulmadan in\u015fa edilen bir yap\u0131n\u0131n h\u0131zla y\u00fckselmesine benzemektedir. 18. y\u00fczy\u0131ldan itibaren giderek artan bir \u00f6neme sahip olan \u0130stanbul sarraflar\u0131, Tanzimat Ferman\u0131 ile iltizam sisteminin kald\u0131r\u0131lmas\u0131 sonras\u0131nda derin bir sars\u0131nt\u0131 ya\u015fam\u0131\u015f; bu s\u00fcreci atlatamayarak yerlerini d\u0131\u015f ticaret d\u00fcnyas\u0131ndan do\u011fan Galata bankerlerine b\u0131rakm\u0131\u015flard\u0131r. Ancak bankerlerin 19. y\u00fczy\u0131l\u0131n ikinci yar\u0131s\u0131na ait ar\u015fiv belgelerinde ve d\u00f6nemin bas\u0131n\u0131nda s\u0131kl\u0131kla \u201cGalata sarraflar\u0131\u201d olarak an\u0131lmas\u0131, bu iki grubun ayn\u0131 meslek z\u00fcmresine mensup oldu\u011fu y\u00f6n\u00fcnde yan\u0131lt\u0131c\u0131 bir alg\u0131 yaratm\u0131\u015ft\u0131r. Bu alg\u0131 ise, zaten sorunlu temeller \u00fczerine kurulu olan anlat\u0131n\u0131n, farkl\u0131 bir \u00e7at\u0131yla \u00f6rt\u00fclmesiyle sonu\u00e7lanm\u0131\u015ft\u0131r. Vak\u0131fBank K\u00fclt\u00fcr Yay\u0131nlar\u0131 taraf\u0131ndan Osmanl\u0131 \u0130stanbulu\u2019nda Sarraflar ad\u0131yla yay\u0131mlanan bu \u00e7al\u0131\u015fma, yanl\u0131\u015f temel \u00fczerine kurulan binay\u0131 yeniden d\u00f6n\u00fc\u015f\u00fcme sokarak sarraf literat\u00fcr\u00fcn\u00fc sa\u011flam temeller \u00fczerine in\u015fa etmeyi, daha \u00f6zelinde \u0130stanbul sarraflar\u0131n\u0131n kimler oldu\u011funu a\u00e7\u0131k bir \u015fekilde ortaya koymay\u0131 hedeflemektedir.<\/p>\n","protected":false},"excerpt":{"rendered":"<p>Osmanl\u0131 para ve finans tarihinin en \u00f6nemli akt\u00f6rlerinden biri ku\u015fkusuz sarraflard\u0131r. Bu konuda \u00e7ok say\u0131da \u00e7al\u0131\u015fma yap\u0131lm\u0131\u015f olmas\u0131na ra\u011fmen, birka\u00e7 nitelikli istisna d\u0131\u015f\u0131nda, sarraflar\u0131n Osmanl\u0131 finans<span class=\"excerpt-hellip\"> [\u2026]<\/span><\/p>\n","protected":false},"featured_media":0,"template":"","meta":{"_monsterinsights_skip_tracking":false,"_monsterinsights_sitenote_active":false,"_monsterinsights_sitenote_note":"","_monsterinsights_sitenote_category":0},"product_brand":[],"product_cat":[13517,12304],"product_tag":[],"class_list":{"0":"post-782915","1":"product","2":"type-product","3":"status-publish","5":"product_cat-osmanli-tarihi","6":"product_cat-tarih","7":"pa_cilt-ciltsiz","8":"pa_tur-kitap","9":"pa_yayinevi-vakifbank-kultur-yayinlari","10":"pa_yazar-huseyin-al","11":"pa_yazar-sevket-kamil-akar","13":"first","14":"instock","15":"sale","16":"shipping-taxable","17":"purchasable","18":"product-type-simple"},"_links":{"self":[{"href":"https:\/\/roveyayinevi.com.tr\/index.php\/wp-json\/wp\/v2\/product\/782915","targetHints":{"allow":["GET"]}}],"collection":[{"href":"https:\/\/roveyayinevi.com.tr\/index.php\/wp-json\/wp\/v2\/product"}],"about":[{"href":"https:\/\/roveyayinevi.com.tr\/index.php\/wp-json\/wp\/v2\/types\/product"}],"wp:attachment":[{"href":"https:\/\/roveyayinevi.com.tr\/index.php\/wp-json\/wp\/v2\/media?parent=782915"}],"wp:term":[{"taxonomy":"product_brand","embeddable":true,"href":"https:\/\/roveyayinevi.com.tr\/index.php\/wp-json\/wp\/v2\/product_brand?post=782915"},{"taxonomy":"product_cat","embeddable":true,"href":"https:\/\/roveyayinevi.com.tr\/index.php\/wp-json\/wp\/v2\/product_cat?post=782915"},{"taxonomy":"product_tag","embeddable":true,"href":"https:\/\/roveyayinevi.com.tr\/index.php\/wp-json\/wp\/v2\/product_tag?post=782915"}],"curies":[{"name":"wp","href":"https:\/\/api.w.org\/{rel}","templated":true}]}}