{"id":782913,"date":"2026-02-23T13:06:30","date_gmt":"2026-02-23T10:06:30","guid":{"rendered":"https:\/\/roveyayinevi.com.tr\/index.php\/urun\/beyin-4\/"},"modified":"2026-04-15T03:46:14","modified_gmt":"2026-04-15T00:46:14","slug":"beyin-4","status":"publish","type":"product","link":"https:\/\/roveyayinevi.com.tr\/index.php\/urun\/beyin-4\/","title":{"rendered":"Beyin"},"content":{"rendered":"<p>Beynimizin 100 trilyon ara ba\u011flant\u0131 arac\u0131l\u0131\u011f\u0131yla birbiriyle ileti\u015fim kuran toplam 100 milyar sinir h\u00fccresi i\u00e7erdi\u011fini biliyor muydunuz?\u0130nsan beyni di\u011fer canl\u0131lar\u0131n beyinlerinden ne kadar farkl\u0131d\u0131r?Beynimiz h\u00e2l\u00e2 evrim ge\u00e7iriyor mu?Beyin nas\u0131l \u00e7al\u0131\u015f\u0131r?Oxford \u00dcniversitesi\u2019nin bu k\u0131sa giri\u015f kitab\u0131nda yazar Michael O\u2019Shea hepi topu 1,2 kilogram a\u011f\u0131rl\u0131\u011f\u0131ndaki bu b\u00fcy\u00fcleyici organ\u0131n i\u015fleyi\u015fine \u0131\u015f\u0131k tutuyor. G\u00fcncel beyin ara\u015ft\u0131rmalar\u0131ndaki temel konular \u00f6zetleniyor ve n\u00f6robilim alan\u0131nda y\u00fcr\u00fct\u00fclen ara\u015ft\u0131rmalar\u0131n gelece\u011fimize muhtemel etkileri tart\u0131\u015fmaya a\u00e7\u0131l\u0131yor. Zihnin bile\u015fenleri, beyinde ba\u011flant\u0131lar\u0131n kurulu\u015fu, bellek mekanizmas\u0131, duyumsama, alg\u0131lama, eyleme  s\u00fcre\u00e7leri gibi konular duru bir bilimsel dille aktar\u0131l\u0131yor.<\/p>\n","protected":false},"excerpt":{"rendered":"<p>Beynimizin 100 trilyon ara ba\u011flant\u0131 arac\u0131l\u0131\u011f\u0131yla birbiriyle ileti\u015fim kuran toplam 100 milyar sinir h\u00fccresi i\u00e7erdi\u011fini biliyor muydunuz?\u0130nsan beyni di\u011fer canl\u0131lar\u0131n beyinlerinden ne kadar farkl\u0131d\u0131r?Beynimiz h\u00e2l\u00e2 evrim<span class=\"excerpt-hellip\"> [\u2026]<\/span><\/p>\n","protected":false},"featured_media":0,"template":"","meta":{"_monsterinsights_skip_tracking":false,"_monsterinsights_sitenote_active":false,"_monsterinsights_sitenote_note":"","_monsterinsights_sitenote_category":0},"product_brand":[],"product_cat":[16965,13365],"product_tag":[],"class_list":{"0":"post-782913","1":"product","2":"type-product","3":"status-publish","5":"product_cat-genel-saglik-kitaplari","6":"product_cat-saglik","7":"pa_cilt-ciltsiz","8":"pa_tur-kitap","9":"pa_yayinevi-is-bankasi-kultur-yayinlari","10":"pa_yazar-michael-oshea","12":"first","13":"instock","14":"sale","15":"shipping-taxable","16":"purchasable","17":"product-type-simple"},"_links":{"self":[{"href":"https:\/\/roveyayinevi.com.tr\/index.php\/wp-json\/wp\/v2\/product\/782913","targetHints":{"allow":["GET"]}}],"collection":[{"href":"https:\/\/roveyayinevi.com.tr\/index.php\/wp-json\/wp\/v2\/product"}],"about":[{"href":"https:\/\/roveyayinevi.com.tr\/index.php\/wp-json\/wp\/v2\/types\/product"}],"wp:attachment":[{"href":"https:\/\/roveyayinevi.com.tr\/index.php\/wp-json\/wp\/v2\/media?parent=782913"}],"wp:term":[{"taxonomy":"product_brand","embeddable":true,"href":"https:\/\/roveyayinevi.com.tr\/index.php\/wp-json\/wp\/v2\/product_brand?post=782913"},{"taxonomy":"product_cat","embeddable":true,"href":"https:\/\/roveyayinevi.com.tr\/index.php\/wp-json\/wp\/v2\/product_cat?post=782913"},{"taxonomy":"product_tag","embeddable":true,"href":"https:\/\/roveyayinevi.com.tr\/index.php\/wp-json\/wp\/v2\/product_tag?post=782913"}],"curies":[{"name":"wp","href":"https:\/\/api.w.org\/{rel}","templated":true}]}}