{"id":782911,"date":"2026-02-23T13:06:21","date_gmt":"2026-02-23T10:06:21","guid":{"rendered":"https:\/\/roveyayinevi.com.tr\/index.php\/urun\/duvargecen\/"},"modified":"2026-04-15T03:46:14","modified_gmt":"2026-04-15T00:46:14","slug":"duvargecen","status":"publish","type":"product","link":"https:\/\/roveyayinevi.com.tr\/index.php\/urun\/duvargecen\/","title":{"rendered":"Duvarge\u00e7en"},"content":{"rendered":"<p>Duvarge\u00e7en Marcel Aym\u00e9\u2019nin \u0130kinci D\u00fcnya Sava\u015f\u0131 s\u0131ras\u0131nda Paris\u2019in Montmartre semtinde ge\u00e7en fantastik \u00f6yk\u00fcs\u00fcd\u00fcr. \u0130mgelemle mizah\u0131n i\u00e7 i\u00e7e ge\u00e7ti\u011fi, \u00f6zg\u00fcrl\u00fck ve isyank\u00e2rl\u0131k temalar\u0131yla dikkat \u00e7eken bu \u00f6yk\u00fc, okura unutulmaz bir edebi deneyim vaat eder. \u00d6yk\u00fcn\u00fcn kahraman\u0131 Dutilleul\u2019\u00fcn sava\u015f zaman\u0131 duvarlardan ge\u00e7erken asl\u0131nda toplumsal s\u0131n\u0131rlar\u0131 ve normlar\u0131 da ihlal etmesi m\u00e2nidard\u0131r. 1941 y\u0131l\u0131nda Lectures 40 dergisinde yay\u0131mlanan Duvarge\u00e7en, zamanla Marcel Aym\u00e9\u2019nin en sevilen yap\u0131tlar\u0131ndan biri haline gelirken, Paris\u2019e de damgas\u0131n\u0131 vurmu\u015ftur. Zira akt\u00f6r ve heykelt\u0131ra\u015f Jean Marais taraf\u0131ndan yap\u0131lan ve 1989 y\u0131l\u0131nda Montmartre\u2019da yerini alan Duvarge\u00e7en heykeli, bug\u00fcn semtin bohem ruhunun simgesi ve zengin k\u00fclt\u00fcr miras\u0131n\u0131n bir par\u00e7as\u0131 olarak kabul edilir.Duvarge\u00e7en daha sonra yazar\u0131n ger\u00e7ek\u00fcst\u00fc mizahi \u00f6yk\u00fclerinden olu\u015fan elinizdeki 1943 tarihli derlemenin de ba\u015fl\u0131\u011f\u0131 oldu. Bu \u00f6yk\u00fclerde sava\u015f\u0131n deh\u015feti kendini hissettirir. Aym\u00e9\u2019nin a\u00e7l\u0131k ve yokluk \u00e7eken karakterleri bir yandan da \u00fclkeyi y\u00f6netenlerin abs\u00fcrd kararlar\u0131 y\u00fcz\u00fcnden bunal\u0131rlar. Ancak Aym\u00e9\u2019nin ger\u00e7eklikle d\u00fc\u015fsel olan\u0131 harmanlad\u0131\u011f\u0131 b\u00fcy\u00fcl\u00fc d\u00fcnyas\u0131nda, en a\u011f\u0131r trajedi kar\u015f\u0131s\u0131nda bile her zaman bir kurtulu\u015f yolu bulunur.<\/p>\n","protected":false},"excerpt":{"rendered":"<p>Duvarge\u00e7en Marcel Aym\u00e9\u2019nin \u0130kinci D\u00fcnya Sava\u015f\u0131 s\u0131ras\u0131nda Paris\u2019in Montmartre semtinde ge\u00e7en fantastik \u00f6yk\u00fcs\u00fcd\u00fcr. \u0130mgelemle mizah\u0131n i\u00e7 i\u00e7e ge\u00e7ti\u011fi, \u00f6zg\u00fcrl\u00fck ve isyank\u00e2rl\u0131k temalar\u0131yla dikkat \u00e7eken bu \u00f6yk\u00fc,<span class=\"excerpt-hellip\"> [\u2026]<\/span><\/p>\n","protected":false},"featured_media":0,"template":"","meta":{"_monsterinsights_skip_tracking":false,"_monsterinsights_sitenote_active":false,"_monsterinsights_sitenote_note":"","_monsterinsights_sitenote_category":0},"product_brand":[],"product_cat":[12291,13872],"product_tag":[],"class_list":{"0":"post-782911","1":"product","2":"type-product","3":"status-publish","5":"product_cat-edebiyat","6":"product_cat-klasikler","7":"pa_cilt-ciltsiz","8":"pa_tur-kitap","9":"pa_yayinevi-is-bankasi-kultur-yayinlari","10":"pa_yazar-marcel-ayme","12":"first","13":"instock","14":"sale","15":"shipping-taxable","16":"purchasable","17":"product-type-simple"},"_links":{"self":[{"href":"https:\/\/roveyayinevi.com.tr\/index.php\/wp-json\/wp\/v2\/product\/782911","targetHints":{"allow":["GET"]}}],"collection":[{"href":"https:\/\/roveyayinevi.com.tr\/index.php\/wp-json\/wp\/v2\/product"}],"about":[{"href":"https:\/\/roveyayinevi.com.tr\/index.php\/wp-json\/wp\/v2\/types\/product"}],"wp:attachment":[{"href":"https:\/\/roveyayinevi.com.tr\/index.php\/wp-json\/wp\/v2\/media?parent=782911"}],"wp:term":[{"taxonomy":"product_brand","embeddable":true,"href":"https:\/\/roveyayinevi.com.tr\/index.php\/wp-json\/wp\/v2\/product_brand?post=782911"},{"taxonomy":"product_cat","embeddable":true,"href":"https:\/\/roveyayinevi.com.tr\/index.php\/wp-json\/wp\/v2\/product_cat?post=782911"},{"taxonomy":"product_tag","embeddable":true,"href":"https:\/\/roveyayinevi.com.tr\/index.php\/wp-json\/wp\/v2\/product_tag?post=782911"}],"curies":[{"name":"wp","href":"https:\/\/api.w.org\/{rel}","templated":true}]}}