{"id":782910,"date":"2026-02-23T13:06:16","date_gmt":"2026-02-23T10:06:16","guid":{"rendered":"https:\/\/roveyayinevi.com.tr\/index.php\/urun\/caylak-ile-filozof\/"},"modified":"2026-04-15T03:46:14","modified_gmt":"2026-04-15T00:46:14","slug":"caylak-ile-filozof","status":"publish","type":"product","link":"https:\/\/roveyayinevi.com.tr\/index.php\/urun\/caylak-ile-filozof\/","title":{"rendered":"\u00c7aylak \u0130le Filozof"},"content":{"rendered":"<p>Evet bu, uzun bir hik\u00e2ye&#8230; Elimde olsayd\u0131 onu daha da uzat\u0131r m\u0131yd\u0131m? Hay\u0131r. Belki de elimde olmad\u0131\u011f\u0131 i\u00e7in b\u00f6yle konu\u015fuyorum. Bilemiyorum. Ancak \u015fundan eminim: Daha uzun olmas\u0131, onu daha iyi bir hik\u00e2ye yapmayacakt\u0131. \u00c7\u00fcnk\u00fc bir hik\u00e2yenin iyi ya da k\u00f6t\u00fc olmas\u0131, uzun ya da k\u0131sa s\u00fcrmesi ile ilgili de\u011fildir. Bir hik\u00e2yeyi iyi bir hik\u00e2ye yapan, anlatmaya; \u00e7ok iyi bir hik\u00e2ye yapan ise dinlemeye de\u011fer g\u00f6r\u00fclmesidir. Asl\u0131nda ben, sadece tek bir kez ya\u015fanabilir olmalar\u0131ndan sebep, iyi ya da k\u00f6t\u00fc fark etmeksizin b\u00fct\u00fcn hik\u00e2yelerin e\u015fsiz olduklar\u0131n\u0131 d\u00fc\u015f\u00fcn\u00fcyorum. E\u011fer kendi hik\u00e2yemi \u00f6vmek konusunda a\u015f\u0131r\u0131ya ka\u00e7mak ile su\u00e7lanmayaca\u011f\u0131mdan emin olsayd\u0131m, g\u00f6n\u00fcl rahatl\u0131\u011f\u0131 ile \u201ce\u015fsiz\u201d yerine, \u201cmuhte\u015fem\u201d derdim. Belki de demeliyim; \u00e7\u00fcnk\u00fc bu, i\u00e7inde benim de oldu\u011fum bir hik\u00e2ye. Ba\u015fkalar\u0131n\u0131n onun hakk\u0131nda ne d\u00fc\u015f\u00fcnd\u00fcklerini bilemem. Do\u011frusu bu pek umurumda de\u011fil ama kendim i\u00e7in, pek\u00e2l\u00e2 \u201cmuhte\u015fem\u201d oldu\u011funu s\u00f6yleyebilirim&#8230;<\/p>\n","protected":false},"excerpt":{"rendered":"<p>Evet bu, uzun bir hik\u00e2ye&#8230; Elimde olsayd\u0131 onu daha da uzat\u0131r m\u0131yd\u0131m? Hay\u0131r. Belki de elimde olmad\u0131\u011f\u0131 i\u00e7in b\u00f6yle konu\u015fuyorum. Bilemiyorum. Ancak \u015fundan eminim: Daha uzun<span class=\"excerpt-hellip\"> [\u2026]<\/span><\/p>\n","protected":false},"featured_media":0,"template":"","meta":{"_monsterinsights_skip_tracking":false,"_monsterinsights_sitenote_active":false,"_monsterinsights_sitenote_note":"","_monsterinsights_sitenote_category":0},"product_brand":[],"product_cat":[12274,12284],"product_tag":[],"class_list":{"0":"post-782910","1":"product","2":"type-product","3":"status-publish","5":"product_cat-cocuk-ve-genclik-kitaplari","6":"product_cat-hikayeler","7":"pa_cilt-ciltsiz","8":"pa_tur-kitap","9":"pa_yayinevi-ugurbocegi-yayinlari","10":"pa_yazar-ozkan-oze","12":"first","13":"instock","14":"sale","15":"shipping-taxable","16":"purchasable","17":"product-type-simple"},"_links":{"self":[{"href":"https:\/\/roveyayinevi.com.tr\/index.php\/wp-json\/wp\/v2\/product\/782910","targetHints":{"allow":["GET"]}}],"collection":[{"href":"https:\/\/roveyayinevi.com.tr\/index.php\/wp-json\/wp\/v2\/product"}],"about":[{"href":"https:\/\/roveyayinevi.com.tr\/index.php\/wp-json\/wp\/v2\/types\/product"}],"wp:attachment":[{"href":"https:\/\/roveyayinevi.com.tr\/index.php\/wp-json\/wp\/v2\/media?parent=782910"}],"wp:term":[{"taxonomy":"product_brand","embeddable":true,"href":"https:\/\/roveyayinevi.com.tr\/index.php\/wp-json\/wp\/v2\/product_brand?post=782910"},{"taxonomy":"product_cat","embeddable":true,"href":"https:\/\/roveyayinevi.com.tr\/index.php\/wp-json\/wp\/v2\/product_cat?post=782910"},{"taxonomy":"product_tag","embeddable":true,"href":"https:\/\/roveyayinevi.com.tr\/index.php\/wp-json\/wp\/v2\/product_tag?post=782910"}],"curies":[{"name":"wp","href":"https:\/\/api.w.org\/{rel}","templated":true}]}}