{"id":782909,"date":"2026-02-23T13:06:13","date_gmt":"2026-02-23T10:06:13","guid":{"rendered":"https:\/\/roveyayinevi.com.tr\/index.php\/urun\/dersimiz-la-ilahe-illallah\/"},"modified":"2026-04-15T03:46:14","modified_gmt":"2026-04-15T00:46:14","slug":"dersimiz-la-ilahe-illallah","status":"publish","type":"product","link":"https:\/\/roveyayinevi.com.tr\/index.php\/urun\/dersimiz-la-ilahe-illallah\/","title":{"rendered":"Dersimiz: La \u0130lahe \u0130llallah"},"content":{"rendered":"<p>A\u015f\u0131r\u0131 Derece Zeki Ama Bir O Kadar Da Yaramaz \u0130dris Takac\u0131 Ve Kankas\u0131 Tacettin Taci, Cimcime S\u0131n\u0131f Ba\u015fkan\u0131 Safinur Tazenane, Her Yere Alt\u0131n Kalpli Papatya Resimleri \u00c7izen Lepiska Sa\u00e7l\u0131 Mahpeyker \u00c7\u0131t\u0131rak, Haks\u0131zl\u0131\u011fa Hi\u00e7 Gelemeyen G\u00f6z\u00fc Kara Cemile M\u00fcrd\u00fcm \u0130le S\u0131ra Arkada\u015f\u0131 Nefise G\u00fcg\u00fcm, \u0130smi Soruldu\u011funda R\u00fczgarda Bir \u00c7i\u00e7ek Gibi Titreyen Zarafet Abidesi Ay\u015fe Melek, Pek Merakl\u0131 Osman Terazi Ve \u00c7ok Acayip S\u0131rad\u0131\u015f\u0131 Bir \u00d6\u011fretmen Halis Muhlis! Hepsi Ve Daha Fazlas\u0131 \u00dcmm\u00fc\u015f P\u00f6rtlek Ortaokulu A S\u0131n\u0131f\u0131nda!  \u2022 \u2022 \u2022 Halis Muhlis, tahtan\u0131n ba\u015f\u0131na ge\u00e7ti ve en kocaman harflerle \u015funu yazd\u0131: Dersimiz: La \u0130lahe \u0130llallah. \u2013\u00d6\u011fretmenim, biz \u00e7ok konu\u015ftuk bu konuyu. \u2013\u0130dris, bu d\u00fcnyada, konu\u015fulmaya de\u011fer bundan daha \u00f6nemli ba\u015fka bir konu yok! \u2013O zaman tekrar konu\u015fal\u0131m \u00d6\u011fretmenim. \u2013Fakat biliyorsun ben, kar\u015f\u0131mda koyun gibi y\u00fcz\u00fcme bakan ve kaya kadar sessiz \u00f6\u011frenciler istemiyorum&#8230; \u2013O i\u015f bende \u00d6\u011fretmenim. \u2013Dersi kaynatmak yok ama! \u2013Yok!<\/p>\n","protected":false},"excerpt":{"rendered":"<p>A\u015f\u0131r\u0131 Derece Zeki Ama Bir O Kadar Da Yaramaz \u0130dris Takac\u0131 Ve Kankas\u0131 Tacettin Taci, Cimcime S\u0131n\u0131f Ba\u015fkan\u0131 Safinur Tazenane, Her Yere Alt\u0131n Kalpli Papatya Resimleri<span class=\"excerpt-hellip\"> [\u2026]<\/span><\/p>\n","protected":false},"featured_media":0,"template":"","meta":{"_monsterinsights_skip_tracking":false,"_monsterinsights_sitenote_active":false,"_monsterinsights_sitenote_note":"","_monsterinsights_sitenote_category":0},"product_brand":[],"product_cat":[12274,18802],"product_tag":[],"class_list":{"0":"post-782909","1":"product","2":"type-product","3":"status-publish","5":"product_cat-cocuk-ve-genclik-kitaplari","6":"product_cat-din-egitimi","7":"pa_cilt-ciltsiz","8":"pa_tur-kitap","9":"pa_yayinevi-ugurbocegi-yayinlari","10":"pa_yazar-ozkan-oze","12":"first","13":"instock","14":"sale","15":"shipping-taxable","16":"purchasable","17":"product-type-simple"},"_links":{"self":[{"href":"https:\/\/roveyayinevi.com.tr\/index.php\/wp-json\/wp\/v2\/product\/782909","targetHints":{"allow":["GET"]}}],"collection":[{"href":"https:\/\/roveyayinevi.com.tr\/index.php\/wp-json\/wp\/v2\/product"}],"about":[{"href":"https:\/\/roveyayinevi.com.tr\/index.php\/wp-json\/wp\/v2\/types\/product"}],"wp:attachment":[{"href":"https:\/\/roveyayinevi.com.tr\/index.php\/wp-json\/wp\/v2\/media?parent=782909"}],"wp:term":[{"taxonomy":"product_brand","embeddable":true,"href":"https:\/\/roveyayinevi.com.tr\/index.php\/wp-json\/wp\/v2\/product_brand?post=782909"},{"taxonomy":"product_cat","embeddable":true,"href":"https:\/\/roveyayinevi.com.tr\/index.php\/wp-json\/wp\/v2\/product_cat?post=782909"},{"taxonomy":"product_tag","embeddable":true,"href":"https:\/\/roveyayinevi.com.tr\/index.php\/wp-json\/wp\/v2\/product_tag?post=782909"}],"curies":[{"name":"wp","href":"https:\/\/api.w.org\/{rel}","templated":true}]}}