{"id":782908,"date":"2026-02-23T13:06:09","date_gmt":"2026-02-23T10:06:09","guid":{"rendered":"https:\/\/roveyayinevi.com.tr\/index.php\/urun\/georges-perec-ciltlisozcukler-arasinda-bir-hayat\/"},"modified":"2026-04-15T03:46:14","modified_gmt":"2026-04-15T00:46:14","slug":"georges-perec-ciltlisozcukler-arasinda-bir-hayat","status":"publish","type":"product","link":"https:\/\/roveyayinevi.com.tr\/index.php\/urun\/georges-perec-ciltlisozcukler-arasinda-bir-hayat\/","title":{"rendered":"Georges Perec (Ciltli);S\u00f6zc\u00fckler Aras\u0131nda Bir Hayat"},"content":{"rendered":"<p>David Bellos\u2019un Goncourt \u00d6d\u00fcll\u00fc kitab\u0131, Georges Perec: S\u00f6zc\u00fckler Aras\u0131nda Bir Hayat, romanc\u0131, denemeci, \u015fair, senarist, OuLiPo edebiyat grubunun en \u00f6nemli \u00fcyelerinden Georges Perec\u2019in hayat\u0131na dair en kapsaml\u0131 kaynak. Bellos, daha \u00f6nce yay\u0131mlanmam\u0131\u015f belgeler ve ilk elden r\u00f6portajlar\u0131n \u0131\u015f\u0131\u011f\u0131nda yazar\u0131n \u00e7ocuklu\u011funa, kendine \u00f6zg\u00fc \u00fcslubuna giden dolamba\u00e7l\u0131 yola, OuLiPo grubu etraf\u0131ndaki Paris edebiyat sahnesine, arkada\u015fl\u0131klar\u0131na, a\u015fklar\u0131na, Ya\u015fam Kullan\u0131m K\u0131lavuzu\u2019nun ola\u011fan\u00fcst\u00fc ba\u015far\u0131s\u0131na ve nihayetinde k\u0131sa bir hastal\u0131\u011f\u0131n ard\u0131ndan erken ya\u015fta \u00f6l\u00fcm\u00fcne odaklan\u0131yor. Bu kitap, yaln\u0131zca bir biyografi de\u011fil; Perec\u2019in karma\u015f\u0131k zihnini ve edebiyat d\u00fcnyas\u0131na yapt\u0131\u011f\u0131 yenilik\u00e7i katk\u0131lar\u0131 anlamak i\u00e7in bir rehber.Italo Calvino\u2019nun \u201c\u00f6yle kendine \u00f6zg\u00fc bir edebi ki\u015filik ki hi\u00e7bir \u015fekilde ba\u015fka birine benzemiyor\u201d diyerek and\u0131\u011f\u0131 Georges Perec\u2019i ve onun edebi miras\u0131n\u0131 ke\u015ffetmek isteyen herkes i\u00e7in e\u015fsiz bir eser.\u201cMuazzam, ne\u015feli, tek kelimeyle ayd\u0131nlat\u0131c\u0131. Yaln\u0131zca Perec\u2019in de\u011fil, ayn\u0131 zamanda altm\u0131\u015flar ve yetmi\u015flerdeki Paris entelekt\u00fcel hayat\u0131n\u0131n mekanizmalar\u0131n\u0131n, entrikalar\u0131n\u0131n, tutkular\u0131n\u0131n ve komedilerinin de son derece insani, canl\u0131 oldu\u011fu kadar karma\u015f\u0131k bir portresini ortaya koyuyor.\u201d\u2014Richard Eder, Los Angeles Times\u201cDavid Bellos, kesinlikle bu i\u015f i\u00e7in do\u011fru ki\u015fi. Joyce\u2019un izleri bile bu denli kapsaml\u0131 belgelenmemi\u015ftir.\u201d\u2014Peter Lennon, The Guardian<\/p>\n","protected":false},"excerpt":{"rendered":"<p>David Bellos\u2019un Goncourt \u00d6d\u00fcll\u00fc kitab\u0131, Georges Perec: S\u00f6zc\u00fckler Aras\u0131nda Bir Hayat, romanc\u0131, denemeci, \u015fair, senarist, OuLiPo edebiyat grubunun en \u00f6nemli \u00fcyelerinden Georges Perec\u2019in hayat\u0131na dair en<span class=\"excerpt-hellip\"> [\u2026]<\/span><\/p>\n","protected":false},"featured_media":0,"template":"","meta":{"_monsterinsights_skip_tracking":false,"_monsterinsights_sitenote_active":false,"_monsterinsights_sitenote_note":"","_monsterinsights_sitenote_category":0},"product_brand":[],"product_cat":[14009,12291],"product_tag":[],"class_list":{"0":"post-782908","1":"product","2":"type-product","3":"status-publish","5":"product_cat-biyografi-otobiyografi-edebiyat","6":"product_cat-edebiyat","7":"pa_cilt-ciltsiz","8":"pa_tur-kitap","9":"pa_yayinevi-everest-yayinlari","10":"pa_yazar-david-bellos","12":"first","13":"instock","14":"sale","15":"shipping-taxable","16":"purchasable","17":"product-type-simple"},"_links":{"self":[{"href":"https:\/\/roveyayinevi.com.tr\/index.php\/wp-json\/wp\/v2\/product\/782908","targetHints":{"allow":["GET"]}}],"collection":[{"href":"https:\/\/roveyayinevi.com.tr\/index.php\/wp-json\/wp\/v2\/product"}],"about":[{"href":"https:\/\/roveyayinevi.com.tr\/index.php\/wp-json\/wp\/v2\/types\/product"}],"wp:attachment":[{"href":"https:\/\/roveyayinevi.com.tr\/index.php\/wp-json\/wp\/v2\/media?parent=782908"}],"wp:term":[{"taxonomy":"product_brand","embeddable":true,"href":"https:\/\/roveyayinevi.com.tr\/index.php\/wp-json\/wp\/v2\/product_brand?post=782908"},{"taxonomy":"product_cat","embeddable":true,"href":"https:\/\/roveyayinevi.com.tr\/index.php\/wp-json\/wp\/v2\/product_cat?post=782908"},{"taxonomy":"product_tag","embeddable":true,"href":"https:\/\/roveyayinevi.com.tr\/index.php\/wp-json\/wp\/v2\/product_tag?post=782908"}],"curies":[{"name":"wp","href":"https:\/\/api.w.org\/{rel}","templated":true}]}}