{"id":782906,"date":"2026-02-23T13:06:02","date_gmt":"2026-02-23T10:06:02","guid":{"rendered":"https:\/\/roveyayinevi.com.tr\/index.php\/urun\/tunadan-adriyatike-bir-yolculuk\/"},"modified":"2026-04-15T03:46:14","modified_gmt":"2026-04-15T00:46:14","slug":"tunadan-adriyatike-bir-yolculuk","status":"publish","type":"product","link":"https:\/\/roveyayinevi.com.tr\/index.php\/urun\/tunadan-adriyatike-bir-yolculuk\/","title":{"rendered":"Tuna\u2019dan Adriyatik\u2019e Bir Yolculuk"},"content":{"rendered":"<p>\u0130slam hukuku bilginlerimizden Gazzeli I\u0307mam-\u0131 S\u0327afii hazretleri; yolculukta \u015fu be\u015f\u0327 faydan\u0131n oldu\u011funu s\u00f6yler: \u201cKi\u015fi, \u00fcfunetini da\u011f\u0131t\u0131r\/stres atar. Mai\u015fet kazan\u0131r. \u0130lmini artt\u0131r\u0131r. Edep ve g\u00f6rg\u00fc seviyesini y\u00fckseltir. Ahl\u00e2kl\u0131 iyi ki\u015filerle arkada\u015fl\u0131k yapma ve yeni dostlar kazanma imk\u00e2n\u0131n\u0131 elde etmi\u015f\u0327 olur.\u201d Bu anlay\u0131\u015fla Balkanlara dog\u0306ru seyahat rotam\u0131z\u0131 belirledi\u011fimizde, yolculuk \u00f6ncesinde co\u011frafyaya dair detayl\u0131 haz\u0131rl\u0131klar yaparken, seyahat surecinde de g\u00f6zlem, kay\u0131t ve not alma gayreti i\u00e7inde idik.. Osmanl\u0131\u2019n\u0131n k\u0131l\u0131\u00e7 ile fethedip adalet ile 550 y\u0131l h\u00fck\u00fcm s\u00fcrd\u00fc\u011f\u00fc\u0308  Balkan diyar\u0131n\u0131, Evlad-\u0131 Fatihan\u2019\u0131, Eyalet-i Rumeli\u2019yi, Avrupa\u2019n\u0131n Yugoslavya\u2019s\u0131n\u0131 ve Yahya Kemal Bayatl\u0131\u2019n\u0131n \u2018Hat\u0131ralar\u0131m\u2019 adl\u0131 \u015fiirindeki \u015fu dizelerle betimledi\u011fi co\u011frafyay\u0131 anlatmaya \u00e7al\u0131\u015ft\u0131k: \u201cBir T\u00fcrk g\u00f6nl\u00fcnde nehir varsa Tuna\u2019d\u0131r, da\u011f varsa Balkan\u2019d\u0131r&#8230;\u201d<\/p>\n","protected":false},"excerpt":{"rendered":"<p>\u0130slam hukuku bilginlerimizden Gazzeli I\u0307mam-\u0131 S\u0327afii hazretleri; yolculukta \u015fu be\u015f\u0327 faydan\u0131n oldu\u011funu s\u00f6yler: \u201cKi\u015fi, \u00fcfunetini da\u011f\u0131t\u0131r\/stres atar. Mai\u015fet kazan\u0131r. \u0130lmini artt\u0131r\u0131r. Edep ve g\u00f6rg\u00fc seviyesini y\u00fckseltir.<span class=\"excerpt-hellip\"> [\u2026]<\/span><\/p>\n","protected":false},"featured_media":0,"template":"","meta":{"_monsterinsights_skip_tracking":false,"_monsterinsights_sitenote_active":false,"_monsterinsights_sitenote_note":"","_monsterinsights_sitenote_category":0},"product_brand":[],"product_cat":[13054],"product_tag":[],"class_list":{"0":"post-782906","1":"product","2":"type-product","3":"status-publish","5":"product_cat-gezi-ve-rehber-kitaplari","6":"pa_cilt-ciltsiz","7":"pa_tur-kitap","8":"pa_yayinevi-elpis-yayinlari","9":"pa_yazar-fadime-kilicaslan","11":"first","12":"instock","13":"sale","14":"shipping-taxable","15":"purchasable","16":"product-type-simple"},"_links":{"self":[{"href":"https:\/\/roveyayinevi.com.tr\/index.php\/wp-json\/wp\/v2\/product\/782906","targetHints":{"allow":["GET"]}}],"collection":[{"href":"https:\/\/roveyayinevi.com.tr\/index.php\/wp-json\/wp\/v2\/product"}],"about":[{"href":"https:\/\/roveyayinevi.com.tr\/index.php\/wp-json\/wp\/v2\/types\/product"}],"wp:attachment":[{"href":"https:\/\/roveyayinevi.com.tr\/index.php\/wp-json\/wp\/v2\/media?parent=782906"}],"wp:term":[{"taxonomy":"product_brand","embeddable":true,"href":"https:\/\/roveyayinevi.com.tr\/index.php\/wp-json\/wp\/v2\/product_brand?post=782906"},{"taxonomy":"product_cat","embeddable":true,"href":"https:\/\/roveyayinevi.com.tr\/index.php\/wp-json\/wp\/v2\/product_cat?post=782906"},{"taxonomy":"product_tag","embeddable":true,"href":"https:\/\/roveyayinevi.com.tr\/index.php\/wp-json\/wp\/v2\/product_tag?post=782906"}],"curies":[{"name":"wp","href":"https:\/\/api.w.org\/{rel}","templated":true}]}}