{"id":782904,"date":"2026-02-23T13:05:55","date_gmt":"2026-02-23T10:05:55","guid":{"rendered":"https:\/\/roveyayinevi.com.tr\/index.php\/urun\/girdap-7\/"},"modified":"2026-04-15T03:46:14","modified_gmt":"2026-04-15T00:46:14","slug":"girdap-7","status":"publish","type":"product","link":"https:\/\/roveyayinevi.com.tr\/index.php\/urun\/girdap-7\/","title":{"rendered":"Girdap"},"content":{"rendered":"<p>Kitap Tan\u0131t\u0131m Yaz\u0131s\u0131 : (Arka Kapak) \u00d6ner Ezer Bulgar g\u00f6\u00e7meni bir ailenin \u00e7ocu\u011fu olan yazar, \u0130stanbul Sar\u0131yer\u2019de 1948 y\u0131l\u0131nda d\u00fcnyaya gelir. Sar\u0131yer Ortaokulu, devam\u0131nda da Beyo\u011flu Atat\u00fcrk Lisesi\u2019nde orta \u00f6\u011frenimini tamamlar. G\u00fczel Sanatlar Akademisine girer ancak d\u00f6nemin siyasi atmosferinden dolay\u0131 e\u011fitimini tamamlayamaz. Ticarete at\u0131l\u0131r, bir\u00e7ok i\u015f kolunda \u00e7al\u0131\u015f\u0131r, en son temizlik malzemeleri \u00fcretim ve pazarlama i\u015fi yapar, buradan da emekli olur. \u00d6ner Ezer; yay\u0131mlad\u0131\u011f\u0131 \u00fc\u00e7\u00fcnc\u00fc roman\u0131 \u201cGirdap\u201d ile ba\u015far\u0131l\u0131 kalemini bir kez daha bizimle bulu\u015fturdu. *** Kozmik bir felaket gezegeni sarsarken, k\u0131yametin en deh\u015fet verici sahnesi Atlantik\u2019in ortas\u0131nda ya\u015fan\u0131yor. Okyanusta a\u00e7\u0131lan devasa, a\u00e7g\u00f6zl\u00fc bir girdap, i\u00e7indeki binlerce canla birlikte bir yolcu gemisini karanl\u0131\u011f\u0131na \u00e7ekiyor. Zaman\u0131n h\u0131zla t\u00fckendi\u011fi, kurtulu\u015f umutlar\u0131n\u0131n suya g\u00f6m\u00fcld\u00fc\u011f\u00fc bu can pazar\u0131nda, her \u015fey pamuk ipli\u011fine ba\u011fl\u0131. Bu kaosun ortas\u0131nda sadece hayatta kalma i\u00e7g\u00fcd\u00fcs\u00fc de\u011fil; yakla\u015fan sona ra\u011fmen birbirine tutunan iki kalbin, tutkulu bir a\u015fk\u0131n direni\u015fi de en a\u011f\u0131r s\u0131nav\u0131n\u0131 veriyor. *** Tecr\u00fcbeli kalem \u00d6ner Ezer, g\u00f6ky\u00fcz\u00fcndeki kozmik deh\u015feti okyanustaki insani dramla ustal\u0131kla harmanl\u0131yor. Adrenalini y\u00fcksek, temposu bir an bile d\u00fc\u015fmeyen bu hayatta kalma destan\u0131nda nefesinizi tutacaks\u0131n\u0131z.<\/p>\n","protected":false},"excerpt":{"rendered":"<p>Kitap Tan\u0131t\u0131m Yaz\u0131s\u0131 : (Arka Kapak) \u00d6ner Ezer Bulgar g\u00f6\u00e7meni bir ailenin \u00e7ocu\u011fu olan yazar, \u0130stanbul Sar\u0131yer\u2019de 1948 y\u0131l\u0131nda d\u00fcnyaya gelir. Sar\u0131yer Ortaokulu, devam\u0131nda da Beyo\u011flu<span class=\"excerpt-hellip\"> [\u2026]<\/span><\/p>\n","protected":false},"featured_media":0,"template":"","meta":{"_monsterinsights_skip_tracking":false,"_monsterinsights_sitenote_active":false,"_monsterinsights_sitenote_note":"","_monsterinsights_sitenote_category":0},"product_brand":[],"product_cat":[12291,14777],"product_tag":[],"class_list":{"0":"post-782904","1":"product","2":"type-product","3":"status-publish","5":"product_cat-edebiyat","6":"product_cat-fantastik","7":"pa_cilt-ciltsiz","8":"pa_tur-kitap","9":"pa_yayinevi-theseus-yayinevi","10":"pa_yazar-oner-ezer","12":"first","13":"instock","14":"sale","15":"shipping-taxable","16":"purchasable","17":"product-type-simple"},"_links":{"self":[{"href":"https:\/\/roveyayinevi.com.tr\/index.php\/wp-json\/wp\/v2\/product\/782904","targetHints":{"allow":["GET"]}}],"collection":[{"href":"https:\/\/roveyayinevi.com.tr\/index.php\/wp-json\/wp\/v2\/product"}],"about":[{"href":"https:\/\/roveyayinevi.com.tr\/index.php\/wp-json\/wp\/v2\/types\/product"}],"wp:attachment":[{"href":"https:\/\/roveyayinevi.com.tr\/index.php\/wp-json\/wp\/v2\/media?parent=782904"}],"wp:term":[{"taxonomy":"product_brand","embeddable":true,"href":"https:\/\/roveyayinevi.com.tr\/index.php\/wp-json\/wp\/v2\/product_brand?post=782904"},{"taxonomy":"product_cat","embeddable":true,"href":"https:\/\/roveyayinevi.com.tr\/index.php\/wp-json\/wp\/v2\/product_cat?post=782904"},{"taxonomy":"product_tag","embeddable":true,"href":"https:\/\/roveyayinevi.com.tr\/index.php\/wp-json\/wp\/v2\/product_tag?post=782904"}],"curies":[{"name":"wp","href":"https:\/\/api.w.org\/{rel}","templated":true}]}}