{"id":782903,"date":"2026-02-23T13:05:51","date_gmt":"2026-02-23T10:05:51","guid":{"rendered":"https:\/\/roveyayinevi.com.tr\/index.php\/urun\/dort-sihirli-kardes\/"},"modified":"2026-04-15T03:46:14","modified_gmt":"2026-04-15T00:46:14","slug":"dort-sihirli-kardes","status":"publish","type":"product","link":"https:\/\/roveyayinevi.com.tr\/index.php\/urun\/dort-sihirli-kardes\/","title":{"rendered":"D\u00f6rt Sihirli Karde\u015f"},"content":{"rendered":"<p>Uzak, \u00e7ok uzak diyarlarda&#8230;Orman\u0131n kalbinde d\u00f6rt sihirli karde\u015f ya\u015farm\u0131\u015f: \u0130lkbahar, Yaz, Sonbahar ve K\u0131\u015f\u2026Her biri bir mevsimi temsil edermi\u015f; biri do\u011fa anaya uyan\u0131\u015f\u0131, biri g\u00f6ky\u00fcz\u00fcne g\u00fcne\u015fin s\u0131cakl\u0131\u011f\u0131n\u0131, biri r\u00fczg\u00e2ra yapraklar\u0131n melodisini, biri de kar tanelerine beyaz\u0131n huzurunu f\u0131s\u0131ldarm\u0131\u015f.Tu\u011fba Ta\u015fdan\u2019\u0131n kaleminden do\u011fan bu b\u00fcy\u00fcl\u00fc masal, \u201cD\u00d6RT S\u0130H\u0130RL\u0130 KARDE\u015e\u201d\u00e7ocuklar\u0131 do\u011fan\u0131n kalp at\u0131\u015f\u0131n\u0131 duymaya, karde\u015flik, sevgi ve empatiyle dolu bu yolculukta mevsimlerin d\u00f6ng\u00fcs\u00fcne e\u015flik etmeye \u00e7a\u011f\u0131r\u0131yor.Renklerin ve mevsimlerin i\u00e7 i\u00e7e ge\u00e7ti\u011fi, kalpleri \u0131s\u0131tan, hayalleri ye\u015ferten bir do\u011fa masal\u0131\u2026Do\u011fan\u0131n b\u00fcy\u00fcs\u00fcn\u00fc, karde\u015fli\u011fin s\u0131cakl\u0131\u011f\u0131n\u0131 ve ya\u015fam\u0131n g\u00fcc\u00fcn\u00fc anlatan bu hik\u00e2ye, her \u00e7ocu\u011fun kalbine d\u00f6rt mevsimlik bir sevgi tohumu ekecek.<\/p>\n","protected":false},"excerpt":{"rendered":"<p>Uzak, \u00e7ok uzak diyarlarda&#8230;Orman\u0131n kalbinde d\u00f6rt sihirli karde\u015f ya\u015farm\u0131\u015f: \u0130lkbahar, Yaz, Sonbahar ve K\u0131\u015f\u2026Her biri bir mevsimi temsil edermi\u015f; biri do\u011fa anaya uyan\u0131\u015f\u0131, biri g\u00f6ky\u00fcz\u00fcne g\u00fcne\u015fin<span class=\"excerpt-hellip\"> [\u2026]<\/span><\/p>\n","protected":false},"featured_media":0,"template":"","meta":{"_monsterinsights_skip_tracking":false,"_monsterinsights_sitenote_active":false,"_monsterinsights_sitenote_note":"","_monsterinsights_sitenote_category":0},"product_brand":[],"product_cat":[12274,12284],"product_tag":[],"class_list":{"0":"post-782903","1":"product","2":"type-product","3":"status-publish","5":"product_cat-cocuk-ve-genclik-kitaplari","6":"product_cat-hikayeler","7":"pa_cilt-ciltsiz","8":"pa_tur-kitap","9":"pa_yayinevi-perseus","10":"pa_yazar-tugba-tasdan","12":"first","13":"instock","14":"sale","15":"shipping-taxable","16":"purchasable","17":"product-type-simple"},"_links":{"self":[{"href":"https:\/\/roveyayinevi.com.tr\/index.php\/wp-json\/wp\/v2\/product\/782903","targetHints":{"allow":["GET"]}}],"collection":[{"href":"https:\/\/roveyayinevi.com.tr\/index.php\/wp-json\/wp\/v2\/product"}],"about":[{"href":"https:\/\/roveyayinevi.com.tr\/index.php\/wp-json\/wp\/v2\/types\/product"}],"wp:attachment":[{"href":"https:\/\/roveyayinevi.com.tr\/index.php\/wp-json\/wp\/v2\/media?parent=782903"}],"wp:term":[{"taxonomy":"product_brand","embeddable":true,"href":"https:\/\/roveyayinevi.com.tr\/index.php\/wp-json\/wp\/v2\/product_brand?post=782903"},{"taxonomy":"product_cat","embeddable":true,"href":"https:\/\/roveyayinevi.com.tr\/index.php\/wp-json\/wp\/v2\/product_cat?post=782903"},{"taxonomy":"product_tag","embeddable":true,"href":"https:\/\/roveyayinevi.com.tr\/index.php\/wp-json\/wp\/v2\/product_tag?post=782903"}],"curies":[{"name":"wp","href":"https:\/\/api.w.org\/{rel}","templated":true}]}}