{"id":782898,"date":"2026-02-23T13:05:34","date_gmt":"2026-02-23T10:05:34","guid":{"rendered":"https:\/\/roveyayinevi.com.tr\/index.php\/urun\/insan-olmak-nedir\/"},"modified":"2026-04-15T03:46:14","modified_gmt":"2026-04-15T00:46:14","slug":"insan-olmak-nedir","status":"publish","type":"product","link":"https:\/\/roveyayinevi.com.tr\/index.php\/urun\/insan-olmak-nedir\/","title":{"rendered":"\u0130nsan Olmak Nedir?"},"content":{"rendered":"<p>\u0130nsan Olmak Nedir?, insan ile hayvan aras\u0131ndaki s\u0131n\u0131rlar\u0131n asl\u0131nda ne kadar de\u011fi\u015fken ve k\u0131r\u0131lgan oldu\u011funu 17919 y\u0131l\u0131ndan bug\u00fcne uzanan tart\u0131\u015fmalar ba\u011flam\u0131nda ele al\u0131yor.Bourke bu kitapta, &#8220;insan\u0131 tan\u0131mlama&#8221; \u00e7abalar\u0131n\u0131 mercek alt\u0131na al\u0131rken temel bir sorunun izini s\u00fcr\u00fcyor: \u0130nsan olmak nedir? Konu\u015fmak m\u0131, d\u00fc\u015f\u00fcnmek mi, hak sahibi olmak m\u0131? Bu tan\u0131m\u0131 kim yapar?Yazara g\u00f6re bu sorular etraf\u0131nda y\u00fcr\u00fct\u00fclen t\u00fcm giri\u015fimlerin ard\u0131nda her zaman bir iktidar mant\u0131\u011f\u0131 vard\u0131r: d\u00fczeni s\u00fcrd\u00fcrmek, hiyerar\u015fiyi korumak ve baz\u0131lar\u0131n\u0131 &#8220;insan&#8221; kategorisine yerle\u015ftirerek di\u011ferlerini bu \u00e7emberin d\u0131\u015f\u0131na itmek.Elinizdeki kitap, insan ile hayvan aras\u0131ndaki s\u0131n\u0131r\u0131n nas\u0131l \u00e7izildi\u011fini ve bu s\u0131n\u0131r\u0131n kimleri &#8220;koruyup&#8221; kimleri d\u0131\u015far\u0131da b\u0131rakt\u0131\u011f\u0131n\u0131 g\u00f6steren tarihsel bir sorgulamad\u0131r.<\/p>\n","protected":false},"excerpt":{"rendered":"<p>\u0130nsan Olmak Nedir?, insan ile hayvan aras\u0131ndaki s\u0131n\u0131rlar\u0131n asl\u0131nda ne kadar de\u011fi\u015fken ve k\u0131r\u0131lgan oldu\u011funu 17919 y\u0131l\u0131ndan bug\u00fcne uzanan tart\u0131\u015fmalar ba\u011flam\u0131nda ele al\u0131yor.Bourke bu kitapta, &#8220;insan\u0131<span class=\"excerpt-hellip\"> [\u2026]<\/span><\/p>\n","protected":false},"featured_media":0,"template":"","meta":{"_monsterinsights_skip_tracking":false,"_monsterinsights_sitenote_active":false,"_monsterinsights_sitenote_note":"","_monsterinsights_sitenote_category":0},"product_brand":[],"product_cat":[12370,12304],"product_tag":[],"class_list":{"0":"post-782898","1":"product","2":"type-product","3":"status-publish","5":"product_cat-arastirma-inceleme","6":"product_cat-tarih","7":"pa_cilt-ciltsiz","8":"pa_tur-kitap","9":"pa_yayinevi-bogazici-universitesi-yayinevi","10":"pa_yazar-loanna-bourke","12":"first","13":"instock","14":"sale","15":"shipping-taxable","16":"purchasable","17":"product-type-simple"},"_links":{"self":[{"href":"https:\/\/roveyayinevi.com.tr\/index.php\/wp-json\/wp\/v2\/product\/782898","targetHints":{"allow":["GET"]}}],"collection":[{"href":"https:\/\/roveyayinevi.com.tr\/index.php\/wp-json\/wp\/v2\/product"}],"about":[{"href":"https:\/\/roveyayinevi.com.tr\/index.php\/wp-json\/wp\/v2\/types\/product"}],"wp:attachment":[{"href":"https:\/\/roveyayinevi.com.tr\/index.php\/wp-json\/wp\/v2\/media?parent=782898"}],"wp:term":[{"taxonomy":"product_brand","embeddable":true,"href":"https:\/\/roveyayinevi.com.tr\/index.php\/wp-json\/wp\/v2\/product_brand?post=782898"},{"taxonomy":"product_cat","embeddable":true,"href":"https:\/\/roveyayinevi.com.tr\/index.php\/wp-json\/wp\/v2\/product_cat?post=782898"},{"taxonomy":"product_tag","embeddable":true,"href":"https:\/\/roveyayinevi.com.tr\/index.php\/wp-json\/wp\/v2\/product_tag?post=782898"}],"curies":[{"name":"wp","href":"https:\/\/api.w.org\/{rel}","templated":true}]}}