{"id":782894,"date":"2026-02-23T13:05:21","date_gmt":"2026-02-23T10:05:21","guid":{"rendered":"https:\/\/roveyayinevi.com.tr\/index.php\/urun\/sanat-ve-ozgurluk-felsefe-sanat-politika\/"},"modified":"2026-04-15T03:46:14","modified_gmt":"2026-04-15T00:46:14","slug":"sanat-ve-ozgurluk-felsefe-sanat-politika","status":"publish","type":"product","link":"https:\/\/roveyayinevi.com.tr\/index.php\/urun\/sanat-ve-ozgurluk-felsefe-sanat-politika\/","title":{"rendered":"Sanat Ve \u00d6zg\u00fcrl\u00fck Felsefe Sanat Politika"},"content":{"rendered":"<p>\u00d6zg\u00fcrl\u00fck ve sanat ili\u015fkisini felsefi ve politik a\u00e7\u0131dan irdeleyen bu kitap yarat\u0131c\u0131 d\u00fc\u015f\u00fcncenin bireysel ve toplumsal \u00f6zg\u00fcrle\u015fme s\u00fcre\u00e7lerindeki yerini \u00e7ok y\u00f6nl\u00fc bir perspektifle tart\u0131\u015f\u0131yor. Sanat\u0131n d\u00f6n\u00fc\u015ft\u00fcr\u00fcc\u00fc g\u00fcc\u00fcn\u00fc politik bir direni\u015f alan\u0131 olarak ele alan, \u00e7a\u011fda\u015f d\u00fcnyan\u0131n dijital yap\u0131lar\u0131 i\u00e7inde hakikati savunman\u0131n nas\u0131l bir politik ve etik sorumlulu\u011fa d\u00f6n\u00fc\u015ft\u00fc\u011f\u00fcn\u00fc sorgulayan, d\u00fc\u015f\u00fcnmenin performatif boyutlar\u0131n\u0131 felsefi olanla olmayan, eylemle temsil aras\u0131ndaki ge\u00e7i\u015fken alanlar\u0131 g\u00f6r\u00fcn\u00fcr k\u0131larak okura yeni bir kavramsal ve kuramsal \u00e7er\u00e7eve sunmaya \u00e7al\u0131\u015f\u0131yor.<\/p>\n","protected":false},"excerpt":{"rendered":"<p>\u00d6zg\u00fcrl\u00fck ve sanat ili\u015fkisini felsefi ve politik a\u00e7\u0131dan irdeleyen bu kitap yarat\u0131c\u0131 d\u00fc\u015f\u00fcncenin bireysel ve toplumsal \u00f6zg\u00fcrle\u015fme s\u00fcre\u00e7lerindeki yerini \u00e7ok y\u00f6nl\u00fc bir perspektifle tart\u0131\u015f\u0131yor. Sanat\u0131n d\u00f6n\u00fc\u015ft\u00fcr\u00fcc\u00fc<span class=\"excerpt-hellip\"> [\u2026]<\/span><\/p>\n","protected":false},"featured_media":0,"template":"","meta":{"_monsterinsights_skip_tracking":false,"_monsterinsights_sitenote_active":false,"_monsterinsights_sitenote_note":"","_monsterinsights_sitenote_category":0},"product_brand":[],"product_cat":[12408],"product_tag":[],"class_list":{"0":"post-782894","1":"product","2":"type-product","3":"status-publish","5":"product_cat-sanat","6":"pa_cilt-ciltsiz","7":"pa_tur-kitap","8":"pa_yayinevi-nika-yayinevi","9":"pa_yazar-eray-yaganak","11":"first","12":"instock","13":"sale","14":"shipping-taxable","15":"purchasable","16":"product-type-simple"},"_links":{"self":[{"href":"https:\/\/roveyayinevi.com.tr\/index.php\/wp-json\/wp\/v2\/product\/782894","targetHints":{"allow":["GET"]}}],"collection":[{"href":"https:\/\/roveyayinevi.com.tr\/index.php\/wp-json\/wp\/v2\/product"}],"about":[{"href":"https:\/\/roveyayinevi.com.tr\/index.php\/wp-json\/wp\/v2\/types\/product"}],"wp:attachment":[{"href":"https:\/\/roveyayinevi.com.tr\/index.php\/wp-json\/wp\/v2\/media?parent=782894"}],"wp:term":[{"taxonomy":"product_brand","embeddable":true,"href":"https:\/\/roveyayinevi.com.tr\/index.php\/wp-json\/wp\/v2\/product_brand?post=782894"},{"taxonomy":"product_cat","embeddable":true,"href":"https:\/\/roveyayinevi.com.tr\/index.php\/wp-json\/wp\/v2\/product_cat?post=782894"},{"taxonomy":"product_tag","embeddable":true,"href":"https:\/\/roveyayinevi.com.tr\/index.php\/wp-json\/wp\/v2\/product_tag?post=782894"}],"curies":[{"name":"wp","href":"https:\/\/api.w.org\/{rel}","templated":true}]}}