{"id":782889,"date":"2026-02-23T13:05:04","date_gmt":"2026-02-23T10:05:04","guid":{"rendered":"https:\/\/roveyayinevi.com.tr\/index.php\/urun\/grev-kiricilar\/"},"modified":"2026-04-15T03:46:14","modified_gmt":"2026-04-15T00:46:14","slug":"grev-kiricilar","status":"publish","type":"product","link":"https:\/\/roveyayinevi.com.tr\/index.php\/urun\/grev-kiricilar\/","title":{"rendered":"Grev K\u0131r\u0131c\u0131lar"},"content":{"rendered":"<p>\u201cGrev k\u0131r\u0131c\u0131lar; i\u015f\u00e7iler ve sendikalar taraf\u0131ndan istisnas\u0131z her \u00fclkede \u2018hain\u2019, \u2018d\u00f6nek\u2019 gibi s\u0131fatlarla a\u015fa\u011f\u0131lan\u0131rken, 20. y\u00fczy\u0131l\u0131n ilk \u00e7eyre\u011fine kadar \u00e7o\u011funlukla g\u00f6\u00e7men kar\u015f\u0131t\u0131 \u0131rk\u00e7\u0131 ifadelerle tan\u0131mlanm\u0131\u015flard\u0131r. \u0130\u015f\u00e7iler ve sendikalar a\u00e7\u0131s\u0131ndan dayan\u0131\u015fmay\u0131 bozan ve \u00f6rg\u00fctl\u00fc eme\u011fin kolektif hareket etme kabiliyetini sekteye u\u011fratan grev k\u0131r\u0131c\u0131lar, i\u015fverenler ve devlet i\u00e7in ise \u2018\u00e7al\u0131\u015fma haklar\u0131n\u0131\u2019 kullanan kahramanlar olmu\u015flard\u0131r.\u201d Grev, is\u00e7ilerin s\u0131n\u0131f m\u00fccadelesindeki en etkili ara\u00e7lar\u0131ndan biri. Grev k\u0131r\u0131c\u0131l\u0131k, sermayenin bu arac\u0131 etkisizle\u015ftirmek i\u00e7in ba\u015fvurdu\u011fu \u201chaince\u201d bir yol\u2026 Aykut G\u00fcnel Grev K\u0131r\u0131c\u0131lar\u2019da, d\u00fcnyada ve T\u00fcrkiye\u2019de grev k\u0131r\u0131c\u0131l\u0131\u011f\u0131n\u0131n tarihini ve toplumsal ger\u00e7ekli\u011fini irdeliyor. \u0130\u015f\u00e7i casuslu\u011fundan, grev k\u0131r\u0131c\u0131 \u00f6zel \u00f6rg\u00fctlerden, kara listelerle yarat\u0131lan tehditlere, tabii ki \u015fiddet kullanmaktan, sar\u0131 sendikalara ve k\u00e2\u011f\u0131t \u00fczerindeki \u201chayalet sendikalara\u201d, \u00e7e\u015fit \u00e7e\u015fit y\u00f6ntemlerin, taktiklerin kullan\u0131lageldi\u011fini g\u00f6r\u00fcyoruz. \u0130\u015f\u00e7ilerin grev k\u0131r\u0131c\u0131lara kar\u015f\u0131 geli\u015ftirdi\u011fi taktikleri de g\u00f6r\u00fcyoruz. Kitap, 2000\u2019lerin iki \u00f6nemli deneyimi olan T\u00fcrk Telekom ve T\u00fcrk Hava Yollar\u0131 grevleri \u00f6rne\u011finde, grev k\u0131r\u0131c\u0131l\u0131\u011f\u0131 prati\u011fini b\u00fct\u00fcn y\u00f6nleriyle masaya yat\u0131r\u0131yor.<\/p>\n","protected":false},"excerpt":{"rendered":"<p>\u201cGrev k\u0131r\u0131c\u0131lar; i\u015f\u00e7iler ve sendikalar taraf\u0131ndan istisnas\u0131z her \u00fclkede \u2018hain\u2019, \u2018d\u00f6nek\u2019 gibi s\u0131fatlarla a\u015fa\u011f\u0131lan\u0131rken, 20. y\u00fczy\u0131l\u0131n ilk \u00e7eyre\u011fine kadar \u00e7o\u011funlukla g\u00f6\u00e7men kar\u015f\u0131t\u0131 \u0131rk\u00e7\u0131 ifadelerle tan\u0131mlanm\u0131\u015flard\u0131r. \u0130\u015f\u00e7iler<span class=\"excerpt-hellip\"> [\u2026]<\/span><\/p>\n","protected":false},"featured_media":0,"template":"","meta":{"_monsterinsights_skip_tracking":false,"_monsterinsights_sitenote_active":false,"_monsterinsights_sitenote_note":"","_monsterinsights_sitenote_category":0},"product_brand":[],"product_cat":[13072,12291],"product_tag":[],"class_list":{"0":"post-782889","1":"product","2":"type-product","3":"status-publish","5":"product_cat-arastirma-inceleme-referans","6":"product_cat-edebiyat","7":"pa_cilt-ciltsiz","8":"pa_tur-kitap","9":"pa_yayinevi-iletisim-yayinlari","10":"pa_yazar-aykut-gunel","12":"first","13":"instock","14":"sale","15":"shipping-taxable","16":"purchasable","17":"product-type-simple"},"_links":{"self":[{"href":"https:\/\/roveyayinevi.com.tr\/index.php\/wp-json\/wp\/v2\/product\/782889","targetHints":{"allow":["GET"]}}],"collection":[{"href":"https:\/\/roveyayinevi.com.tr\/index.php\/wp-json\/wp\/v2\/product"}],"about":[{"href":"https:\/\/roveyayinevi.com.tr\/index.php\/wp-json\/wp\/v2\/types\/product"}],"wp:attachment":[{"href":"https:\/\/roveyayinevi.com.tr\/index.php\/wp-json\/wp\/v2\/media?parent=782889"}],"wp:term":[{"taxonomy":"product_brand","embeddable":true,"href":"https:\/\/roveyayinevi.com.tr\/index.php\/wp-json\/wp\/v2\/product_brand?post=782889"},{"taxonomy":"product_cat","embeddable":true,"href":"https:\/\/roveyayinevi.com.tr\/index.php\/wp-json\/wp\/v2\/product_cat?post=782889"},{"taxonomy":"product_tag","embeddable":true,"href":"https:\/\/roveyayinevi.com.tr\/index.php\/wp-json\/wp\/v2\/product_tag?post=782889"}],"curies":[{"name":"wp","href":"https:\/\/api.w.org\/{rel}","templated":true}]}}