{"id":782887,"date":"2026-02-23T13:04:59","date_gmt":"2026-02-23T10:04:59","guid":{"rendered":"https:\/\/roveyayinevi.com.tr\/index.php\/urun\/istanbul-1914-1922-war-collapse-occupation-and-the-history-of-resistance\/"},"modified":"2026-04-15T03:46:14","modified_gmt":"2026-04-15T00:46:14","slug":"istanbul-1914-1922-war-collapse-occupation-and-the-history-of-resistance","status":"publish","type":"product","link":"https:\/\/roveyayinevi.com.tr\/index.php\/urun\/istanbul-1914-1922-war-collapse-occupation-and-the-history-of-resistance\/","title":{"rendered":"Istanbul 1914 1922 War Collapse Occupation And The History of Resistance"},"content":{"rendered":"<p>1914 ve 1922 y\u0131llar\u0131 aras\u0131 \u0130stanbul i\u00e7in radikal bir kopu\u015f ve d\u00f6n\u00fc\u015f\u00fcm d\u00f6nemiydi. Bu kitap, Kas\u0131m 2022&#8217;de \u0130stanbul&#8217;da d\u00fczenlenen \u201c\u0130stanbul 1914-1922: Sava\u015f, \u00c7\u00f6k\u00fc\u015f, \u0130\u015fgal ve Direni\u015f Tarihi\u201d ba\u015fl\u0131kl\u0131 uluslararas\u0131 konferansta sunulan bildirilerin bir derlemesidir. Birinci D\u00fcnya Sava\u015f\u0131, Mudros Ate\u015fkesi ve M\u00fcttefik i\u015fgali d\u00f6nemini kapsayan kitap, ayn\u0131 anda siyasi kutupla\u015fman\u0131n sahnesi, beyaz Rus g\u00f6\u00e7menleri i\u00e7in bir s\u0131\u011f\u0131nak ve \u201culusal m\u00fccadele\u201d hareketinin \u00f6rg\u00fctlenme merkezi olarak hareket eden bir \u015fehri inceliyor. Tarih, sosyoloji, ekonomi tarihi ve k\u00fclt\u00fcr \u00e7al\u0131\u015fmalar\u0131ndan bak\u0131\u015f a\u00e7\u0131lar\u0131n\u0131 bir araya getiren ve \u00e7e\u015fitli devlet ar\u015fivleri ile ki\u015fisel anlat\u0131lar\u0131 kullanan bu yay\u0131n, g\u00f6\u00e7menlik, diplomasi, edebiyat ve tiyatro gibi \u00e7e\u015fitli konular\u0131n yan\u0131 s\u0131ra, bu gergin d\u00f6nemde \u0130stanbul&#8217;un \u00e7e\u015fitli topluluklar\u0131n\u0131n direni\u015finin s\u00fcreklili\u011fini ve hayatta kalma stratejilerini ele al\u0131yor. \u201cY\u00f6netim \u00f6zellikle 1914 Yenik\u00f6y Anla\u015fmas\u0131&#8217;ndan sonra \u2018kal\u0131c\u0131 g\u00fcvenlik aray\u0131\u015f\u0131\u2019 sarmal\u0131na kap\u0131lm\u0131\u015ft\u0131. \u0130nan\u0131yorum ki bu varolu\u015fsal korku, kolektif kayg\u0131 ve \u00fclkedeki t\u00fcm olaylar\u0131 \u2018d\u0131\u015f d\u00fc\u015fmanlarla\u2019 ili\u015fkilendirmeye yol a\u00e7an zihinsel durum, [&#8230;] hem y\u00f6neticileri hem de s\u0131radan vatanda\u015flar\u0131 tuza\u011fa d\u00fc\u015fm\u00fc\u015f bireylere d\u00f6n\u00fc\u015ft\u00fcrd\u00fc.\u201d (Ayhan Aktar,<\/p>\n","protected":false},"excerpt":{"rendered":"<p>1914 ve 1922 y\u0131llar\u0131 aras\u0131 \u0130stanbul i\u00e7in radikal bir kopu\u015f ve d\u00f6n\u00fc\u015f\u00fcm d\u00f6nemiydi. Bu kitap, Kas\u0131m 2022&#8217;de \u0130stanbul&#8217;da d\u00fczenlenen \u201c\u0130stanbul 1914-1922: Sava\u015f, \u00c7\u00f6k\u00fc\u015f, \u0130\u015fgal ve Direni\u015f<span class=\"excerpt-hellip\"> [\u2026]<\/span><\/p>\n","protected":false},"featured_media":0,"template":"","meta":{"_monsterinsights_skip_tracking":false,"_monsterinsights_sitenote_active":false,"_monsterinsights_sitenote_note":"","_monsterinsights_sitenote_category":0},"product_brand":[],"product_cat":[12472],"product_tag":[],"class_list":{"0":"post-782887","1":"product","2":"type-product","3":"status-publish","5":"product_cat-yabanci-dilde-kitaplar","6":"pa_cilt-ciltsiz","7":"pa_tur-kitap","8":"pa_yayinevi-hrant-dink-vakfi-yayinlari","9":"pa_yazar-kolektif","11":"first","12":"instock","13":"sale","14":"shipping-taxable","15":"purchasable","16":"product-type-simple"},"_links":{"self":[{"href":"https:\/\/roveyayinevi.com.tr\/index.php\/wp-json\/wp\/v2\/product\/782887","targetHints":{"allow":["GET"]}}],"collection":[{"href":"https:\/\/roveyayinevi.com.tr\/index.php\/wp-json\/wp\/v2\/product"}],"about":[{"href":"https:\/\/roveyayinevi.com.tr\/index.php\/wp-json\/wp\/v2\/types\/product"}],"wp:attachment":[{"href":"https:\/\/roveyayinevi.com.tr\/index.php\/wp-json\/wp\/v2\/media?parent=782887"}],"wp:term":[{"taxonomy":"product_brand","embeddable":true,"href":"https:\/\/roveyayinevi.com.tr\/index.php\/wp-json\/wp\/v2\/product_brand?post=782887"},{"taxonomy":"product_cat","embeddable":true,"href":"https:\/\/roveyayinevi.com.tr\/index.php\/wp-json\/wp\/v2\/product_cat?post=782887"},{"taxonomy":"product_tag","embeddable":true,"href":"https:\/\/roveyayinevi.com.tr\/index.php\/wp-json\/wp\/v2\/product_tag?post=782887"}],"curies":[{"name":"wp","href":"https:\/\/api.w.org\/{rel}","templated":true}]}}