{"id":782885,"date":"2026-02-23T13:04:52","date_gmt":"2026-02-23T10:04:52","guid":{"rendered":"https:\/\/roveyayinevi.com.tr\/index.php\/urun\/golge-tilki\/"},"modified":"2026-04-15T03:46:13","modified_gmt":"2026-04-15T00:46:13","slug":"golge-tilki","status":"publish","type":"product","link":"https:\/\/roveyayinevi.com.tr\/index.php\/urun\/golge-tilki\/","title":{"rendered":"G\u00f6lge Tilki"},"content":{"rendered":"<p>enim ad\u0131m YAAAARRRRWWWAAAAAARRR. Karda bir tav\u015fan\u0131n \u00fczerine atlarken att\u0131\u011f\u0131m \u00e7\u0131\u011fl\u0131\u011f\u0131 d\u00fc\u015f\u00fcnerek s\u00f6ylemen gerekiyor. Ba\u015fka bir ad\u0131m daha var ama sana bunu hen\u00fcz s\u00f6yleyemem \u00e7\u00fcnk\u00fc hik\u00e2ye mahvolur. Ama bu hik\u00e2yenin tilkilerle ilgili oldu\u011funu s\u00f6yleyebilirim. \u0130nsan k\u0131zla tan\u0131\u015ft\u0131\u011f\u0131m gece ba\u015fl\u0131yor. G\u00fczel bir hik\u00e2ye. Dikkatle dinle. Tilkiler ve insanlar genellikle bir araya gelmezler, geldiklerinde de iyi anla\u015famazlar. Ama s\u00f6z konusu sevdi\u011fimiz insanlar ve kurtar\u0131lacak yerler oldu\u011funda baz\u0131 do\u011fru bildiklerimiz de\u011fi\u015febilir. G\u00f6lge Tilki, \u00e7ok satan Ben Cosmo, Kedi Olarak Hayat\u0131m ve Sevgiler, Clementine kitaplar\u0131n\u0131n yazar\u0131 Carlie Sorosiak\u2019tan dostluk, macera ve do\u011fa hakk\u0131nda yepyeni bir hik\u00e2ye.<\/p>\n","protected":false},"excerpt":{"rendered":"<p>enim ad\u0131m YAAAARRRRWWWAAAAAARRR. Karda bir tav\u015fan\u0131n \u00fczerine atlarken att\u0131\u011f\u0131m \u00e7\u0131\u011fl\u0131\u011f\u0131 d\u00fc\u015f\u00fcnerek s\u00f6ylemen gerekiyor. Ba\u015fka bir ad\u0131m daha var ama sana bunu hen\u00fcz s\u00f6yleyemem \u00e7\u00fcnk\u00fc hik\u00e2ye mahvolur.<span class=\"excerpt-hellip\"> [\u2026]<\/span><\/p>\n","protected":false},"featured_media":0,"template":"","meta":{"_monsterinsights_skip_tracking":false,"_monsterinsights_sitenote_active":false,"_monsterinsights_sitenote_note":"","_monsterinsights_sitenote_category":0},"product_brand":[],"product_cat":[12274,12284],"product_tag":[],"class_list":{"0":"post-782885","1":"product","2":"type-product","3":"status-publish","5":"product_cat-cocuk-ve-genclik-kitaplari","6":"product_cat-hikayeler","7":"pa_cilt-ciltsiz","8":"pa_tur-kitap","9":"pa_yayinevi-genc-timas","10":"pa_yazar-carlie-sorosiak","12":"first","13":"instock","14":"sale","15":"shipping-taxable","16":"purchasable","17":"product-type-simple"},"_links":{"self":[{"href":"https:\/\/roveyayinevi.com.tr\/index.php\/wp-json\/wp\/v2\/product\/782885","targetHints":{"allow":["GET"]}}],"collection":[{"href":"https:\/\/roveyayinevi.com.tr\/index.php\/wp-json\/wp\/v2\/product"}],"about":[{"href":"https:\/\/roveyayinevi.com.tr\/index.php\/wp-json\/wp\/v2\/types\/product"}],"wp:attachment":[{"href":"https:\/\/roveyayinevi.com.tr\/index.php\/wp-json\/wp\/v2\/media?parent=782885"}],"wp:term":[{"taxonomy":"product_brand","embeddable":true,"href":"https:\/\/roveyayinevi.com.tr\/index.php\/wp-json\/wp\/v2\/product_brand?post=782885"},{"taxonomy":"product_cat","embeddable":true,"href":"https:\/\/roveyayinevi.com.tr\/index.php\/wp-json\/wp\/v2\/product_cat?post=782885"},{"taxonomy":"product_tag","embeddable":true,"href":"https:\/\/roveyayinevi.com.tr\/index.php\/wp-json\/wp\/v2\/product_tag?post=782885"}],"curies":[{"name":"wp","href":"https:\/\/api.w.org\/{rel}","templated":true}]}}