{"id":782883,"date":"2026-02-23T13:04:46","date_gmt":"2026-02-23T10:04:46","guid":{"rendered":"https:\/\/roveyayinevi.com.tr\/index.php\/urun\/oluklu-cizgi-calismasi\/"},"modified":"2026-04-15T03:46:13","modified_gmt":"2026-04-15T00:46:13","slug":"oluklu-cizgi-calismasi","status":"publish","type":"product","link":"https:\/\/roveyayinevi.com.tr\/index.php\/urun\/oluklu-cizgi-calismasi\/","title":{"rendered":"Oluklu \u00c7izgi \u00c7al\u0131\u015fmas\u0131"},"content":{"rendered":"<p>Dikkat At\u00f6lyesi Yay\u0131nlar\u0131 Oluklu \u00c7izgi \u00c7al\u0131\u015fmas\u0131, \u00e7ocuklar\u0131n dikkat, odaklanma ve ince motor becerilerini geli\u015ftirmek amac\u0131yla \u00f6zenle haz\u0131rlanm\u0131\u015f bir etkinlik kitab\u0131d\u0131r. Paralel, d\u00fczenli ve y\u00f6nl\u00fc \u00e7izgi \u00e7al\u0131\u015fmalar\u0131 sayesinde \u00e7ocuklar i\u00e7in hem el-g\u00f6z koordinasyonlar\u0131n\u0131 g\u00fc\u00e7lendirir hem de yazmaya haz\u0131rl\u0131k s\u00fcrecinde \u00f6nemli bir ad\u0131m atar.     Kitapta yer alan a\u015famal\u0131 etkinlikler \u00e7ocuklar\u0131n g\u00f6rsel alg\u0131, \u00e7izgi takibi y\u00f6n kavram\u0131 ve hayal g\u00fcc\u00fcn\u00fc desteklerken, \u00f6\u011frenmeyi e\u011flenceli hale ve motive edici hale getirir. S\u0131k \u2013 seyrek, d\u00fcz \u2013 dalgal\u0131 ve y\u00f6n de\u011fi\u015ftiren oluklu \u00e7izgiler, dikkat s\u00fcresini art\u0131rmaya yard\u0131mc\u0131 olur.    Okul \u00f6ncesi ve ilkokul d\u00fczeyine uygun olarak haz\u0131rlanan bu \u00e7al\u0131\u015fma, \u00f6\u011fretmenler, ebeveynler ve uzmanlar i\u00e7in etkili bir yard\u0131mc\u0131 kaynakt\u0131r. Dikkat At\u00f6lyesi Yay\u0131nlar\u0131\u2019n\u0131n pedagojik yakla\u015f\u0131m\u0131yla haz\u0131rlanan Oluklu \u00c7izgi \u00c7al\u0131\u015fmas\u0131, \u00e7ocuklar\u0131n \u00f6\u011frenme s\u00fcrecine sa\u011flam ve keyifli bir temel sunar.<\/p>\n","protected":false},"excerpt":{"rendered":"<p>Dikkat At\u00f6lyesi Yay\u0131nlar\u0131 Oluklu \u00c7izgi \u00c7al\u0131\u015fmas\u0131, \u00e7ocuklar\u0131n dikkat, odaklanma ve ince motor becerilerini geli\u015ftirmek amac\u0131yla \u00f6zenle haz\u0131rlanm\u0131\u015f bir etkinlik kitab\u0131d\u0131r. Paralel, d\u00fczenli ve y\u00f6nl\u00fc \u00e7izgi \u00e7al\u0131\u015fmalar\u0131<span class=\"excerpt-hellip\"> [\u2026]<\/span><\/p>\n","protected":false},"featured_media":0,"template":"","meta":{"_monsterinsights_skip_tracking":false,"_monsterinsights_sitenote_active":false,"_monsterinsights_sitenote_note":"","_monsterinsights_sitenote_category":0},"product_brand":[],"product_cat":[12274,15842],"product_tag":[],"class_list":{"0":"post-782883","1":"product","2":"type-product","3":"status-publish","5":"product_cat-cocuk-ve-genclik-kitaplari","6":"product_cat-egitici-kitaplar","7":"pa_cilt-ciltsiz","8":"pa_tur-kitap","9":"pa_yayinevi-dikkat-atolyesi-yayinlari","10":"pa_yazar-kolektif","12":"first","13":"instock","14":"sale","15":"shipping-taxable","16":"purchasable","17":"product-type-simple"},"_links":{"self":[{"href":"https:\/\/roveyayinevi.com.tr\/index.php\/wp-json\/wp\/v2\/product\/782883","targetHints":{"allow":["GET"]}}],"collection":[{"href":"https:\/\/roveyayinevi.com.tr\/index.php\/wp-json\/wp\/v2\/product"}],"about":[{"href":"https:\/\/roveyayinevi.com.tr\/index.php\/wp-json\/wp\/v2\/types\/product"}],"wp:attachment":[{"href":"https:\/\/roveyayinevi.com.tr\/index.php\/wp-json\/wp\/v2\/media?parent=782883"}],"wp:term":[{"taxonomy":"product_brand","embeddable":true,"href":"https:\/\/roveyayinevi.com.tr\/index.php\/wp-json\/wp\/v2\/product_brand?post=782883"},{"taxonomy":"product_cat","embeddable":true,"href":"https:\/\/roveyayinevi.com.tr\/index.php\/wp-json\/wp\/v2\/product_cat?post=782883"},{"taxonomy":"product_tag","embeddable":true,"href":"https:\/\/roveyayinevi.com.tr\/index.php\/wp-json\/wp\/v2\/product_tag?post=782883"}],"curies":[{"name":"wp","href":"https:\/\/api.w.org\/{rel}","templated":true}]}}