{"id":782879,"date":"2026-02-23T13:04:32","date_gmt":"2026-02-23T10:04:32","guid":{"rendered":"https:\/\/roveyayinevi.com.tr\/index.php\/urun\/sifa-sanati\/"},"modified":"2026-04-15T03:46:12","modified_gmt":"2026-04-15T00:46:12","slug":"sifa-sanati","status":"publish","type":"product","link":"https:\/\/roveyayinevi.com.tr\/index.php\/urun\/sifa-sanati\/","title":{"rendered":"\u015eifa Sanat\u0131"},"content":{"rendered":"<p>\u0130nsan, yarat\u0131l\u0131\u015f\u0131 gere\u011fi bedenine ve ruhuna emanet edilen dengeyi korumakla sorumlu k\u0131l\u0131nm\u0131\u015ft\u0131r. Bu denge aray\u0131\u015f\u0131nda as\u0131rlard\u0131r kullan\u0131lan y\u00f6ntemler hem f\u0131trat\u0131n hikmetine hem de \u00fcmmetin sahih gelene\u011fine dayan\u0131r. Hacamat, s\u00fcl\u00fck ve ate\u015fli kupa uygulamalar\u0131 da bu kadim miras\u0131n \u00f6nemli par\u00e7alar\u0131 olarak, insan\u0131n Rabb\u2019inin yaratt\u0131\u011f\u0131 do\u011fal d\u00fczenle uyumlu bir yakla\u015f\u0131m sunar. Peygamber Efendimiz \u2019in (s.a.v.) tavsiyeleriyle k\u0131ymeti bilinen bu uygulamalar, tarihin farkl\u0131 d\u00f6nemlerinde farkl\u0131 \u015fekillerde uygulanm\u0131\u015f; fakat \u00f6z\u00fcnde, insan\u0131n f\u0131trat\u0131na uygun ar\u0131nma, denge ve i\u00e7 huzur iste\u011fine kar\u015f\u0131l\u0131k gelmi\u015ftir. Bu kitap, s\u00f6z konusu y\u00f6ntemleri hem k\u00f6kleri hem de manevi boyutlar\u0131yla bir b\u00fct\u00fcnl\u00fck i\u00e7inde ele almay\u0131 ama\u00e7lamaktad\u0131r. Gayemiz; okuyucuyu, yarat\u0131l\u0131\u015f\u0131n hikmetiyle \u00f6rt\u00fc\u015fen sade bir bak\u0131\u015fa davet ederken, bu ilmin kadim bir emanet oldu\u011funu hat\u0131rlatmakt\u0131r. Sayfalar aras\u0131nda ilerlerken, f\u0131trat\u0131n sesine kulak veren her insan\u0131n istifade edece\u011fi bir yolculuk sunmay\u0131 niyaz ediyoruz. Rabbimizin inayetiyle, bu eserin g\u00f6n\u00fcllere a\u00e7\u0131kl\u0131k ve idrak kazand\u0131rmas\u0131n\u0131 dilerim.<\/p>\n","protected":false},"excerpt":{"rendered":"<p>\u0130nsan, yarat\u0131l\u0131\u015f\u0131 gere\u011fi bedenine ve ruhuna emanet edilen dengeyi korumakla sorumlu k\u0131l\u0131nm\u0131\u015ft\u0131r. Bu denge aray\u0131\u015f\u0131nda as\u0131rlard\u0131r kullan\u0131lan y\u00f6ntemler hem f\u0131trat\u0131n hikmetine hem de \u00fcmmetin sahih gelene\u011fine<span class=\"excerpt-hellip\"> [\u2026]<\/span><\/p>\n","protected":false},"featured_media":0,"template":"","meta":{"_monsterinsights_skip_tracking":false,"_monsterinsights_sitenote_active":false,"_monsterinsights_sitenote_note":"","_monsterinsights_sitenote_category":0},"product_brand":[],"product_cat":[13036,12718,12719],"product_tag":[],"class_list":{"0":"post-782879","1":"product","2":"type-product","3":"status-publish","5":"product_cat-arastirma-inceleme-islam","6":"product_cat-din","7":"product_cat-islam","8":"pa_cilt-ciltsiz","9":"pa_tur-kitap","10":"pa_yayinevi-raven-yayinevi","11":"pa_yazar-neslihan-tokay","12":"pa_yazar-saliha-sultan-batur","14":"first","15":"instock","16":"sale","17":"shipping-taxable","18":"purchasable","19":"product-type-simple"},"_links":{"self":[{"href":"https:\/\/roveyayinevi.com.tr\/index.php\/wp-json\/wp\/v2\/product\/782879","targetHints":{"allow":["GET"]}}],"collection":[{"href":"https:\/\/roveyayinevi.com.tr\/index.php\/wp-json\/wp\/v2\/product"}],"about":[{"href":"https:\/\/roveyayinevi.com.tr\/index.php\/wp-json\/wp\/v2\/types\/product"}],"wp:attachment":[{"href":"https:\/\/roveyayinevi.com.tr\/index.php\/wp-json\/wp\/v2\/media?parent=782879"}],"wp:term":[{"taxonomy":"product_brand","embeddable":true,"href":"https:\/\/roveyayinevi.com.tr\/index.php\/wp-json\/wp\/v2\/product_brand?post=782879"},{"taxonomy":"product_cat","embeddable":true,"href":"https:\/\/roveyayinevi.com.tr\/index.php\/wp-json\/wp\/v2\/product_cat?post=782879"},{"taxonomy":"product_tag","embeddable":true,"href":"https:\/\/roveyayinevi.com.tr\/index.php\/wp-json\/wp\/v2\/product_tag?post=782879"}],"curies":[{"name":"wp","href":"https:\/\/api.w.org\/{rel}","templated":true}]}}