{"id":782876,"date":"2026-02-23T13:04:25","date_gmt":"2026-02-23T10:04:25","guid":{"rendered":"https:\/\/roveyayinevi.com.tr\/index.php\/urun\/yeraltindan-notlar-2-2\/"},"modified":"2026-04-15T03:46:12","modified_gmt":"2026-04-15T00:46:12","slug":"yeraltindan-notlar-2-2","status":"publish","type":"product","link":"https:\/\/roveyayinevi.com.tr\/index.php\/urun\/yeraltindan-notlar-2-2\/","title":{"rendered":"Yeralt\u0131ndan Notlar &#8211; 2"},"content":{"rendered":"<p>Myrina Yay\u0131nlar\u0131 taraf\u0131ndan yay\u0131mlanan \u201cYeralt\u0131ndan Notlar-2: 2025 Y\u0131l\u0131 Fiziki Antropoloji ve Paleoantropoloji Ara\u015ft\u0131rmalar\u0131\u201d adl\u0131 bu eser, T\u00fcrkiye\u2019de ve uluslararas\u0131 alanda y\u00fcr\u00fct\u00fclen g\u00fcncel \u00e7al\u0131\u015fmalar\u0131n disiplinleraras\u0131 bir yans\u0131mas\u0131 olarak haz\u0131rlanm\u0131\u015ft\u0131r. Kitapta yer alan b\u00f6l\u00fcmler, konusunda uzman bilim insanlar\u0131 taraf\u0131ndan haz\u0131rlanm\u0131\u015f \u00f6zg\u00fcn ara\u015ft\u0131rmalardan olu\u015fmaktad\u0131r. Myrina Yay\u0131nlar\u0131 olarak, \u201cYeralt\u0131ndan Notlar\u201d ad\u0131 alt\u0131nda arkeoloji ve Antropoloji ara\u015ft\u0131rmalar\u0131na destek verip, d\u00fczenli olarak her y\u0131l yay\u0131mlamay\u0131 planl\u0131yoruz. Bu kitap haz\u0131rlanmas\u0131nda eme\u011fi ge\u00e7en b\u00fct\u00fcn edit\u00f6rlerimize, yay\u0131n kurulu \u00fcyelerimize ve yazarlar\u0131m\u0131za te\u015fekk\u00fcr ederiz. \u0130\u00c7\u0130NDEK\u0130LEROylum H\u00f6y\u00fck Erken Tun\u00e7 \u00c7a\u011f\u0131 \u0130nsanlar\u0131(Ay\u015fen A\u00e7\u0131kkol)Ge\u00e7 Osmanl\u0131 D\u00f6nemi \u0130skeletlerinde Talasemi: Sinop Balatlar Kilisesi \u00d6rne\u011fi(Mustafa Tolga \u00c7\u0131rak-Melek G\u00fcl) Adli Antropoloji ve Yapay Zek\u00e2 Uygulamalar\u0131(Nevin G\u00f6ksal)Eski Anadolu Toplumlar\u0131nda T\u00fcberk\u00fclozun \u0130zleri ve Biyok\u00fclt\u00fcrel Yakla\u015f\u0131m(P\u0131nar G\u00f6zl\u00fck K\u0131rm\u0131z\u0131o\u011flu-Fadime Suata Alpaslan) Isotopic Approaches to Reconstructing Paleoenvironment and Paleoecology(Tolga K\u00f6ro\u011flu) Miyosen D\u00f6nem Anadolu Paleoco\u011frafyas\u0131 ve G\u00fcn\u00fcm\u00fcz Omurgal\u0131 Fosil Lokaliteleri Kaz\u0131lar\u0131(Serpil \u00d6zdemir \u00d6zbey) Sofular Fosil Lokaliteleri\u2019nin Pikermiyen Kronofaunas\u0131ndaki Yeri(\u00d6zge Kahya Par\u0131ldar) D\u00fcnden Bug\u00fcne Fiziki Antropoloji(Ece Sinano\u011flu Ekti) Paleopatolojik Perspektiften Sinop Kurtarma Kaz\u0131s\u0131\u0130nsan \u0130skeletlerinde Di\u015f Sa\u011fl\u0131\u011f\u0131(Ay\u015feg\u00fcl \u015earbak-Esmanur \u00c7elik) Sinop Kurtarma Kaz\u0131s\u0131 \u0130skeletlerinde Hastal\u0131k Bulgular\u0131 \u00dczerine Antropolojik Bir \u0130nceleme(Ay\u015feg\u00fcl \u015earbak-Asuman \u00c7\u0131rak)<\/p>\n","protected":false},"excerpt":{"rendered":"<p>Myrina Yay\u0131nlar\u0131 taraf\u0131ndan yay\u0131mlanan \u201cYeralt\u0131ndan Notlar-2: 2025 Y\u0131l\u0131 Fiziki Antropoloji ve Paleoantropoloji Ara\u015ft\u0131rmalar\u0131\u201d adl\u0131 bu eser, T\u00fcrkiye\u2019de ve uluslararas\u0131 alanda y\u00fcr\u00fct\u00fclen g\u00fcncel \u00e7al\u0131\u015fmalar\u0131n disiplinleraras\u0131 bir yans\u0131mas\u0131<span class=\"excerpt-hellip\"> [\u2026]<\/span><\/p>\n","protected":false},"featured_media":0,"template":"","meta":{"_monsterinsights_skip_tracking":false,"_monsterinsights_sitenote_active":false,"_monsterinsights_sitenote_note":"","_monsterinsights_sitenote_category":0},"product_brand":[],"product_cat":[15499,13488],"product_tag":[],"class_list":{"0":"post-782876","1":"product","2":"type-product","3":"status-publish","5":"product_cat-antropoloji","6":"product_cat-toplum-ve-insan","7":"pa_cilt-ciltli","8":"pa_tur-kitap","9":"pa_yayinevi-myrina-yayinlari","10":"pa_yazar-pinar-gozluk-kirmizioglu-aysen-acikkol-cenker-atila","12":"first","13":"instock","14":"sale","15":"shipping-taxable","16":"purchasable","17":"product-type-simple"},"_links":{"self":[{"href":"https:\/\/roveyayinevi.com.tr\/index.php\/wp-json\/wp\/v2\/product\/782876","targetHints":{"allow":["GET"]}}],"collection":[{"href":"https:\/\/roveyayinevi.com.tr\/index.php\/wp-json\/wp\/v2\/product"}],"about":[{"href":"https:\/\/roveyayinevi.com.tr\/index.php\/wp-json\/wp\/v2\/types\/product"}],"wp:attachment":[{"href":"https:\/\/roveyayinevi.com.tr\/index.php\/wp-json\/wp\/v2\/media?parent=782876"}],"wp:term":[{"taxonomy":"product_brand","embeddable":true,"href":"https:\/\/roveyayinevi.com.tr\/index.php\/wp-json\/wp\/v2\/product_brand?post=782876"},{"taxonomy":"product_cat","embeddable":true,"href":"https:\/\/roveyayinevi.com.tr\/index.php\/wp-json\/wp\/v2\/product_cat?post=782876"},{"taxonomy":"product_tag","embeddable":true,"href":"https:\/\/roveyayinevi.com.tr\/index.php\/wp-json\/wp\/v2\/product_tag?post=782876"}],"curies":[{"name":"wp","href":"https:\/\/api.w.org\/{rel}","templated":true}]}}