{"id":782874,"date":"2026-02-23T13:04:17","date_gmt":"2026-02-23T10:04:17","guid":{"rendered":"https:\/\/roveyayinevi.com.tr\/index.php\/urun\/liseli-parali-askerin-macerasi-2\/"},"modified":"2026-04-15T03:46:12","modified_gmt":"2026-04-15T00:46:12","slug":"liseli-parali-askerin-macerasi-2","status":"publish","type":"product","link":"https:\/\/roveyayinevi.com.tr\/index.php\/urun\/liseli-parali-askerin-macerasi-2\/","title":{"rendered":"Liseli Paral\u0131 Askerin Maceras\u0131 2"},"content":{"rendered":"<p>U\u00e7ak kazas\u0131ndan kurtulduktan sonra y\u0131llarca paral\u0131 asker olmak i\u00e7in e\u011fitim g\u00f6ren \u0130jin, ailesinin yan\u0131na d\u00f6ner ve normal bir hayat ya\u015famaya ba\u015flar. Ancak eski hayat\u0131n\u0131n g\u00f6lgesi pe\u015fini b\u0131rakmaz. Okulda kar\u015f\u0131la\u015ft\u0131\u011f\u0131 zorbal\u0131klarla m\u00fccadele eder, yeni d\u00fc\u015fmanlar edinir ve kendini \u015fehirdeki kartellerin aras\u0131nda bulur. \u00d6te yandan aile olma hissini ilk kez ya\u015far ve yeni dostluklar kurar. Bu sayede m\u00fccadelesi daha b\u00fcy\u00fck bir anlam kazan\u0131r!\u2026<\/p>\n","protected":false},"excerpt":{"rendered":"<p>U\u00e7ak kazas\u0131ndan kurtulduktan sonra y\u0131llarca paral\u0131 asker olmak i\u00e7in e\u011fitim g\u00f6ren \u0130jin, ailesinin yan\u0131na d\u00f6ner ve normal bir hayat ya\u015famaya ba\u015flar. Ancak eski hayat\u0131n\u0131n g\u00f6lgesi pe\u015fini<span class=\"excerpt-hellip\"> [\u2026]<\/span><\/p>\n","protected":false},"featured_media":0,"template":"","meta":{"_monsterinsights_skip_tracking":false,"_monsterinsights_sitenote_active":false,"_monsterinsights_sitenote_note":"","_monsterinsights_sitenote_category":0},"product_brand":[],"product_cat":[12416,12291],"product_tag":[],"class_list":{"0":"post-782874","1":"product","2":"type-product","3":"status-publish","5":"product_cat-cizgi-roman","6":"product_cat-edebiyat","7":"pa_cilt-ciltsiz","8":"pa_tur-kitap","9":"pa_yayinevi-athica-yayinlari","10":"pa_yazar-yc","12":"first","13":"instock","14":"sale","15":"shipping-taxable","16":"purchasable","17":"product-type-simple"},"_links":{"self":[{"href":"https:\/\/roveyayinevi.com.tr\/index.php\/wp-json\/wp\/v2\/product\/782874","targetHints":{"allow":["GET"]}}],"collection":[{"href":"https:\/\/roveyayinevi.com.tr\/index.php\/wp-json\/wp\/v2\/product"}],"about":[{"href":"https:\/\/roveyayinevi.com.tr\/index.php\/wp-json\/wp\/v2\/types\/product"}],"wp:attachment":[{"href":"https:\/\/roveyayinevi.com.tr\/index.php\/wp-json\/wp\/v2\/media?parent=782874"}],"wp:term":[{"taxonomy":"product_brand","embeddable":true,"href":"https:\/\/roveyayinevi.com.tr\/index.php\/wp-json\/wp\/v2\/product_brand?post=782874"},{"taxonomy":"product_cat","embeddable":true,"href":"https:\/\/roveyayinevi.com.tr\/index.php\/wp-json\/wp\/v2\/product_cat?post=782874"},{"taxonomy":"product_tag","embeddable":true,"href":"https:\/\/roveyayinevi.com.tr\/index.php\/wp-json\/wp\/v2\/product_tag?post=782874"}],"curies":[{"name":"wp","href":"https:\/\/api.w.org\/{rel}","templated":true}]}}