{"id":782873,"date":"2026-02-23T13:04:14","date_gmt":"2026-02-23T10:04:14","guid":{"rendered":"https:\/\/roveyayinevi.com.tr\/index.php\/urun\/kalbimdeki-deli-3\/"},"modified":"2026-04-15T03:46:12","modified_gmt":"2026-04-15T00:46:12","slug":"kalbimdeki-deli-3","status":"publish","type":"product","link":"https:\/\/roveyayinevi.com.tr\/index.php\/urun\/kalbimdeki-deli-3\/","title":{"rendered":"Kalbimdeki Deli 3"},"content":{"rendered":"<p>Okulun En G\u00fczel K\u0131z\u0131 Anna Yamada Ve Ergenlik Krizini Dibine Kadar Ya\u015fayan Asosyal \u00c7ocuk Kyoutaro \u0130chikawa&#8230;D\u00fcnyalar\u0131 Birbirlerine Ne Kadar Uzak Olsa Da Duyduklar\u0131 Sevgi Onlar\u0131 Sar\u0131p Sarmal\u0131yor.S\u0131n\u0131f, K\u00fct\u00fcphane Ve&#8230; Ev.B\u0130R DAHA YA\u015eAYAMAYACAK-LARI G\u00dcNLER GE\u00c7\u0130P G\u0130DERKEN B\u00dcY\u00dcK B\u0130R DE\u011e\u0130\u015e\u0130M YAKLA\u015eMAKTA&#8230;<\/p>\n","protected":false},"excerpt":{"rendered":"<p>Okulun En G\u00fczel K\u0131z\u0131 Anna Yamada Ve Ergenlik Krizini Dibine Kadar Ya\u015fayan Asosyal \u00c7ocuk Kyoutaro \u0130chikawa&#8230;D\u00fcnyalar\u0131 Birbirlerine Ne Kadar Uzak Olsa Da Duyduklar\u0131 Sevgi Onlar\u0131 Sar\u0131p<span class=\"excerpt-hellip\"> [\u2026]<\/span><\/p>\n","protected":false},"featured_media":0,"template":"","meta":{"_monsterinsights_skip_tracking":false,"_monsterinsights_sitenote_active":false,"_monsterinsights_sitenote_note":"","_monsterinsights_sitenote_category":0},"product_brand":[],"product_cat":[12416,12291],"product_tag":[],"class_list":{"0":"post-782873","1":"product","2":"type-product","3":"status-publish","5":"product_cat-cizgi-roman","6":"product_cat-edebiyat","7":"pa_cilt-ciltsiz","8":"pa_tur-kitap","9":"pa_yayinevi-athica-yayinlari","10":"pa_yazar-norio-sakurai","12":"first","13":"instock","14":"sale","15":"shipping-taxable","16":"purchasable","17":"product-type-simple"},"_links":{"self":[{"href":"https:\/\/roveyayinevi.com.tr\/index.php\/wp-json\/wp\/v2\/product\/782873","targetHints":{"allow":["GET"]}}],"collection":[{"href":"https:\/\/roveyayinevi.com.tr\/index.php\/wp-json\/wp\/v2\/product"}],"about":[{"href":"https:\/\/roveyayinevi.com.tr\/index.php\/wp-json\/wp\/v2\/types\/product"}],"wp:attachment":[{"href":"https:\/\/roveyayinevi.com.tr\/index.php\/wp-json\/wp\/v2\/media?parent=782873"}],"wp:term":[{"taxonomy":"product_brand","embeddable":true,"href":"https:\/\/roveyayinevi.com.tr\/index.php\/wp-json\/wp\/v2\/product_brand?post=782873"},{"taxonomy":"product_cat","embeddable":true,"href":"https:\/\/roveyayinevi.com.tr\/index.php\/wp-json\/wp\/v2\/product_cat?post=782873"},{"taxonomy":"product_tag","embeddable":true,"href":"https:\/\/roveyayinevi.com.tr\/index.php\/wp-json\/wp\/v2\/product_tag?post=782873"}],"curies":[{"name":"wp","href":"https:\/\/api.w.org\/{rel}","templated":true}]}}