{"id":782872,"date":"2026-02-23T13:04:10","date_gmt":"2026-02-23T10:04:10","guid":{"rendered":"https:\/\/roveyayinevi.com.tr\/index.php\/urun\/kalbimdeki-deli-2\/"},"modified":"2026-04-15T03:46:12","modified_gmt":"2026-04-15T00:46:12","slug":"kalbimdeki-deli-2","status":"publish","type":"product","link":"https:\/\/roveyayinevi.com.tr\/index.php\/urun\/kalbimdeki-deli-2\/","title":{"rendered":"Kalbimdeki Deli 2"},"content":{"rendered":"<p>Yamada&#8217;ya besledi\u011fi a\u015fk kar\u015f\u0131s\u0131nda Kyoutaro&#8217;nun kafas\u0131 kar\u0131\u015f\u0131r&#8230; Yamada, Kyoutaro&#8217;nun hislerinden habersiz, masum bir \u015fekilde ona yak\u0131nla\u015f\u0131r!! Okuldan sonra beraber bisiklete binen ikili, okul d\u0131\u015f\u0131nda ba\u015f ba\u015fa kal\u0131r&#8230; Birbirlerine \u00e7ok uzak gibi g\u00f6r\u00fcnen ama asl\u0131nda yak\u0131nla\u015fan ikilinin ili\u015fkisi, yava\u015f yava\u015f de\u011fi\u015fiyor mu ne?!<\/p>\n","protected":false},"excerpt":{"rendered":"<p>Yamada&#8217;ya besledi\u011fi a\u015fk kar\u015f\u0131s\u0131nda Kyoutaro&#8217;nun kafas\u0131 kar\u0131\u015f\u0131r&#8230; Yamada, Kyoutaro&#8217;nun hislerinden habersiz, masum bir \u015fekilde ona yak\u0131nla\u015f\u0131r!! Okuldan sonra beraber bisiklete binen ikili, okul d\u0131\u015f\u0131nda ba\u015f ba\u015fa<span class=\"excerpt-hellip\"> [\u2026]<\/span><\/p>\n","protected":false},"featured_media":0,"template":"","meta":{"_monsterinsights_skip_tracking":false,"_monsterinsights_sitenote_active":false,"_monsterinsights_sitenote_note":"","_monsterinsights_sitenote_category":0},"product_brand":[],"product_cat":[12416,12291],"product_tag":[],"class_list":{"0":"post-782872","1":"product","2":"type-product","3":"status-publish","5":"product_cat-cizgi-roman","6":"product_cat-edebiyat","7":"pa_cilt-ciltsiz","8":"pa_tur-kitap","9":"pa_yayinevi-athica-yayinlari","10":"pa_yazar-norio-sakurai","12":"first","13":"instock","14":"sale","15":"shipping-taxable","16":"purchasable","17":"product-type-simple"},"_links":{"self":[{"href":"https:\/\/roveyayinevi.com.tr\/index.php\/wp-json\/wp\/v2\/product\/782872","targetHints":{"allow":["GET"]}}],"collection":[{"href":"https:\/\/roveyayinevi.com.tr\/index.php\/wp-json\/wp\/v2\/product"}],"about":[{"href":"https:\/\/roveyayinevi.com.tr\/index.php\/wp-json\/wp\/v2\/types\/product"}],"wp:attachment":[{"href":"https:\/\/roveyayinevi.com.tr\/index.php\/wp-json\/wp\/v2\/media?parent=782872"}],"wp:term":[{"taxonomy":"product_brand","embeddable":true,"href":"https:\/\/roveyayinevi.com.tr\/index.php\/wp-json\/wp\/v2\/product_brand?post=782872"},{"taxonomy":"product_cat","embeddable":true,"href":"https:\/\/roveyayinevi.com.tr\/index.php\/wp-json\/wp\/v2\/product_cat?post=782872"},{"taxonomy":"product_tag","embeddable":true,"href":"https:\/\/roveyayinevi.com.tr\/index.php\/wp-json\/wp\/v2\/product_tag?post=782872"}],"curies":[{"name":"wp","href":"https:\/\/api.w.org\/{rel}","templated":true}]}}