{"id":782867,"date":"2026-02-23T13:04:00","date_gmt":"2026-02-23T10:04:00","guid":{"rendered":"https:\/\/roveyayinevi.com.tr\/index.php\/urun\/disney-karlar-ulkesi-2-bol-bol-boya-bol-bol-yapistir-boyama-kitabi-cikartma-hediyeli\/"},"modified":"2026-04-15T03:46:12","modified_gmt":"2026-04-15T00:46:12","slug":"disney-karlar-ulkesi-2-bol-bol-boya-bol-bol-yapistir-boyama-kitabi-cikartma-hediyeli","status":"publish","type":"product","link":"https:\/\/roveyayinevi.com.tr\/index.php\/urun\/disney-karlar-ulkesi-2-bol-bol-boya-bol-bol-yapistir-boyama-kitabi-cikartma-hediyeli\/","title":{"rendered":"Disney Karlar \u00dclkesi 2 &#8211; Bol Bol Boya &#8211; Bol Bol Yap\u0131\u015ft\u0131r Boyama Kitab\u0131 &#8211; \u00c7\u0131kartma Hediyeli!"},"content":{"rendered":"<p>Disney Karlar \u00dclkesi 2 &#8211; Bol Bol Boya &#8211; Bol Bol Yap\u0131\u015ft\u0131r Boyama Kitab\u0131 &#8211; \u00c7\u0131kartma Hediyeli!<\/p>\n","protected":false},"excerpt":{"rendered":"<p>Disney Karlar \u00dclkesi 2 &#8211; Bol Bol Boya &#8211; Bol Bol Yap\u0131\u015ft\u0131r Boyama Kitab\u0131 &#8211; \u00c7\u0131kartma Hediyeli!<\/p>\n","protected":false},"featured_media":0,"template":"","meta":{"_monsterinsights_skip_tracking":false,"_monsterinsights_sitenote_active":false,"_monsterinsights_sitenote_note":"","_monsterinsights_sitenote_category":0},"product_brand":[],"product_cat":[12554,12274],"product_tag":[],"class_list":{"0":"post-782867","1":"product","2":"type-product","3":"status-publish","5":"product_cat-cikartmali-kitaplar","6":"product_cat-cocuk-ve-genclik-kitaplari","7":"pa_cilt-ciltsiz","8":"pa_tur-kitap","9":"pa_yayinevi-dogan-cocuk","10":"pa_yazar-kolektif","12":"first","13":"instock","14":"sale","15":"shipping-taxable","16":"purchasable","17":"product-type-simple"},"_links":{"self":[{"href":"https:\/\/roveyayinevi.com.tr\/index.php\/wp-json\/wp\/v2\/product\/782867","targetHints":{"allow":["GET"]}}],"collection":[{"href":"https:\/\/roveyayinevi.com.tr\/index.php\/wp-json\/wp\/v2\/product"}],"about":[{"href":"https:\/\/roveyayinevi.com.tr\/index.php\/wp-json\/wp\/v2\/types\/product"}],"wp:attachment":[{"href":"https:\/\/roveyayinevi.com.tr\/index.php\/wp-json\/wp\/v2\/media?parent=782867"}],"wp:term":[{"taxonomy":"product_brand","embeddable":true,"href":"https:\/\/roveyayinevi.com.tr\/index.php\/wp-json\/wp\/v2\/product_brand?post=782867"},{"taxonomy":"product_cat","embeddable":true,"href":"https:\/\/roveyayinevi.com.tr\/index.php\/wp-json\/wp\/v2\/product_cat?post=782867"},{"taxonomy":"product_tag","embeddable":true,"href":"https:\/\/roveyayinevi.com.tr\/index.php\/wp-json\/wp\/v2\/product_tag?post=782867"}],"curies":[{"name":"wp","href":"https:\/\/api.w.org\/{rel}","templated":true}]}}