{"id":782862,"date":"2026-02-23T13:03:41","date_gmt":"2026-02-23T10:03:41","guid":{"rendered":"https:\/\/roveyayinevi.com.tr\/index.php\/urun\/kalbimdeki-deli-1\/"},"modified":"2026-04-15T03:46:12","modified_gmt":"2026-04-15T00:46:12","slug":"kalbimdeki-deli-1","status":"publish","type":"product","link":"https:\/\/roveyayinevi.com.tr\/index.php\/urun\/kalbimdeki-deli-1\/","title":{"rendered":"Kalbimdeki Deli 1"},"content":{"rendered":"<p>\u0130\u00c7\u0130NE KAPANIK, ASOSYAL, KARANLIK RUHLU KYOUTARO \u0130CH\u0130KAWA, OKULUN EN G\u00dcZEL KIZI OLAN ANNA YAMADA&#8217;YI ORTADAN KALDIRMAYI HAYAL EDEREK G\u00dcL\u00dcMSER.  KYOUTARO&#8217;NUN GEN\u00c7L\u0130\u011e\u0130 SESS\u0130Z SEDASIZ, GE\u00c7\u0130P G\u0130D\u0130YOR!!&#8230;  FAKAT YAMADA&#8217;NIN SIRADAN G\u00dcZEL B\u0130R KIZDAN BEKLENMEYECEK B\u0130R TARAFI OLDU\u011eUNU G\u00d6RD\u00dcKTEN SONRA KYOUTARO&#8217;NUN KALB\u0130 SARSILIR!<\/p>\n","protected":false},"excerpt":{"rendered":"<p>\u0130\u00c7\u0130NE KAPANIK, ASOSYAL, KARANLIK RUHLU KYOUTARO \u0130CH\u0130KAWA, OKULUN EN G\u00dcZEL KIZI OLAN ANNA YAMADA&#8217;YI ORTADAN KALDIRMAYI HAYAL EDEREK G\u00dcL\u00dcMSER. KYOUTARO&#8217;NUN GEN\u00c7L\u0130\u011e\u0130 SESS\u0130Z SEDASIZ, GE\u00c7\u0130P G\u0130D\u0130YOR!!&#8230; FAKAT<span class=\"excerpt-hellip\"> [\u2026]<\/span><\/p>\n","protected":false},"featured_media":0,"template":"","meta":{"_monsterinsights_skip_tracking":false,"_monsterinsights_sitenote_active":false,"_monsterinsights_sitenote_note":"","_monsterinsights_sitenote_category":0},"product_brand":[],"product_cat":[12416,12291],"product_tag":[],"class_list":{"0":"post-782862","1":"product","2":"type-product","3":"status-publish","5":"product_cat-cizgi-roman","6":"product_cat-edebiyat","7":"pa_cilt-ciltsiz","8":"pa_tur-kitap","9":"pa_yayinevi-athica-yayinlari","10":"pa_yazar-norio-sakurai","12":"first","13":"instock","14":"sale","15":"shipping-taxable","16":"purchasable","17":"product-type-simple"},"_links":{"self":[{"href":"https:\/\/roveyayinevi.com.tr\/index.php\/wp-json\/wp\/v2\/product\/782862","targetHints":{"allow":["GET"]}}],"collection":[{"href":"https:\/\/roveyayinevi.com.tr\/index.php\/wp-json\/wp\/v2\/product"}],"about":[{"href":"https:\/\/roveyayinevi.com.tr\/index.php\/wp-json\/wp\/v2\/types\/product"}],"wp:attachment":[{"href":"https:\/\/roveyayinevi.com.tr\/index.php\/wp-json\/wp\/v2\/media?parent=782862"}],"wp:term":[{"taxonomy":"product_brand","embeddable":true,"href":"https:\/\/roveyayinevi.com.tr\/index.php\/wp-json\/wp\/v2\/product_brand?post=782862"},{"taxonomy":"product_cat","embeddable":true,"href":"https:\/\/roveyayinevi.com.tr\/index.php\/wp-json\/wp\/v2\/product_cat?post=782862"},{"taxonomy":"product_tag","embeddable":true,"href":"https:\/\/roveyayinevi.com.tr\/index.php\/wp-json\/wp\/v2\/product_tag?post=782862"}],"curies":[{"name":"wp","href":"https:\/\/api.w.org\/{rel}","templated":true}]}}