{"id":782861,"date":"2026-02-23T13:03:39","date_gmt":"2026-02-23T10:03:39","guid":{"rendered":"https:\/\/roveyayinevi.com.tr\/index.php\/urun\/kendini-iyilestir\/"},"modified":"2026-04-15T03:46:12","modified_gmt":"2026-04-15T00:46:12","slug":"kendini-iyilestir","status":"publish","type":"product","link":"https:\/\/roveyayinevi.com.tr\/index.php\/urun\/kendini-iyilestir\/","title":{"rendered":"Kendini \u0130yile\u015ftir"},"content":{"rendered":"<p>\u201cBir g\u00fcn ba\u0119lar\u0131m,\u201d demeyi b\u0131rak\u0131p hayat\u0131n\u0131n inisiyatifini eline almak isteyen herkes i\u00e7in yaz\u0131ld\u0131 \u201cKendini \u0130yile\u0119tir\u201d.Okuduktan sonra art\u0131k yorgun, karars\u0131z veya s\u0131k\u0131\u0119m\u0131\u0119 hissetmeyeceksiniz.Do\u00e7. Dr. I\u0119\u0131l Uzun, farkl\u0131 iki bran\u0119ta uzman bir hekim olarak, modern bilimin en g\u00fcvenilir verilerini ve kadim bilgeli\u011fi bu kitapta birle\u0119tiriyor. Kitap, s\u0131radan \u00f6neriler ve ge\u00e7ici \u00e7\u00f6z\u00fcmlerle oyalam\u0131yor. Herkesin derdini \u00e7ekti\u011fi konularda uygulanabilir, etkisi kan\u0131tlanm\u0131\u0119 ve ger\u00e7ekten i\u0119e yarayan \u00e7\u00f6z\u00fcmler sunuyor.Okuduk\u00e7a, sadece bilgilenmeyecek, uygulayarak de\u011fi\u0119imi do\u011frudan ya\u0119ayaca\u011f\u0131n\u0131z bir rehber.\u015eifa kendimizde\u2026<\/p>\n","protected":false},"excerpt":{"rendered":"<p>\u201cBir g\u00fcn ba\u0119lar\u0131m,\u201d demeyi b\u0131rak\u0131p hayat\u0131n\u0131n inisiyatifini eline almak isteyen herkes i\u00e7in yaz\u0131ld\u0131 \u201cKendini \u0130yile\u0119tir\u201d.Okuduktan sonra art\u0131k yorgun, karars\u0131z veya s\u0131k\u0131\u0119m\u0131\u0119 hissetmeyeceksiniz.Do\u00e7. Dr. I\u0119\u0131l Uzun, farkl\u0131<span class=\"excerpt-hellip\"> [\u2026]<\/span><\/p>\n","protected":false},"featured_media":0,"template":"","meta":{"_monsterinsights_skip_tracking":false,"_monsterinsights_sitenote_active":false,"_monsterinsights_sitenote_note":"","_monsterinsights_sitenote_category":0},"product_brand":[],"product_cat":[16965,13365],"product_tag":[],"class_list":{"0":"post-782861","1":"product","2":"type-product","3":"status-publish","5":"product_cat-genel-saglik-kitaplari","6":"product_cat-saglik","7":"pa_cilt-ciltsiz","8":"pa_tur-kitap","9":"pa_yayinevi-hayykitap","10":"pa_yazar-isil-uzun","12":"first","13":"instock","14":"sale","15":"shipping-taxable","16":"purchasable","17":"product-type-simple"},"_links":{"self":[{"href":"https:\/\/roveyayinevi.com.tr\/index.php\/wp-json\/wp\/v2\/product\/782861","targetHints":{"allow":["GET"]}}],"collection":[{"href":"https:\/\/roveyayinevi.com.tr\/index.php\/wp-json\/wp\/v2\/product"}],"about":[{"href":"https:\/\/roveyayinevi.com.tr\/index.php\/wp-json\/wp\/v2\/types\/product"}],"wp:attachment":[{"href":"https:\/\/roveyayinevi.com.tr\/index.php\/wp-json\/wp\/v2\/media?parent=782861"}],"wp:term":[{"taxonomy":"product_brand","embeddable":true,"href":"https:\/\/roveyayinevi.com.tr\/index.php\/wp-json\/wp\/v2\/product_brand?post=782861"},{"taxonomy":"product_cat","embeddable":true,"href":"https:\/\/roveyayinevi.com.tr\/index.php\/wp-json\/wp\/v2\/product_cat?post=782861"},{"taxonomy":"product_tag","embeddable":true,"href":"https:\/\/roveyayinevi.com.tr\/index.php\/wp-json\/wp\/v2\/product_tag?post=782861"}],"curies":[{"name":"wp","href":"https:\/\/api.w.org\/{rel}","templated":true}]}}