{"id":782857,"date":"2026-02-23T13:03:28","date_gmt":"2026-02-23T10:03:28","guid":{"rendered":"https:\/\/roveyayinevi.com.tr\/index.php\/urun\/dogu-turkistana-yolculuk\/"},"modified":"2026-04-15T03:46:12","modified_gmt":"2026-04-15T00:46:12","slug":"dogu-turkistana-yolculuk","status":"publish","type":"product","link":"https:\/\/roveyayinevi.com.tr\/index.php\/urun\/dogu-turkistana-yolculuk\/","title":{"rendered":"Do\u011fu T\u00fcrkistan&#8217;a Yolculuk"},"content":{"rendered":"<p>Orta Asya&#8217;n\u0131n \u00e7alkant\u0131l\u0131 y\u0131llar\u0131nda ge\u00e7en bu etkileyici anlat\u0131, \u0130sve\u00e7li k\u00e2\u015fif Sven Hedin\u2019in Do\u011fu T\u00fcrkistan\u2019a yapt\u0131\u011f\u0131 yolculuk s\u0131ras\u0131nda orada ya\u015fanan siyasi \u00e7at\u0131\u015fmalar\u0131, sava\u015flar\u0131n y\u0131pratt\u0131\u011f\u0131 toplumlar\u0131 ve bir liderin ak\u0131betini takip ediyor. Hedin\u2019in 1934 y\u0131l\u0131nda ger\u00e7ekle\u015ftirdi\u011fi bu yolculuk, yaln\u0131zca bir co\u011frafi ke\u015fif de\u011fil, ayn\u0131 zamanda zaman\u0131n en tart\u0131\u015fmal\u0131 fig\u00fcrlerinden biri olan \u00c7inli M\u00fcsl\u00fcman Dungan Komutan Ma Chung-yin\u2019in izini s\u00fcren e\u015fsiz bir tarih\u00ee tan\u0131kl\u0131\u011fa d\u00f6n\u00fc\u015f\u00fcyor. Hedin\u2019in canl\u0131 tasvirleriyle okur, Ka\u015fgar\u2019dan Turfan\u2019a uzanan vadilerdeki dram\u0131, sava\u015f\u0131n sert ritmini ve Do\u011fu T\u00fcrkistan\u2019\u0131n kaderini \u015fekillendiren akt\u00f6rleri yak\u0131ndan tan\u0131yor.Ma Chung-yin\u2019in hayat\u0131 ve kaybolu\u015fu, sadece bir komutan\u0131n hik\u00e2yesi de\u011fil; ayn\u0131 zamanda \u00c7in, Sovyetler ve T\u00fcrk-\u0130slam d\u00fcnyas\u0131 aras\u0131nda s\u0131k\u0131\u015f\u0131p kalan Do\u011fu T\u00fcrkistan\u2019\u0131n dram\u0131d\u0131r. Hedin\u2019in notlar\u0131, d\u00f6nemin Uygur, Dungan ve Han akt\u00f6rleri aras\u0131ndaki karma\u015f\u0131k ili\u015fkileri ortaya koyarken, ayn\u0131 zamanda b\u00f6lgenin bug\u00fcne uzanan tarihsel ba\u011flar\u0131n\u0131 da g\u00f6zler \u00f6n\u00fcne seriyor. Do\u011fu T\u00fcrkistan\u2019a Yolculuk: Dungan \u0130syan\u0131 G\u00fcnlerinde Bir Ke\u015fif Ser\u00fcveni, hem bir seyahatname hem de ar\u015fiv de\u011feri ta\u015f\u0131yan bir tarih kitab\u0131 olarak okuru, unutulmu\u015f bir sava\u015f\u0131n ve kaybolmu\u015f bir liderin izini s\u00fcrmeye davet ediyor.<\/p>\n","protected":false},"excerpt":{"rendered":"<p>Orta Asya&#8217;n\u0131n \u00e7alkant\u0131l\u0131 y\u0131llar\u0131nda ge\u00e7en bu etkileyici anlat\u0131, \u0130sve\u00e7li k\u00e2\u015fif Sven Hedin\u2019in Do\u011fu T\u00fcrkistan\u2019a yapt\u0131\u011f\u0131 yolculuk s\u0131ras\u0131nda orada ya\u015fanan siyasi \u00e7at\u0131\u015fmalar\u0131, sava\u015flar\u0131n y\u0131pratt\u0131\u011f\u0131 toplumlar\u0131 ve bir<span class=\"excerpt-hellip\"> [\u2026]<\/span><\/p>\n","protected":false},"featured_media":0,"template":"","meta":{"_monsterinsights_skip_tracking":false,"_monsterinsights_sitenote_active":false,"_monsterinsights_sitenote_note":"","_monsterinsights_sitenote_category":0},"product_brand":[],"product_cat":[12370,12304],"product_tag":[],"class_list":{"0":"post-782857","1":"product","2":"type-product","3":"status-publish","5":"product_cat-arastirma-inceleme","6":"product_cat-tarih","7":"pa_cilt-ciltsiz","8":"pa_tur-kitap","9":"pa_yayinevi-bilge-kultur-sanat","10":"pa_yazar-sven-hedin","12":"first","13":"instock","14":"sale","15":"shipping-taxable","16":"purchasable","17":"product-type-simple"},"_links":{"self":[{"href":"https:\/\/roveyayinevi.com.tr\/index.php\/wp-json\/wp\/v2\/product\/782857","targetHints":{"allow":["GET"]}}],"collection":[{"href":"https:\/\/roveyayinevi.com.tr\/index.php\/wp-json\/wp\/v2\/product"}],"about":[{"href":"https:\/\/roveyayinevi.com.tr\/index.php\/wp-json\/wp\/v2\/types\/product"}],"wp:attachment":[{"href":"https:\/\/roveyayinevi.com.tr\/index.php\/wp-json\/wp\/v2\/media?parent=782857"}],"wp:term":[{"taxonomy":"product_brand","embeddable":true,"href":"https:\/\/roveyayinevi.com.tr\/index.php\/wp-json\/wp\/v2\/product_brand?post=782857"},{"taxonomy":"product_cat","embeddable":true,"href":"https:\/\/roveyayinevi.com.tr\/index.php\/wp-json\/wp\/v2\/product_cat?post=782857"},{"taxonomy":"product_tag","embeddable":true,"href":"https:\/\/roveyayinevi.com.tr\/index.php\/wp-json\/wp\/v2\/product_tag?post=782857"}],"curies":[{"name":"wp","href":"https:\/\/api.w.org\/{rel}","templated":true}]}}