{"id":782856,"date":"2026-02-23T13:03:26","date_gmt":"2026-02-23T10:03:26","guid":{"rendered":"https:\/\/roveyayinevi.com.tr\/index.php\/urun\/fiziksel-buyukluklerin-felsefesi\/"},"modified":"2026-04-15T03:46:12","modified_gmt":"2026-04-15T00:46:12","slug":"fiziksel-buyukluklerin-felsefesi","status":"publish","type":"product","link":"https:\/\/roveyayinevi.com.tr\/index.php\/urun\/fiziksel-buyukluklerin-felsefesi\/","title":{"rendered":"Fiziksel B\u00fcy\u00fckl\u00fcklerin Felsefesi"},"content":{"rendered":"<p>D\u0131\u015f d\u00fcnyada kar\u015f\u0131la\u015ft\u0131\u011f\u0131m\u0131z cisimlerin fiziksel \u00f6zellikleri b\u00fcy\u00fckl\u00fcklerle ifade edilir. Su ayg\u0131rlar\u0131 kirpilerden daha a\u011f\u0131rd\u0131r, kurba\u011falar iriba\u015flardan daha uzun boyludur ve flamingolar pirelerden daha h\u0131zl\u0131 u\u00e7ar. Fizi\u011fin \u00f6zellikleri de b\u00f6yledir; elektronlar ve protonlar farkl\u0131 b\u00fcy\u00fckl\u00fckte y\u00fcklere sahiptir, yukar\u0131 kuarklar ve a\u015fa\u011f\u0131 kuarklar farkl\u0131 spinlere sahiptir ve x-\u0131\u015f\u0131nlar\u0131 ve radyo dalgalar\u0131 farkl\u0131 frekanslara sahiptir. Fizik, kimya ve biyoloji gibi bilimler niceliksel ve dereceleri olan \u00f6zelliklerle doludur. Dahas\u0131, bu fiziksel b\u00fcy\u00fckl\u00fckler genellikle boyut sahibidir; bir say\u0131 \u00e7arp\u0131 bir birim ile temsil edilirler. Bu, fiziksel ger\u00e7eklik i\u00e7in \u00f6nemli olan\u0131n yaln\u0131zca b\u00fcy\u00fckl\u00fck oranlar\u0131 oldu\u011fu anlam\u0131na m\u0131 gelir, yoksa bu oranlar\u0131n \u00f6tesinde mutlak b\u00fcy\u00fckl\u00fcklere de ihtiya\u00e7 var m\u0131d\u0131r? Evrendeki t\u00fcm k\u00fctleler, t\u00fcm elektirik y\u00fckleri ya da mesafeler aniden iki kat\u0131na \u00e7\u0131ksa, bir fark alg\u0131lar m\u0131yd\u0131k? Bu t\u00fcr \u00f6l\u00e7eklendirme d\u00f6n\u00fc\u015f\u00fcmleri d\u00fcnyam\u0131z\u0131n i\u00e7sel simetrisi midir? Ba\u015fka simetriler var m\u0131d\u0131r? Kitap bu temel sorular\u0131, sadece Mors alfabesi ile ileti\u015fim kurmaya izin verilseydi, bir kilogram\u0131n anlam\u0131n\u0131n uzayl\u0131lara nas\u0131l aktar\u0131laca\u011f\u0131 d\u00fc\u015f\u00fcn\u00fclerek yaz\u0131lm\u0131\u015ft\u0131r.<\/p>\n","protected":false},"excerpt":{"rendered":"<p>D\u0131\u015f d\u00fcnyada kar\u015f\u0131la\u015ft\u0131\u011f\u0131m\u0131z cisimlerin fiziksel \u00f6zellikleri b\u00fcy\u00fckl\u00fcklerle ifade edilir. Su ayg\u0131rlar\u0131 kirpilerden daha a\u011f\u0131rd\u0131r, kurba\u011falar iriba\u015flardan daha uzun boyludur ve flamingolar pirelerden daha h\u0131zl\u0131 u\u00e7ar. Fizi\u011fin<span class=\"excerpt-hellip\"> [\u2026]<\/span><\/p>\n","protected":false},"featured_media":0,"template":"","meta":{"_monsterinsights_skip_tracking":false,"_monsterinsights_sitenote_active":false,"_monsterinsights_sitenote_note":"","_monsterinsights_sitenote_category":0},"product_brand":[],"product_cat":[13005],"product_tag":[],"class_list":{"0":"post-782856","1":"product","2":"type-product","3":"status-publish","5":"product_cat-bilim-muhendislik","6":"pa_cilt-ciltsiz","7":"pa_tur-kitap","8":"pa_yayinevi-vakifbank-kultur-yayinlari","9":"pa_yazar-niels-c-m-martens","11":"first","12":"instock","13":"sale","14":"shipping-taxable","15":"purchasable","16":"product-type-simple"},"_links":{"self":[{"href":"https:\/\/roveyayinevi.com.tr\/index.php\/wp-json\/wp\/v2\/product\/782856","targetHints":{"allow":["GET"]}}],"collection":[{"href":"https:\/\/roveyayinevi.com.tr\/index.php\/wp-json\/wp\/v2\/product"}],"about":[{"href":"https:\/\/roveyayinevi.com.tr\/index.php\/wp-json\/wp\/v2\/types\/product"}],"wp:attachment":[{"href":"https:\/\/roveyayinevi.com.tr\/index.php\/wp-json\/wp\/v2\/media?parent=782856"}],"wp:term":[{"taxonomy":"product_brand","embeddable":true,"href":"https:\/\/roveyayinevi.com.tr\/index.php\/wp-json\/wp\/v2\/product_brand?post=782856"},{"taxonomy":"product_cat","embeddable":true,"href":"https:\/\/roveyayinevi.com.tr\/index.php\/wp-json\/wp\/v2\/product_cat?post=782856"},{"taxonomy":"product_tag","embeddable":true,"href":"https:\/\/roveyayinevi.com.tr\/index.php\/wp-json\/wp\/v2\/product_tag?post=782856"}],"curies":[{"name":"wp","href":"https:\/\/api.w.org\/{rel}","templated":true}]}}