{"id":782854,"date":"2026-02-23T13:03:21","date_gmt":"2026-02-23T10:03:21","guid":{"rendered":"https:\/\/roveyayinevi.com.tr\/index.php\/urun\/nedenselligin-zamansal-asimetrisi\/"},"modified":"2026-04-15T03:46:12","modified_gmt":"2026-04-15T00:46:12","slug":"nedenselligin-zamansal-asimetrisi","status":"publish","type":"product","link":"https:\/\/roveyayinevi.com.tr\/index.php\/urun\/nedenselligin-zamansal-asimetrisi\/","title":{"rendered":"Nedenselli\u011fin Zamansal Asimetrisi"},"content":{"rendered":"<p>Sebepler her zaman sonu\u00e7lar\u0131ndan \u00f6nce gelir gibi g\u00f6r\u00fcn\u00fcr. Bu asimetriyi ne a\u00e7\u0131klayabilir? Sebep-sonu\u00e7 ili\u015fkisinde g\u00f6r\u00fclen zamansal asimetri, do\u011fa kanunlar\u0131ndaki zamansal asimetriden kaynaklanmamaktad\u0131r; do\u011fa yasalar\u0131 genel olarak zaman a\u00e7\u0131s\u0131ndan incelendi\u011finde simetriktir. Asimetri, zaman\u0131n kendisindeki bir asimetriden de kaynaklanmamaktad\u0131r. Bu kitap, sebep-sonu\u00e7 ili\u015fkisinde g\u00f6r\u00fclen zamansal asimetriyi a\u00e7\u0131klamaya y\u00f6nelik son d\u00f6nemdeki ampirik giri\u015fimleri incelemektedir: istatistiksel mekanik, faillik ve \u00e7atallanma asimetrisi a\u00e7\u0131klamalar\u0131. Bu a\u00e7\u0131klamalar\u0131n hi\u00e7biri hen\u00fcz tam de\u011fildir ve nedenselli\u011fin zamansal asimetrisinin tam bir a\u00e7\u0131klamas\u0131 muhtemelen, bu \u00fc\u00e7 program\u0131n da belirli derecede katk\u0131lar\u0131n\u0131 gerektirecektir. Bilim felsefesi tart\u0131\u015fmalar\u0131nda bu yakla\u015f\u0131m, bilimin i\u015flevini anlamam\u0131za katk\u0131da bulunur. Farkl\u0131 bilimsel teorileri birbiriyle ili\u015fkilendirmeye yard\u0131mc\u0131 olur ve zamansal asimetrilerin nas\u0131l ili\u015fkili olduklar\u0131n\u0131 ve nihayetinde evrenin entropik \u00f6zelliklerine nas\u0131l geri g\u00f6t\u00fcr\u00fclebileceklerini a\u00e7\u0131klayarak zamansal asimetrilerin birle\u015fik bir resmini sunar. Bunlar felsefede uzun s\u00fcredir devam eden projeler olsa da, yazar\u0131n yakla\u015f\u0131m\u0131nda \u00f6zellikle s\u0131ra d\u0131\u015f\u0131 olan \u015fey; fizik ve faile odaklanmay\u0131 merkezi bir konumda birle\u015ftirmesidir: d\u00fcnyaya bilimsel bak\u0131\u015f a\u00e7\u0131m\u0131z\u0131 d\u00fc\u015f\u00fcnmek i\u00e7in, bilimle olan ili\u015fkimizi kullanmak. Bu kitap kapsam\u0131nda, fizik yasalar\u0131 ve faillikle ilgili d\u00fc\u015f\u00fcnceler, niye nedenlerin sonu\u00e7lardan \u00f6nce geldi\u011fi veya niye ge\u00e7mi\u015fi \u201ctam\u201d g\u00f6rd\u00fc\u011f\u00fcm\u00fcz\u00fc, ancak gelece\u011fi \u00f6yle g\u00f6rmedi\u011fimizi a\u00e7\u0131klamaya katk\u0131da bulunmay\u0131 hedeflemektedir.<\/p>\n","protected":false},"excerpt":{"rendered":"<p>Sebepler her zaman sonu\u00e7lar\u0131ndan \u00f6nce gelir gibi g\u00f6r\u00fcn\u00fcr. Bu asimetriyi ne a\u00e7\u0131klayabilir? Sebep-sonu\u00e7 ili\u015fkisinde g\u00f6r\u00fclen zamansal asimetri, do\u011fa kanunlar\u0131ndaki zamansal asimetriden kaynaklanmamaktad\u0131r; do\u011fa yasalar\u0131 genel olarak<span class=\"excerpt-hellip\"> [\u2026]<\/span><\/p>\n","protected":false},"featured_media":0,"template":"","meta":{"_monsterinsights_skip_tracking":false,"_monsterinsights_sitenote_active":false,"_monsterinsights_sitenote_note":"","_monsterinsights_sitenote_category":0},"product_brand":[],"product_cat":[13005],"product_tag":[],"class_list":{"0":"post-782854","1":"product","2":"type-product","3":"status-publish","5":"product_cat-bilim-muhendislik","6":"pa_cilt-ciltsiz","7":"pa_tur-kitap","8":"pa_yayinevi-vakifbank-kultur-yayinlari","9":"pa_yazar-alison-fernandes","11":"first","12":"instock","13":"sale","14":"shipping-taxable","15":"purchasable","16":"product-type-simple"},"_links":{"self":[{"href":"https:\/\/roveyayinevi.com.tr\/index.php\/wp-json\/wp\/v2\/product\/782854","targetHints":{"allow":["GET"]}}],"collection":[{"href":"https:\/\/roveyayinevi.com.tr\/index.php\/wp-json\/wp\/v2\/product"}],"about":[{"href":"https:\/\/roveyayinevi.com.tr\/index.php\/wp-json\/wp\/v2\/types\/product"}],"wp:attachment":[{"href":"https:\/\/roveyayinevi.com.tr\/index.php\/wp-json\/wp\/v2\/media?parent=782854"}],"wp:term":[{"taxonomy":"product_brand","embeddable":true,"href":"https:\/\/roveyayinevi.com.tr\/index.php\/wp-json\/wp\/v2\/product_brand?post=782854"},{"taxonomy":"product_cat","embeddable":true,"href":"https:\/\/roveyayinevi.com.tr\/index.php\/wp-json\/wp\/v2\/product_cat?post=782854"},{"taxonomy":"product_tag","embeddable":true,"href":"https:\/\/roveyayinevi.com.tr\/index.php\/wp-json\/wp\/v2\/product_tag?post=782854"}],"curies":[{"name":"wp","href":"https:\/\/api.w.org\/{rel}","templated":true}]}}