{"id":782853,"date":"2026-02-23T13:03:19","date_gmt":"2026-02-23T10:03:19","guid":{"rendered":"https:\/\/roveyayinevi.com.tr\/index.php\/urun\/cambazin-son-gosterisi\/"},"modified":"2026-04-12T03:36:27","modified_gmt":"2026-04-12T00:36:27","slug":"cambazin-son-gosterisi","status":"publish","type":"product","link":"https:\/\/roveyayinevi.com.tr\/index.php\/urun\/cambazin-son-gosterisi\/","title":{"rendered":"Cambaz\u0131n Son G\u00f6sterisi"},"content":{"rendered":"<p>\u0130p cambaz\u0131n\u0131n heyecanl\u0131 ve renkli bir hayat\u0131 olmu\u015ftu ama art\u0131k ya\u015f\u0131 epey ilerlemi\u015fti. Me\u015fhur Rakuten son bir g\u00f6steri yapacakt\u0131. Biletler g\u00fcnler \u00f6ncesinden t\u00fckenmi\u015fti bile. G\u00f6steri zaman\u0131 geldi\u011finde b\u00fcy\u00fck bir alk\u0131\u015f koptu, Rakuten perdeler aras\u0131ndan s\u0131yr\u0131l\u0131p sahneye \u00e7\u0131kt\u0131\u2026 Gelin bu heyecan verici muhte\u015fem g\u00f6steriyi hep birlikte izleyelim! Cem K\u0131z\u0131ltu\u011f Cambaz\u0131n Son G\u00f6sterisi kitab\u0131yla sevdiklerimizin deste\u011finin bizlere ne kadar g\u00fc\u00e7 verebilece\u011fini, arkada\u015fl\u0131klar\u0131m\u0131z\u0131n \u00f6nemini, aile olman\u0131n g\u00fczelli\u011fini hat\u0131rlat\u0131yor, g\u00f6rselleriyle merak uyand\u0131ran bir hik\u00e2ye anlat\u0131yor.<\/p>\n","protected":false},"excerpt":{"rendered":"<p>\u0130p cambaz\u0131n\u0131n heyecanl\u0131 ve renkli bir hayat\u0131 olmu\u015ftu ama art\u0131k ya\u015f\u0131 epey ilerlemi\u015fti. Me\u015fhur Rakuten son bir g\u00f6steri yapacakt\u0131. Biletler g\u00fcnler \u00f6ncesinden t\u00fckenmi\u015fti bile. G\u00f6steri zaman\u0131<span class=\"excerpt-hellip\"> [\u2026]<\/span><\/p>\n","protected":false},"featured_media":0,"template":"","meta":{"_monsterinsights_skip_tracking":false,"_monsterinsights_sitenote_active":false,"_monsterinsights_sitenote_note":"","_monsterinsights_sitenote_category":0},"product_brand":[],"product_cat":[12274,12284],"product_tag":[],"class_list":{"0":"post-782853","1":"product","2":"type-product","3":"status-publish","5":"product_cat-cocuk-ve-genclik-kitaplari","6":"product_cat-hikayeler","7":"pa_cilt-ciltsiz","8":"pa_tur-kitap","9":"pa_yayinevi-yapi-kredi-yayinlari","10":"pa_yazar-cem-kiziltug","12":"first","13":"instock","14":"sale","15":"shipping-taxable","16":"purchasable","17":"product-type-simple"},"_links":{"self":[{"href":"https:\/\/roveyayinevi.com.tr\/index.php\/wp-json\/wp\/v2\/product\/782853","targetHints":{"allow":["GET"]}}],"collection":[{"href":"https:\/\/roveyayinevi.com.tr\/index.php\/wp-json\/wp\/v2\/product"}],"about":[{"href":"https:\/\/roveyayinevi.com.tr\/index.php\/wp-json\/wp\/v2\/types\/product"}],"wp:attachment":[{"href":"https:\/\/roveyayinevi.com.tr\/index.php\/wp-json\/wp\/v2\/media?parent=782853"}],"wp:term":[{"taxonomy":"product_brand","embeddable":true,"href":"https:\/\/roveyayinevi.com.tr\/index.php\/wp-json\/wp\/v2\/product_brand?post=782853"},{"taxonomy":"product_cat","embeddable":true,"href":"https:\/\/roveyayinevi.com.tr\/index.php\/wp-json\/wp\/v2\/product_cat?post=782853"},{"taxonomy":"product_tag","embeddable":true,"href":"https:\/\/roveyayinevi.com.tr\/index.php\/wp-json\/wp\/v2\/product_tag?post=782853"}],"curies":[{"name":"wp","href":"https:\/\/api.w.org\/{rel}","templated":true}]}}