{"id":782850,"date":"2026-02-23T13:03:08","date_gmt":"2026-02-23T10:03:08","guid":{"rendered":"https:\/\/roveyayinevi.com.tr\/index.php\/urun\/stellayi-olduruyoruz-besinci-yas\/"},"modified":"2026-04-15T03:46:11","modified_gmt":"2026-04-15T00:46:11","slug":"stellayi-olduruyoruz-besinci-yas","status":"publish","type":"product","link":"https:\/\/roveyayinevi.com.tr\/index.php\/urun\/stellayi-olduruyoruz-besinci-yas\/","title":{"rendered":"Stella\u2019y\u0131 \u00d6ld\u00fcr\u00fcyoruz\/ Be\u015finci Ya\u015f"},"content":{"rendered":"<p>Haushofer\u2019den muhte\u015fem, b\u00fcy\u00fcleyici, usta i\u015fi iki novella.Marlen Haushofer\u2019in ay\u0131rt edici \u00f6zelli\u011fi, g\u00f6r\u00fcn\u00fc\u015fte yal\u0131n bir dille, insan\u0131n i\u00e7ine i\u015fleyen keskin g\u00f6zlemler yapabilmesidir. Bir ailedeki g\u00fc\u00e7 yap\u0131lar\u0131n\u0131n ve sava\u015flar\u0131n\u0131n hararetli, ger\u00e7ek\u00e7i bir dille betimlendi\u011fi, ba\u015far\u0131s\u0131z bir ili\u015fkinin ac\u0131mas\u0131z bir d\u00f6k\u00fcm\u00fc olan Stella\u2019y\u0131 \u00d6ld\u00fcr\u00fcyoruz\u2019da da durum b\u00f6yledir\u2026 Ondan a\u015fa\u011f\u0131 kal\u0131r yan\u0131 olmayan Be\u015finci Ya\u015f\u2019ta yazar bir y\u0131l boyunca ya\u015fanan olaylar\u0131 b\u00fcy\u00fckannesiyle b\u00fcy\u00fckbabas\u0131n\u0131n da\u011flardaki \u00e7iftli\u011finde b\u00fcy\u00fcyen d\u00f6rt ya\u015f\u0131ndaki Marili\u2019nin g\u00f6z\u00fcnden anlat\u0131r. Burada Marili\u2019nin zamans\u0131zl\u0131\u011f\u0131 ve kayg\u0131s\u0131zl\u0131\u011f\u0131n\u0131n ard\u0131nda so\u011fuk, sert ger\u00e7eklik de g\u00fcn y\u00fcz\u00fcne \u00e7\u0131kar ve k\u00fc\u00e7\u00fck k\u0131z hayat\u0131n olumsuz y\u00f6nleriyle ilk kez \u015fa\u015fk\u0131nl\u0131k i\u00e7inde kar\u015f\u0131 kar\u015f\u0131ya gelmek zorunda kal\u0131r\u2026Ben yaln\u0131z\u0131m, Richard hafta sonunu ge\u00e7irmek i\u00e7in \u00e7ocuklarla annesine gitti, hizmet\u00e7iye de gelmemesini s\u00f6yledim. Elbette Richard beni de \u00e7a\u011f\u0131rd\u0131 ama nas\u0131l olsa hay\u0131r diyece\u011fimi bildi\u011fi i\u00e7in. Benim varl\u0131\u011f\u0131m onu ve Annette\u2019yi rahats\u0131z etmekten ba\u015fka bir i\u015fe yaramazd\u0131. Zaten ben de nihayet yaln\u0131z kalmak istiyordum. Bir kad\u0131n taraf\u0131ndan yaz\u0131lm\u0131\u015f, bir erkek olarak varolu\u015fumu ve davran\u0131\u015flar\u0131m\u0131 bu metinden daha esasl\u0131 sorgulayan bir edebiyat eserine rastlamad\u0131m. Onu (Marlen Haushofer\u2019i) hi\u00e7 teredd\u00fcts\u00fcz Ingeborg Bachmann, Christa Wolf d\u00fczeyinde bir sanat\u00e7\u0131 olarak g\u00f6r\u00fcyorum. Otto F. Walter<\/p>\n","protected":false},"excerpt":{"rendered":"<p>Haushofer\u2019den muhte\u015fem, b\u00fcy\u00fcleyici, usta i\u015fi iki novella.Marlen Haushofer\u2019in ay\u0131rt edici \u00f6zelli\u011fi, g\u00f6r\u00fcn\u00fc\u015fte yal\u0131n bir dille, insan\u0131n i\u00e7ine i\u015fleyen keskin g\u00f6zlemler yapabilmesidir. Bir ailedeki g\u00fc\u00e7 yap\u0131lar\u0131n\u0131n ve<span class=\"excerpt-hellip\"> [\u2026]<\/span><\/p>\n","protected":false},"featured_media":0,"template":"","meta":{"_monsterinsights_skip_tracking":false,"_monsterinsights_sitenote_active":false,"_monsterinsights_sitenote_note":"","_monsterinsights_sitenote_category":0},"product_brand":[],"product_cat":[18545,12291],"product_tag":[],"class_list":{"0":"post-782850","1":"product","2":"type-product","3":"status-publish","5":"product_cat-anlati","6":"product_cat-edebiyat","7":"pa_cilt-ciltsiz","8":"pa_tur-kitap","9":"pa_yayinevi-yapi-kredi-yayinlari","10":"pa_yazar-marlen-haushofer","12":"first","13":"instock","14":"sale","15":"shipping-taxable","16":"purchasable","17":"product-type-simple"},"_links":{"self":[{"href":"https:\/\/roveyayinevi.com.tr\/index.php\/wp-json\/wp\/v2\/product\/782850","targetHints":{"allow":["GET"]}}],"collection":[{"href":"https:\/\/roveyayinevi.com.tr\/index.php\/wp-json\/wp\/v2\/product"}],"about":[{"href":"https:\/\/roveyayinevi.com.tr\/index.php\/wp-json\/wp\/v2\/types\/product"}],"wp:attachment":[{"href":"https:\/\/roveyayinevi.com.tr\/index.php\/wp-json\/wp\/v2\/media?parent=782850"}],"wp:term":[{"taxonomy":"product_brand","embeddable":true,"href":"https:\/\/roveyayinevi.com.tr\/index.php\/wp-json\/wp\/v2\/product_brand?post=782850"},{"taxonomy":"product_cat","embeddable":true,"href":"https:\/\/roveyayinevi.com.tr\/index.php\/wp-json\/wp\/v2\/product_cat?post=782850"},{"taxonomy":"product_tag","embeddable":true,"href":"https:\/\/roveyayinevi.com.tr\/index.php\/wp-json\/wp\/v2\/product_tag?post=782850"}],"curies":[{"name":"wp","href":"https:\/\/api.w.org\/{rel}","templated":true}]}}