{"id":782846,"date":"2026-02-23T13:02:52","date_gmt":"2026-02-23T10:02:52","guid":{"rendered":"https:\/\/roveyayinevi.com.tr\/index.php\/urun\/ataturk-ve-yuruyen-kosk\/"},"modified":"2026-04-15T03:46:11","modified_gmt":"2026-04-15T00:46:11","slug":"ataturk-ve-yuruyen-kosk","status":"publish","type":"product","link":"https:\/\/roveyayinevi.com.tr\/index.php\/urun\/ataturk-ve-yuruyen-kosk\/","title":{"rendered":"Atat\u00fcrk ve Y\u00fcr\u00fcyen K\u00f6\u015fk"},"content":{"rendered":"<p>Atat\u00fcrk Yalova ziyaretlerinin birinde, iskele yak\u0131n\u0131nda g\u00f6\u011fe y\u00fckselen dev bir \u00e7\u0131nar a\u011fac\u0131 g\u00f6rd\u00fc. \u00c7ok etkilendi. \u0130ste\u011fi \u00fczerine \u00e7\u0131nar a\u011fac\u0131n\u0131n yak\u0131n\u0131na k\u00fc\u00e7\u00fck bir dinlenme evi yap\u0131ld\u0131. Ah\u015fap, iki katl\u0131, k\u00fc\u00e7\u00fck bir ev. Sonraki ziyaretlerinin birinde \u00e7\u0131nar\u0131n alt\u0131nda elinde testereyle bekleyen bir bah\u00e7\u0131van g\u00f6r\u00fcnce, ona ne yapt\u0131\u011f\u0131n\u0131 sordu. Bah\u00e7\u0131van, \u201c\u00c7\u0131nar\u0131n baz\u0131 dallar\u0131 r\u00fczg\u00e2rl\u0131 havalarda k\u00f6\u015fke \u00e7arp\u0131p, zarar veriyor, o dallar\u0131 kesece\u011fim Pa\u015fam,\u201d dedi. Atat\u00fcrk bu cevaptan hi\u00e7 ho\u015flanmam\u0131\u015ft\u0131. Duvara vuran dallara bakt\u0131, evin \u00e7evresini dola\u015ft\u0131. Sonra da bah\u00e7\u0131vana, \u201cB\u0131rak, kesme,\u201d dedi.  Kafas\u0131nda beklenmedik bir \u00e7\u00f6z\u00fcm canlanm\u0131\u015ft\u0131. Atat\u00fcrk\u2019ten, ger\u00e7ek do\u011fa sevgisinin, a\u011fa\u00e7 sevgisinin ne demek oldu\u011funu g\u00f6steren \u00e7ok \u00e7arp\u0131c\u0131, m\u00fcthi\u015f bir \u00f6rnek.<\/p>\n","protected":false},"excerpt":{"rendered":"<p>Atat\u00fcrk Yalova ziyaretlerinin birinde, iskele yak\u0131n\u0131nda g\u00f6\u011fe y\u00fckselen dev bir \u00e7\u0131nar a\u011fac\u0131 g\u00f6rd\u00fc. \u00c7ok etkilendi. \u0130ste\u011fi \u00fczerine \u00e7\u0131nar a\u011fac\u0131n\u0131n yak\u0131n\u0131na k\u00fc\u00e7\u00fck bir dinlenme evi yap\u0131ld\u0131. Ah\u015fap,<span class=\"excerpt-hellip\"> [\u2026]<\/span><\/p>\n","protected":false},"featured_media":0,"template":"","meta":{"_monsterinsights_skip_tracking":false,"_monsterinsights_sitenote_active":false,"_monsterinsights_sitenote_note":"","_monsterinsights_sitenote_category":0},"product_brand":[],"product_cat":[12274,12284],"product_tag":[],"class_list":{"0":"post-782846","1":"product","2":"type-product","3":"status-publish","5":"product_cat-cocuk-ve-genclik-kitaplari","6":"product_cat-hikayeler","7":"pa_cilt-ciltsiz","8":"pa_tur-kitap","9":"pa_yayinevi-mundi","10":"pa_yazar-suleyman-bulut","12":"first","13":"instock","14":"sale","15":"shipping-taxable","16":"purchasable","17":"product-type-simple"},"_links":{"self":[{"href":"https:\/\/roveyayinevi.com.tr\/index.php\/wp-json\/wp\/v2\/product\/782846","targetHints":{"allow":["GET"]}}],"collection":[{"href":"https:\/\/roveyayinevi.com.tr\/index.php\/wp-json\/wp\/v2\/product"}],"about":[{"href":"https:\/\/roveyayinevi.com.tr\/index.php\/wp-json\/wp\/v2\/types\/product"}],"wp:attachment":[{"href":"https:\/\/roveyayinevi.com.tr\/index.php\/wp-json\/wp\/v2\/media?parent=782846"}],"wp:term":[{"taxonomy":"product_brand","embeddable":true,"href":"https:\/\/roveyayinevi.com.tr\/index.php\/wp-json\/wp\/v2\/product_brand?post=782846"},{"taxonomy":"product_cat","embeddable":true,"href":"https:\/\/roveyayinevi.com.tr\/index.php\/wp-json\/wp\/v2\/product_cat?post=782846"},{"taxonomy":"product_tag","embeddable":true,"href":"https:\/\/roveyayinevi.com.tr\/index.php\/wp-json\/wp\/v2\/product_tag?post=782846"}],"curies":[{"name":"wp","href":"https:\/\/api.w.org\/{rel}","templated":true}]}}