{"id":782845,"date":"2026-02-23T13:02:49","date_gmt":"2026-02-23T10:02:49","guid":{"rendered":"https:\/\/roveyayinevi.com.tr\/index.php\/urun\/ataturk-ve-sevdigi-ati\/"},"modified":"2026-04-15T03:46:11","modified_gmt":"2026-04-15T00:46:11","slug":"ataturk-ve-sevdigi-ati","status":"publish","type":"product","link":"https:\/\/roveyayinevi.com.tr\/index.php\/urun\/ataturk-ve-sevdigi-ati\/","title":{"rendered":"Atat\u00fcrk ve Sevdi\u011fi At\u0131"},"content":{"rendered":"<p>Atat\u00fcrk\u2019\u00fcn hen\u00fcz binba\u015f\u0131 oldu\u011fu y\u0131llar&#8230; \u00c7ok sevdi\u011fi bir at\u0131 var, kiraz renkli bir at ama son g\u00fcnlerde biraz durgun. Binba\u015f\u0131 Mustafa Kemal at\u0131n\u0131 muayeneye g\u00f6nderir. Gelen cevap \u00fcz\u00fcc\u00fcd\u00fcr: At, tedavisi olmayan bula\u015f\u0131c\u0131 bir hastal\u0131\u011fa yakalanm\u0131\u015ft\u0131r. Binba\u015f\u0131 Mustafa Kemal hemen veterinerli\u011fe ko\u015far, at\u0131n\u0131 son kez g\u00f6rmek, ona sar\u0131lmak ister. Veteriner komutan, Mustafa Kemal\u2019e bunun m\u00fcmk\u00fcn olmad\u0131\u011f\u0131n\u0131 belirtir. Hastal\u0131k bula\u015f\u0131c\u0131 ve tehlikelidir. Mustafa Kemal\u2019se at\u0131na son bir kez dokunmak konusunda kararl\u0131d\u0131r. S\u00fcleyman Bulut, bu \u00f6yk\u00fcde \u00e7ocuklara, Atat\u00fcrk\u2019\u00fcn hayvan sevgisinin duygu dolu ve dokunakl\u0131 bir \u00f6rne\u011fini sunuyor.<\/p>\n","protected":false},"excerpt":{"rendered":"<p>Atat\u00fcrk\u2019\u00fcn hen\u00fcz binba\u015f\u0131 oldu\u011fu y\u0131llar&#8230; \u00c7ok sevdi\u011fi bir at\u0131 var, kiraz renkli bir at ama son g\u00fcnlerde biraz durgun. Binba\u015f\u0131 Mustafa Kemal at\u0131n\u0131 muayeneye g\u00f6nderir. Gelen<span class=\"excerpt-hellip\"> [\u2026]<\/span><\/p>\n","protected":false},"featured_media":0,"template":"","meta":{"_monsterinsights_skip_tracking":false,"_monsterinsights_sitenote_active":false,"_monsterinsights_sitenote_note":"","_monsterinsights_sitenote_category":0},"product_brand":[],"product_cat":[12274,12284],"product_tag":[],"class_list":{"0":"post-782845","1":"product","2":"type-product","3":"status-publish","5":"product_cat-cocuk-ve-genclik-kitaplari","6":"product_cat-hikayeler","7":"pa_cilt-ciltsiz","8":"pa_tur-kitap","9":"pa_yayinevi-mundi","10":"pa_yazar-suleyman-bulut","12":"first","13":"instock","14":"sale","15":"shipping-taxable","16":"purchasable","17":"product-type-simple"},"_links":{"self":[{"href":"https:\/\/roveyayinevi.com.tr\/index.php\/wp-json\/wp\/v2\/product\/782845","targetHints":{"allow":["GET"]}}],"collection":[{"href":"https:\/\/roveyayinevi.com.tr\/index.php\/wp-json\/wp\/v2\/product"}],"about":[{"href":"https:\/\/roveyayinevi.com.tr\/index.php\/wp-json\/wp\/v2\/types\/product"}],"wp:attachment":[{"href":"https:\/\/roveyayinevi.com.tr\/index.php\/wp-json\/wp\/v2\/media?parent=782845"}],"wp:term":[{"taxonomy":"product_brand","embeddable":true,"href":"https:\/\/roveyayinevi.com.tr\/index.php\/wp-json\/wp\/v2\/product_brand?post=782845"},{"taxonomy":"product_cat","embeddable":true,"href":"https:\/\/roveyayinevi.com.tr\/index.php\/wp-json\/wp\/v2\/product_cat?post=782845"},{"taxonomy":"product_tag","embeddable":true,"href":"https:\/\/roveyayinevi.com.tr\/index.php\/wp-json\/wp\/v2\/product_tag?post=782845"}],"curies":[{"name":"wp","href":"https:\/\/api.w.org\/{rel}","templated":true}]}}