{"id":782843,"date":"2026-02-23T13:02:41","date_gmt":"2026-02-23T10:02:41","guid":{"rendered":"https:\/\/roveyayinevi.com.tr\/index.php\/urun\/kusursuzluk\/"},"modified":"2026-04-15T03:46:11","modified_gmt":"2026-04-15T00:46:11","slug":"kusursuzluk","status":"publish","type":"product","link":"https:\/\/roveyayinevi.com.tr\/index.php\/urun\/kusursuzluk\/","title":{"rendered":"Kusursuzluk"},"content":{"rendered":"<p>Gen\u00e7 \u0130talyan yazar Vincenzo Latronico\u2019nun bir\u00e7ok dile \u00e7evrilen ve \u00e7ok konu\u015fulan roman\u0131 Kusursuzluk\u2019un kahramanlar\u0131 Anna ile Tom, Avrupa\u2019n\u0131n g\u00fcneyindeki \u00fclkelerinden, d\u00fc\u015fledikleri ya\u015fam\u0131n nabz\u0131n\u0131n att\u0131\u011f\u0131 Berlin\u2019e gelip yerle\u015fmi\u015f gen\u00e7 bir \u00e7ift; internetin geli\u015fip yayg\u0131nla\u015ft\u0131\u011f\u0131 d\u00f6nemde b\u00fcy\u00fcm\u00fc\u015f, evden \u00e7al\u0131\u015fan dijital tasar\u0131mc\u0131lar. Daireleri bitkiler ve \u0130skandinav mobilyalar\u0131yla dolu; kendilerine benzeyen g\u00f6\u00e7menlerle g\u00f6r\u00fc\u015ft\u00fckleri bir ya\u015fant\u0131lar\u0131 var; sosyal medya g\u00fcndelik ger\u00e7ekliklerinin ayr\u0131lmaz bir par\u00e7as\u0131&#8230; Y\u0131llar ge\u00e7tik\u00e7e, Anna ile Tom\u2019un \u00f6zenle s\u00fcrd\u00fcrd\u00fckleri ya\u015fant\u0131n\u0131n par\u0131lt\u0131s\u0131 s\u00f6nmeye y\u00fcz tutar, hayati bir \u015feyin durmadan \u0131skaland\u0131\u011f\u0131 hissi ya\u015famlar\u0131na \u00e7\u00f6reklenir. \u00c7ok ge\u00e7 olmadan bir \u015feyler yapmal\u0131d\u0131r, ama ne?   Vincenzo Latronico Kusursuzluk\u2019ta Georges Perec\u2019in \u015eeyler adl\u0131 roman\u0131n\u0131 \u00e7\u0131k\u0131\u015f noktas\u0131 haline getirerek 21. y\u00fczy\u0131lda ortaya \u00e7\u0131km\u0131\u015f yeni bir \u00e7evrenin so\u011fukkanl\u0131 bir anatomisini \u00e7\u0131karmaya giri\u015fiyor. Bir ku\u015fa\u011f\u0131n arzular\u0131 ve al\u0131\u015fkanl\u0131klar\u0131, d\u00fc\u015fleri ve h\u00fcsranlar\u0131, siyasetle ve sosyal medyayla ili\u015fkileri hakk\u0131nda, keskin g\u00f6zlemlerle dolu, yo\u011fun bir roman \u00e7\u0131kar\u0131yor ortaya.   Kusursuzluk, bir ku\u015fa\u011f\u0131n tan\u0131m\u0131n\u0131 sunan, merhameti olmayan bir yaz\u0131nsal yap\u0131t. Bu kitab\u0131 okumak aynaya bakmaya ve nihayet kendinizi de yarat\u0131lmas\u0131na katk\u0131da bulundu\u011funuz k\u00fclt\u00fcr\u00fc de ilk kez sahiden g\u00f6rmeye benziyor. Madeleine Watts<\/p>\n","protected":false},"excerpt":{"rendered":"<p>Gen\u00e7 \u0130talyan yazar Vincenzo Latronico\u2019nun bir\u00e7ok dile \u00e7evrilen ve \u00e7ok konu\u015fulan roman\u0131 Kusursuzluk\u2019un kahramanlar\u0131 Anna ile Tom, Avrupa\u2019n\u0131n g\u00fcneyindeki \u00fclkelerinden, d\u00fc\u015fledikleri ya\u015fam\u0131n nabz\u0131n\u0131n att\u0131\u011f\u0131 Berlin\u2019e gelip<span class=\"excerpt-hellip\"> [\u2026]<\/span><\/p>\n","protected":false},"featured_media":0,"template":"","meta":{"_monsterinsights_skip_tracking":false,"_monsterinsights_sitenote_active":false,"_monsterinsights_sitenote_note":"","_monsterinsights_sitenote_category":0},"product_brand":[],"product_cat":[12291,12711],"product_tag":[],"class_list":{"0":"post-782843","1":"product","2":"type-product","3":"status-publish","5":"product_cat-edebiyat","6":"product_cat-roman-oyku","7":"pa_cilt-ciltsiz","8":"pa_tur-kitap","9":"pa_yayinevi-yapi-kredi-yayinlari","10":"pa_yazar-vincenzo-latronico","12":"first","13":"instock","14":"sale","15":"shipping-taxable","16":"purchasable","17":"product-type-simple"},"_links":{"self":[{"href":"https:\/\/roveyayinevi.com.tr\/index.php\/wp-json\/wp\/v2\/product\/782843","targetHints":{"allow":["GET"]}}],"collection":[{"href":"https:\/\/roveyayinevi.com.tr\/index.php\/wp-json\/wp\/v2\/product"}],"about":[{"href":"https:\/\/roveyayinevi.com.tr\/index.php\/wp-json\/wp\/v2\/types\/product"}],"wp:attachment":[{"href":"https:\/\/roveyayinevi.com.tr\/index.php\/wp-json\/wp\/v2\/media?parent=782843"}],"wp:term":[{"taxonomy":"product_brand","embeddable":true,"href":"https:\/\/roveyayinevi.com.tr\/index.php\/wp-json\/wp\/v2\/product_brand?post=782843"},{"taxonomy":"product_cat","embeddable":true,"href":"https:\/\/roveyayinevi.com.tr\/index.php\/wp-json\/wp\/v2\/product_cat?post=782843"},{"taxonomy":"product_tag","embeddable":true,"href":"https:\/\/roveyayinevi.com.tr\/index.php\/wp-json\/wp\/v2\/product_tag?post=782843"}],"curies":[{"name":"wp","href":"https:\/\/api.w.org\/{rel}","templated":true}]}}