{"id":782842,"date":"2026-02-23T13:02:37","date_gmt":"2026-02-23T10:02:37","guid":{"rendered":"https:\/\/roveyayinevi.com.tr\/index.php\/urun\/sonrasi-evlilik-ve-ayriliga-dair\/"},"modified":"2026-04-15T03:46:11","modified_gmt":"2026-04-15T00:46:11","slug":"sonrasi-evlilik-ve-ayriliga-dair","status":"publish","type":"product","link":"https:\/\/roveyayinevi.com.tr\/index.php\/urun\/sonrasi-evlilik-ve-ayriliga-dair\/","title":{"rendered":"Sonras\u0131 Evlilik ve Ayr\u0131l\u0131\u011fa Dair"},"content":{"rendered":"<p>Rachel Cusk yaln\u0131zca romanlar\u0131yla de\u011fil, an\u0131, deneme, ele\u015ftiri gibi t\u00fcrleri i\u00e7 i\u00e7e ge\u00e7irdi\u011fi d\u00fczyaz\u0131 kitaplar\u0131yla da g\u00fcn\u00fcm\u00fcz\u00fcn en \u00f6nemli edebiyat\u00e7\u0131lar\u0131 aras\u0131nda yer al\u0131yor. Hamileli\u011fini ve anneli\u011finin ilk y\u0131l\u0131n\u0131 ele ald\u0131\u011f\u0131 Bir \u00d6mr\u00fcn Eme\u011fi\u2019nin ve ailesiyle birlikte \u00e7\u0131kt\u0131\u011f\u0131 \u0130talya seyahatini anlatt\u0131\u011f\u0131 Son Ak\u015fam Yeme\u011fi\u2019nin ard\u0131ndan gelen Sonras\u0131\u2019n\u0131n da yay\u0131mlanmas\u0131yla, Cusk\u2019\u0131n bir \u00fc\u00e7leme olarak g\u00f6r\u00fclebilecek d\u00fczyaz\u0131 kitaplar\u0131n\u0131n sonuncusu T\u00fcrk\u00e7ede okurla bulu\u015fmu\u015f oluyor.   Evlili\u011fin sona eri\u015finin ard\u0131ndan gelen yeni ger\u00e7ekli\u011fi so\u011fukkanl\u0131l\u0131kla ke\u015ffe \u00e7\u0131kan Cusk, kad\u0131n\u0131n toplum i\u00e7indeki yerini, aileyi ve evlili\u011fi, otorite kavram\u0131n\u0131 te\u015frih masas\u0131na yat\u0131r\u0131yor; yeni edinilmi\u015f ac\u0131 bir bilginin \u0131\u015f\u0131\u011f\u0131nda hem kendi \u00e7ocuklu\u011funa ve ailesine yeni bir g\u00f6zle bak\u0131yor hem de belli ba\u015fl\u0131 Yunan tragedyalar\u0131na taze bir bak\u0131\u015f getiriyor. Sonras\u0131, Rachel Cusk\u2019\u0131n yazarl\u0131\u011f\u0131nda \u00c7er\u00e7eve \u00fc\u00e7lemesiyle ba\u015flayan k\u0131r\u0131lmaya dair ipu\u00e7lar\u0131 da sunan, sars\u0131c\u0131 bir kitap.   Kad\u0131n deneyimini anlatan s\u0131ra d\u0131\u015f\u0131 bir yazar. Financial Times<\/p>\n","protected":false},"excerpt":{"rendered":"<p>Rachel Cusk yaln\u0131zca romanlar\u0131yla de\u011fil, an\u0131, deneme, ele\u015ftiri gibi t\u00fcrleri i\u00e7 i\u00e7e ge\u00e7irdi\u011fi d\u00fczyaz\u0131 kitaplar\u0131yla da g\u00fcn\u00fcm\u00fcz\u00fcn en \u00f6nemli edebiyat\u00e7\u0131lar\u0131 aras\u0131nda yer al\u0131yor. Hamileli\u011fini ve anneli\u011finin<span class=\"excerpt-hellip\"> [\u2026]<\/span><\/p>\n","protected":false},"featured_media":0,"template":"","meta":{"_monsterinsights_skip_tracking":false,"_monsterinsights_sitenote_active":false,"_monsterinsights_sitenote_note":"","_monsterinsights_sitenote_category":0},"product_brand":[],"product_cat":[12777,12291],"product_tag":[],"class_list":{"0":"post-782842","1":"product","2":"type-product","3":"status-publish","5":"product_cat-deneme","6":"product_cat-edebiyat","7":"pa_cilt-ciltsiz","8":"pa_tur-kitap","9":"pa_yayinevi-yapi-kredi-yayinlari","10":"pa_yazar-rachel-cusk","12":"first","13":"instock","14":"sale","15":"shipping-taxable","16":"purchasable","17":"product-type-simple"},"_links":{"self":[{"href":"https:\/\/roveyayinevi.com.tr\/index.php\/wp-json\/wp\/v2\/product\/782842","targetHints":{"allow":["GET"]}}],"collection":[{"href":"https:\/\/roveyayinevi.com.tr\/index.php\/wp-json\/wp\/v2\/product"}],"about":[{"href":"https:\/\/roveyayinevi.com.tr\/index.php\/wp-json\/wp\/v2\/types\/product"}],"wp:attachment":[{"href":"https:\/\/roveyayinevi.com.tr\/index.php\/wp-json\/wp\/v2\/media?parent=782842"}],"wp:term":[{"taxonomy":"product_brand","embeddable":true,"href":"https:\/\/roveyayinevi.com.tr\/index.php\/wp-json\/wp\/v2\/product_brand?post=782842"},{"taxonomy":"product_cat","embeddable":true,"href":"https:\/\/roveyayinevi.com.tr\/index.php\/wp-json\/wp\/v2\/product_cat?post=782842"},{"taxonomy":"product_tag","embeddable":true,"href":"https:\/\/roveyayinevi.com.tr\/index.php\/wp-json\/wp\/v2\/product_tag?post=782842"}],"curies":[{"name":"wp","href":"https:\/\/api.w.org\/{rel}","templated":true}]}}