{"id":782839,"date":"2026-02-23T13:02:27","date_gmt":"2026-02-23T10:02:27","guid":{"rendered":"https:\/\/roveyayinevi.com.tr\/index.php\/urun\/kara-avci-2\/"},"modified":"2026-04-15T03:46:11","modified_gmt":"2026-04-15T00:46:11","slug":"kara-avci-2","status":"publish","type":"product","link":"https:\/\/roveyayinevi.com.tr\/index.php\/urun\/kara-avci-2\/","title":{"rendered":"Kara Avc\u0131"},"content":{"rendered":"<p>20. y\u00fczy\u0131l\u0131n en \u00f6nemli antik Yunan ara\u015ft\u0131rmac\u0131lar\u0131ndan say\u0131lan Pierre Vidal-Naquet, bu eserinde Yunan d\u00fcnyas\u0131n\u0131 hoplit-kara avc\u0131 kar\u015f\u0131tl\u0131\u011f\u0131ndan hareketle inceliyor. D\u00fczenli askeri birlik \u201choplitler\u201din aksine; g\u00fcnd\u00fcz de\u011fil gece, meydanda de\u011fil ormanda, a\u011f\u0131r de\u011fil hafif silahlarla sava\u015fan kara avc\u0131lar\u0131n kurnazl\u0131klar\u0131ndan gelen g\u00fcc\u00fcn\u00fc ortaya koyuyor. K\u00f6kenini Melanion ve Meleagros gibi mitolojik fig\u00fcrlerde buldu\u011fu kara avc\u0131lar\u0131n izini, \u015fehirde de\u011fil vah\u015fi do\u011fada s\u00fcr\u00fcyor; k\u00f6leleri, zanaatk\u00e2rlar\u0131, kad\u0131nlar\u0131 ve \u201cAlt\u0131n \u00c7a\u011f\u201d\u0131, yurtta\u015f bile say\u0131lmayan kara avc\u0131lar perspektifinden ele al\u0131yor. Kitap, Yunan d\u00fc\u015f\u00fcnce d\u00fcnyas\u0131 hakk\u0131nda sadece s\u00f6ylenenleri de\u011fil, dile getirilemeyenleri de oda\u011f\u0131na al\u0131yor. \u201cKentin \u00e7eperlerine yap\u0131lan bu ke\u015fif yolculu\u011fu, b\u00fcy\u00fck Helen uzman\u0131n\u0131n en simgesel kitaplar\u0131ndan biri.\u201d\u2013L\u2019Histoire \u201cKara Avc\u0131, antik Yunan\u2019la ilgilenenler i\u00e7in ka\u00e7\u0131r\u0131lmamas\u0131 gereken bir klasik, son derece berrak, ustaca bir sentez.\u201d\u2013Le Magazine Litt\u00e9raire \u201cPierre Vidal-Naquet kent merkezinden ka\u00e7\u0131p agoray\u0131 terk etmi\u015f, bile isteye s\u0131n\u0131rlara yerle\u015fmi\u015ftir. Elbette ki toplumsal, ama ayn\u0131 zamanda co\u011frafi s\u0131n\u0131rlara. Ve ak\u015fam oldu\u011funda, erginlemek i\u00e7in i\u015flemesi gereken cinayet u\u011fruna da\u011flarda veya ormanlarda s\u00fcr\u00fcnen \u2018Kara Avc\u0131\u2019n\u0131n o sinsi ve \u015fiddet dolu siluetini i\u015fte orada g\u00f6r\u00fcr.\u201d\u2013Lib\u00e9ration<\/p>\n","protected":false},"excerpt":{"rendered":"<p>20. y\u00fczy\u0131l\u0131n en \u00f6nemli antik Yunan ara\u015ft\u0131rmac\u0131lar\u0131ndan say\u0131lan Pierre Vidal-Naquet, bu eserinde Yunan d\u00fcnyas\u0131n\u0131 hoplit-kara avc\u0131 kar\u015f\u0131tl\u0131\u011f\u0131ndan hareketle inceliyor. D\u00fczenli askeri birlik \u201choplitler\u201din aksine; g\u00fcnd\u00fcz de\u011fil<span class=\"excerpt-hellip\"> [\u2026]<\/span><\/p>\n","protected":false},"featured_media":0,"template":"","meta":{"_monsterinsights_skip_tracking":false,"_monsterinsights_sitenote_active":false,"_monsterinsights_sitenote_note":"","_monsterinsights_sitenote_category":0},"product_brand":[],"product_cat":[12370,12304],"product_tag":[],"class_list":{"0":"post-782839","1":"product","2":"type-product","3":"status-publish","5":"product_cat-arastirma-inceleme","6":"product_cat-tarih","7":"pa_cilt-ciltsiz","8":"pa_tur-kitap","9":"pa_yayinevi-alfa-yayinlari","10":"pa_yazar-pierre-vidal-naquet","12":"first","13":"instock","14":"sale","15":"shipping-taxable","16":"purchasable","17":"product-type-simple"},"_links":{"self":[{"href":"https:\/\/roveyayinevi.com.tr\/index.php\/wp-json\/wp\/v2\/product\/782839","targetHints":{"allow":["GET"]}}],"collection":[{"href":"https:\/\/roveyayinevi.com.tr\/index.php\/wp-json\/wp\/v2\/product"}],"about":[{"href":"https:\/\/roveyayinevi.com.tr\/index.php\/wp-json\/wp\/v2\/types\/product"}],"wp:attachment":[{"href":"https:\/\/roveyayinevi.com.tr\/index.php\/wp-json\/wp\/v2\/media?parent=782839"}],"wp:term":[{"taxonomy":"product_brand","embeddable":true,"href":"https:\/\/roveyayinevi.com.tr\/index.php\/wp-json\/wp\/v2\/product_brand?post=782839"},{"taxonomy":"product_cat","embeddable":true,"href":"https:\/\/roveyayinevi.com.tr\/index.php\/wp-json\/wp\/v2\/product_cat?post=782839"},{"taxonomy":"product_tag","embeddable":true,"href":"https:\/\/roveyayinevi.com.tr\/index.php\/wp-json\/wp\/v2\/product_tag?post=782839"}],"curies":[{"name":"wp","href":"https:\/\/api.w.org\/{rel}","templated":true}]}}