{"id":782838,"date":"2026-02-23T13:02:24","date_gmt":"2026-02-23T10:02:24","guid":{"rendered":"https:\/\/roveyayinevi.com.tr\/index.php\/urun\/osmanlida-uc-bilge-sultan-fatih-yavuz-kanuni\/"},"modified":"2026-04-15T03:46:11","modified_gmt":"2026-04-15T00:46:11","slug":"osmanlida-uc-bilge-sultan-fatih-yavuz-kanuni","status":"publish","type":"product","link":"https:\/\/roveyayinevi.com.tr\/index.php\/urun\/osmanlida-uc-bilge-sultan-fatih-yavuz-kanuni\/","title":{"rendered":"Osmanl\u0131\u2019da \u00dc\u00e7 Bilge Sultan: Fatih, Yavuz, Kanuni"},"content":{"rendered":"<p>Fatih Sultan Mehmet, Yavuz Sultan Selim ve Kanuni Sultan S\u00fcleyman Osmanl\u0131 \u0130mparatorlu\u011fu&#8217;nun en ba\u015far\u0131l\u0131 padi\u015fahlar\u0131 olarak tarihe ge\u00e7mi\u015ftir. Ayr\u0131ca Kanuni Sultan S\u00fcleyman d\u00f6neminde Osmanl\u0131 \u0130mparatorlu\u011fu en geni\u015f toprak alanlar\u0131na ula\u015fm\u0131\u015ft\u0131r.Milletimizin ruhundaki kahramanl\u0131\u011f\u0131 g\u00f6steren \u0130stanbul\u2019un fethi olay\u0131, T\u00fcrk tarihindeki alt\u0131n yapraklardan birisidir. \u0130stanbul\u2019u fethederek Orta \u00c7a\u011f\u2019\u0131 kapatan ve Yeni \u00c7a\u011f\u2019\u0131 ba\u015flatan Fatih Sultan Mehmet, kahramanl\u0131\u011f\u0131 ve bilge ki\u015fili\u011fiyle ya\u015fad\u0131\u011f\u0131 zaman\u0131n \u00e7ok \u00f6tesinden bug\u00fcnlere ula\u015fm\u0131\u015f tarih\u00ee bir kahramand\u0131r. Padi\u015fahl\u0131\u011f\u0131 d\u00f6neminde devletin s\u0131n\u0131rlar\u0131n\u0131 geli\u015ftiren asker\u00ee dehas\u0131 ve kahramanl\u0131\u011f\u0131 yan\u0131nda \u015fair kimli\u011fiyle de tan\u0131nan Fatih Sultan Mehmet, tarihin g\u00f6rd\u00fc\u011f\u00fc en b\u00fcy\u00fck komutanlardan biridir.I. Selim, bilinen ad\u0131yla Yavuz Sultan Selim, 9. Osmanl\u0131 padi\u015fah\u0131 ve 88. \u0130slam halifesidir. Ayn\u0131 zamanda ilk T\u00fcrk \u0130slam halifesi ve H\u00e2dim&#8217;ul-Harameyn&#8217;u\u015f-\u015eerifeyn unvan\u0131na sahiptir. Padi\u015fahl\u0131\u011f\u0131 d\u00f6neminde Anadolu&#8217;da birlik sa\u011flanm\u0131\u015f; halifelik M\u0131s\u0131r Memluklar\u0131\u2019na ba\u011fl\u0131 Abbasilerden Osmanl\u0131 Hanedan\u0131na ge\u00e7mi\u015ftir. Ayr\u0131ca devrin en \u00f6nemli iki ticaret yolu olan \u0130pek ve Baharat Yolu&#8217;nu ele ge\u00e7iren Osmanl\u0131, bu sayede do\u011fu ticaret yollar\u0131n\u0131 tamamen kontrol\u00fc alt\u0131na alm\u0131\u015ft\u0131r.Osmanl\u0131 \u0130mparatorlu\u011funun en uzun s\u00fcre tahtta kalan ve en b\u00fcy\u00fck padi\u015fah\u0131 olarak kabul edilen Kanuni Sultan S\u00fcleyman, bundan 453 y\u0131l \u00f6nce 7 Eyl\u00fcl 1566 tarihinde Zigetvar&#8217;da seferdeyken vefat etti. B\u00fcy\u00fck Padi\u015fah, isminden \u00e7ok \u201cKanuni\u201d unvan\u0131yla tan\u0131n\u0131rsa da bu s\u0131fat, 18. y\u00fczy\u0131lda ilk defa Dimitrie Cantemir&#8217;in Osmanl\u0131 tarihinde ge\u00e7ti, XIX. y\u00fczy\u0131lda Osmanl\u0131 tarih\u00e7ilerince de benimsenerek yayg\u0131nl\u0131k kazand\u0131. \u00c7a\u011fda\u015f\u0131 Bat\u0131l\u0131 yazarlar Sultan&#8217;\u0131 \u201cMuhte\u015fem\u201d veya \u201cB\u00fcy\u00fck T\u00fcrk\u201d lakaplar\u0131yla an\u0131yorlard\u0131.\u201cOsmanl\u0131\u2019da \u00dc\u00e7 Bilge Sultan: Fatih, Yavuz, Kanuni\u201d adl\u0131 bu eserimizde tarihe m\u00fchr\u00fcn\u00fc vurmu\u015f bu \u00fc\u00e7 bilge sultan\u0131n do\u011fumlar\u0131ndan \u00f6l\u00fcmlerine kadarki ya\u015fant\u0131lar\u0131 ve ya\u015fanm\u0131\u015f hat\u0131ralar\u0131ndan sizlere kesitler sunduk. Osmanl\u0131 tarihini ve k\u00fclt\u00fcr\u00fcn\u00fc anlatmak ve sevdirmek amac\u0131yla kaleme ald\u0131\u011f\u0131m\u0131z bu eserimizin de okuyucular taraf\u0131ndan be\u011fenilmesi dile\u011fiyle. \u00c7al\u0131\u015fma bizden, takdir Allah\u2019tand\u0131r.<\/p>\n","protected":false},"excerpt":{"rendered":"<p>Fatih Sultan Mehmet, Yavuz Sultan Selim ve Kanuni Sultan S\u00fcleyman Osmanl\u0131 \u0130mparatorlu\u011fu&#8217;nun en ba\u015far\u0131l\u0131 padi\u015fahlar\u0131 olarak tarihe ge\u00e7mi\u015ftir. Ayr\u0131ca Kanuni Sultan S\u00fcleyman d\u00f6neminde Osmanl\u0131 \u0130mparatorlu\u011fu en<span class=\"excerpt-hellip\"> [\u2026]<\/span><\/p>\n","protected":false},"featured_media":0,"template":"","meta":{"_monsterinsights_skip_tracking":false,"_monsterinsights_sitenote_active":false,"_monsterinsights_sitenote_note":"","_monsterinsights_sitenote_category":0},"product_brand":[],"product_cat":[13517,12304],"product_tag":[],"class_list":{"0":"post-782838","1":"product","2":"type-product","3":"status-publish","5":"product_cat-osmanli-tarihi","6":"product_cat-tarih","7":"pa_cilt-ciltsiz","8":"pa_tur-kitap","9":"pa_yayinevi-gulnar-yayinlari","10":"pa_yazar-selcuk-silsupur","12":"first","13":"instock","14":"sale","15":"shipping-taxable","16":"purchasable","17":"product-type-simple"},"_links":{"self":[{"href":"https:\/\/roveyayinevi.com.tr\/index.php\/wp-json\/wp\/v2\/product\/782838","targetHints":{"allow":["GET"]}}],"collection":[{"href":"https:\/\/roveyayinevi.com.tr\/index.php\/wp-json\/wp\/v2\/product"}],"about":[{"href":"https:\/\/roveyayinevi.com.tr\/index.php\/wp-json\/wp\/v2\/types\/product"}],"wp:attachment":[{"href":"https:\/\/roveyayinevi.com.tr\/index.php\/wp-json\/wp\/v2\/media?parent=782838"}],"wp:term":[{"taxonomy":"product_brand","embeddable":true,"href":"https:\/\/roveyayinevi.com.tr\/index.php\/wp-json\/wp\/v2\/product_brand?post=782838"},{"taxonomy":"product_cat","embeddable":true,"href":"https:\/\/roveyayinevi.com.tr\/index.php\/wp-json\/wp\/v2\/product_cat?post=782838"},{"taxonomy":"product_tag","embeddable":true,"href":"https:\/\/roveyayinevi.com.tr\/index.php\/wp-json\/wp\/v2\/product_tag?post=782838"}],"curies":[{"name":"wp","href":"https:\/\/api.w.org\/{rel}","templated":true}]}}