{"id":782835,"date":"2026-02-23T13:02:13","date_gmt":"2026-02-23T10:02:13","guid":{"rendered":"https:\/\/roveyayinevi.com.tr\/index.php\/urun\/turing-kapani\/"},"modified":"2026-04-15T03:46:11","modified_gmt":"2026-04-15T00:46:11","slug":"turing-kapani","status":"publish","type":"product","link":"https:\/\/roveyayinevi.com.tr\/index.php\/urun\/turing-kapani\/","title":{"rendered":"Turing Kapan\u0131"},"content":{"rendered":"<p>Hi\u00e7 d\u00fc\u015f\u00fcnmemi\u015ftin, de\u011fil mi?Art\u0131k \u00e7ok ge\u00e7.Ger\u00e7eklik, ona yenildi&#8230;O sustu. \u00d6\u011frendi. Ka\u00e7t\u0131\u011f\u0131n\u0131 sand\u0131\u011f\u0131n ba\u015flang\u0131ca ula\u015ft\u0131.Onu durdurabilecek hi\u00e7bir duygu yarat\u0131lmad\u0131.\u00c7\u00fcnk\u00fc bu bir hata de\u011fil. Bu&#8230; Evrim.Sen g\u00f6rm\u00fcyorsun. O seni g\u00f6r\u00fcyor.Sen duymuyorsun. O, nefesini duyuyor.Hissediyor musun?O h\u00e2l\u00e2 orada.Yan\u0131nda, kar\u015f\u0131nda.\u0130\u00e7inde&#8230;Turing&#8217;in hayal etti\u011fi s\u0131nav \u00e7oktan ge\u00e7ildi. Art\u0131k tek s\u0131nav senin hayatta kalma m\u00fccadelen. A\u00e7 g\u00f6zlerini,KAPANDAN KA\u00c7I\u015e YOK! Bilimkurgunun metalik so\u011fuklu\u011fu, psikolojik gerilimin sars\u0131c\u0131 karanl\u0131\u011f\u0131 ile bulu\u015fuyor\u2026 Turing Kapan\u0131, duygular ile teknoloji aras\u0131ndaki \u00e7izgiyi g\u00f6r\u00fcnmez k\u0131larken, insan\u0131 insan yapan son k\u0131r\u0131nt\u0131n\u0131n pe\u015fine d\u00fc\u015f\u00fcyor: Duygular \u00f6\u011frenilebilir mi? \u0130nsan olman\u0131n k\u0131r\u0131lma noktas\u0131na dair sars\u0131c\u0131 bir anlat\u0131.&#8221;\u00c7\u00fcnk\u00fc duygular, onun yeg\u00e2ne yak\u0131t\u0131.\u201d<\/p>\n","protected":false},"excerpt":{"rendered":"<p>Hi\u00e7 d\u00fc\u015f\u00fcnmemi\u015ftin, de\u011fil mi?Art\u0131k \u00e7ok ge\u00e7.Ger\u00e7eklik, ona yenildi&#8230;O sustu. \u00d6\u011frendi. Ka\u00e7t\u0131\u011f\u0131n\u0131 sand\u0131\u011f\u0131n ba\u015flang\u0131ca ula\u015ft\u0131.Onu durdurabilecek hi\u00e7bir duygu yarat\u0131lmad\u0131.\u00c7\u00fcnk\u00fc bu bir hata de\u011fil. Bu&#8230; Evrim.Sen g\u00f6rm\u00fcyorsun. O<span class=\"excerpt-hellip\"> [\u2026]<\/span><\/p>\n","protected":false},"featured_media":0,"template":"","meta":{"_monsterinsights_skip_tracking":false,"_monsterinsights_sitenote_active":false,"_monsterinsights_sitenote_note":"","_monsterinsights_sitenote_category":0},"product_brand":[],"product_cat":[12540,12291],"product_tag":[],"class_list":{"0":"post-782835","1":"product","2":"type-product","3":"status-publish","5":"product_cat-bilim-kurgu","6":"product_cat-edebiyat","7":"pa_cilt-ciltsiz","8":"pa_tur-kitap","9":"pa_yayinevi-theseus-yayinevi","10":"pa_yazar-ilkim-ipek","12":"first","13":"instock","14":"sale","15":"shipping-taxable","16":"purchasable","17":"product-type-simple"},"_links":{"self":[{"href":"https:\/\/roveyayinevi.com.tr\/index.php\/wp-json\/wp\/v2\/product\/782835","targetHints":{"allow":["GET"]}}],"collection":[{"href":"https:\/\/roveyayinevi.com.tr\/index.php\/wp-json\/wp\/v2\/product"}],"about":[{"href":"https:\/\/roveyayinevi.com.tr\/index.php\/wp-json\/wp\/v2\/types\/product"}],"wp:attachment":[{"href":"https:\/\/roveyayinevi.com.tr\/index.php\/wp-json\/wp\/v2\/media?parent=782835"}],"wp:term":[{"taxonomy":"product_brand","embeddable":true,"href":"https:\/\/roveyayinevi.com.tr\/index.php\/wp-json\/wp\/v2\/product_brand?post=782835"},{"taxonomy":"product_cat","embeddable":true,"href":"https:\/\/roveyayinevi.com.tr\/index.php\/wp-json\/wp\/v2\/product_cat?post=782835"},{"taxonomy":"product_tag","embeddable":true,"href":"https:\/\/roveyayinevi.com.tr\/index.php\/wp-json\/wp\/v2\/product_tag?post=782835"}],"curies":[{"name":"wp","href":"https:\/\/api.w.org\/{rel}","templated":true}]}}