{"id":782834,"date":"2026-02-23T13:02:11","date_gmt":"2026-02-23T10:02:11","guid":{"rendered":"https:\/\/roveyayinevi.com.tr\/index.php\/urun\/tantra-2\/"},"modified":"2026-04-15T03:46:11","modified_gmt":"2026-04-15T00:46:11","slug":"tantra-2","status":"publish","type":"product","link":"https:\/\/roveyayinevi.com.tr\/index.php\/urun\/tantra-2\/","title":{"rendered":"Tantra"},"content":{"rendered":"<p>TANTRA Tantra: Di\u015fil Enerjinin Uyan\u0131\u015f\u0131, kadim bilgeli\u011fin rehberli\u011finde kad\u0131n\u0131n bedenle, duyularla ve ya\u015fam enerjisiyle kurdu\u011fu ba\u011f\u0131 yeniden hat\u0131rlatan \u00e7a\u011fda\u015f bir davet. Bu kitap sadece kad\u0131nlar i\u00e7in de\u011fil, onlara e\u015flik eden partnerleri i\u00e7in de muazzam bir rehber. Tantra \u00f6\u011fretmeni Diana Richardson, y\u0131llara yay\u0131lan \u00e7al\u0131\u015fmalar\u0131 ve deneyimlerini bir araya getirdi\u011fi bu kitapta, di\u015fil enerjinin nas\u0131l uyand\u0131\u011f\u0131n\u0131, bedenin farkl\u0131 alanlar\u0131n\u0131n nas\u0131l bir b\u00fct\u00fcn olarak alg\u0131land\u0131\u011f\u0131n\u0131 ve bu fark\u0131ndal\u0131\u011f\u0131n ili\u015fkilerden g\u00fcndelik ya\u015fama kadar nas\u0131l d\u00f6n\u00fc\u015ft\u00fcr\u00fcc\u00fc bir etki yaratt\u0131\u011f\u0131n\u0131 sade ve anla\u015f\u0131l\u0131r bir dille aktar\u0131yor. Tantra: Di\u015fil Enerjinin Uyan\u0131\u015f\u0131, bedenle bar\u0131\u015fmay\u0131, i\u00e7sel ritmi duymay\u0131 ve di\u015fil \u00f6zle yeniden temas kurmay\u0131 hat\u0131rlatan bir yol arkada\u015f\u0131. Yava\u015flamaya, yumu\u015famaya ve bedenin sessiz bilgisini dinlemeye cesaret eden herkes i\u00e7in\u2026<\/p>\n","protected":false},"excerpt":{"rendered":"<p>TANTRA Tantra: Di\u015fil Enerjinin Uyan\u0131\u015f\u0131, kadim bilgeli\u011fin rehberli\u011finde kad\u0131n\u0131n bedenle, duyularla ve ya\u015fam enerjisiyle kurdu\u011fu ba\u011f\u0131 yeniden hat\u0131rlatan \u00e7a\u011fda\u015f bir davet. Bu kitap sadece kad\u0131nlar i\u00e7in<span class=\"excerpt-hellip\"> [\u2026]<\/span><\/p>\n","protected":false},"featured_media":0,"template":"","meta":{"_monsterinsights_skip_tracking":false,"_monsterinsights_sitenote_active":false,"_monsterinsights_sitenote_note":"","_monsterinsights_sitenote_category":0},"product_brand":[],"product_cat":[12364,12376],"product_tag":[],"class_list":{"0":"post-782834","1":"product","2":"type-product","3":"status-publish","5":"product_cat-genel-konular","6":"product_cat-kisisel-gelisim","7":"pa_cilt-ciltsiz","8":"pa_tur-kitap","9":"pa_yayinevi-say-yayinlari","10":"pa_yazar-diana-richardson","12":"first","13":"instock","14":"sale","15":"shipping-taxable","16":"purchasable","17":"product-type-simple"},"_links":{"self":[{"href":"https:\/\/roveyayinevi.com.tr\/index.php\/wp-json\/wp\/v2\/product\/782834","targetHints":{"allow":["GET"]}}],"collection":[{"href":"https:\/\/roveyayinevi.com.tr\/index.php\/wp-json\/wp\/v2\/product"}],"about":[{"href":"https:\/\/roveyayinevi.com.tr\/index.php\/wp-json\/wp\/v2\/types\/product"}],"wp:attachment":[{"href":"https:\/\/roveyayinevi.com.tr\/index.php\/wp-json\/wp\/v2\/media?parent=782834"}],"wp:term":[{"taxonomy":"product_brand","embeddable":true,"href":"https:\/\/roveyayinevi.com.tr\/index.php\/wp-json\/wp\/v2\/product_brand?post=782834"},{"taxonomy":"product_cat","embeddable":true,"href":"https:\/\/roveyayinevi.com.tr\/index.php\/wp-json\/wp\/v2\/product_cat?post=782834"},{"taxonomy":"product_tag","embeddable":true,"href":"https:\/\/roveyayinevi.com.tr\/index.php\/wp-json\/wp\/v2\/product_tag?post=782834"}],"curies":[{"name":"wp","href":"https:\/\/api.w.org\/{rel}","templated":true}]}}