{"id":782832,"date":"2026-02-23T13:02:06","date_gmt":"2026-02-23T10:02:06","guid":{"rendered":"https:\/\/roveyayinevi.com.tr\/index.php\/urun\/bagimliligin-biyolojisi\/"},"modified":"2026-04-15T03:46:11","modified_gmt":"2026-04-15T00:46:11","slug":"bagimliligin-biyolojisi","status":"publish","type":"product","link":"https:\/\/roveyayinevi.com.tr\/index.php\/urun\/bagimliligin-biyolojisi\/","title":{"rendered":"Ba\u011f\u0131ml\u0131l\u0131\u011f\u0131n Biyolojisi"},"content":{"rendered":"<p>BA\u011eIMLILI\u011eIN B\u0130YOLOJ\u0130S\u0130 Bat\u0131 d\u00fcnyas\u0131ndaki psikiyatri kurumu ve rehabilitasyon sekt\u00f6r\u00fc ba\u011f\u0131ml\u0131l\u0131\u011f\u0131 bir beyin hastal\u0131\u011f\u0131 olarak nitelendirir. Marc Lewis, Ba\u011f\u0131ml\u0131l\u0131\u011f\u0131n Biyolojisi\u2019nde, ba\u011f\u0131ml\u0131l\u0131\u011f\u0131n bir hastal\u0131k olmad\u0131\u011f\u0131n\u0131 ve hastal\u0131k modelinin iyile\u015fmeye neden bir engel haline geldi\u011fini ikna edici bir \u015fekilde ortaya koyuyor. Hastal\u0131k modelini baz alan terapinin neden bu kadar s\u0131k ba\u015far\u0131s\u0131z oldu\u011funa i\u015faret ederek, kal\u0131c\u0131 iyile\u015fme sa\u011flamak i\u00e7in neler yap\u0131labilece\u011fini g\u00f6steriyor.  \u0130nsanlar\u0131n b\u00fcy\u00fck bir i\u00e7tenlikte kendisine anlatt\u0131klar\u0131 ki\u015fisel hik\u00e2yeleri anla\u015f\u0131lmas\u0131 kolay bilimsel a\u00e7\u0131klamalarla birle\u015ftiren Ba\u011f\u0131ml\u0131l\u0131\u011f\u0131n Biyolojisi, ba\u011f\u0131ml\u0131l\u0131kla ki\u015fisel veya mesleki olarak m\u00fccadele etmi\u015f herkese ayd\u0131nlat\u0131c\u0131 ve iyimser bir okuma deneyimi sunuyor. \u201cMarc Lewis, ba\u011f\u0131ml\u0131l\u0131\u011f\u0131 birincil beyin hastal\u0131\u011f\u0131 olarak g\u00f6ren t\u0131bbi g\u00f6r\u00fc\u015f\u00fc etkili bir \u015fekilde \u00e7\u00fcr\u00fct\u00fcyor\u2026\u201d\u2014Gabor Mat\u00e9, A\u00e7 Hayaletler Diyar\u0131nda: Ba\u011f\u0131ml\u0131l\u0131klaYak\u0131n Temaslar kitab\u0131n\u0131n yazar\u0131<\/p>\n","protected":false},"excerpt":{"rendered":"<p>BA\u011eIMLILI\u011eIN B\u0130YOLOJ\u0130S\u0130 Bat\u0131 d\u00fcnyas\u0131ndaki psikiyatri kurumu ve rehabilitasyon sekt\u00f6r\u00fc ba\u011f\u0131ml\u0131l\u0131\u011f\u0131 bir beyin hastal\u0131\u011f\u0131 olarak nitelendirir. Marc Lewis, Ba\u011f\u0131ml\u0131l\u0131\u011f\u0131n Biyolojisi\u2019nde, ba\u011f\u0131ml\u0131l\u0131\u011f\u0131n bir hastal\u0131k olmad\u0131\u011f\u0131n\u0131 ve hastal\u0131k modelinin<span class=\"excerpt-hellip\"> [\u2026]<\/span><\/p>\n","protected":false},"featured_media":0,"template":"","meta":{"_monsterinsights_skip_tracking":false,"_monsterinsights_sitenote_active":false,"_monsterinsights_sitenote_note":"","_monsterinsights_sitenote_category":0},"product_brand":[],"product_cat":[12358,12357],"product_tag":[],"class_list":{"0":"post-782832","1":"product","2":"type-product","3":"status-publish","5":"product_cat-genel-psikoloji","6":"product_cat-psikoloji","7":"pa_cilt-ciltsiz","8":"pa_tur-kitap","9":"pa_yayinevi-say-yayinlari","10":"pa_yazar-marc-lewis","12":"first","13":"instock","14":"sale","15":"shipping-taxable","16":"purchasable","17":"product-type-simple"},"_links":{"self":[{"href":"https:\/\/roveyayinevi.com.tr\/index.php\/wp-json\/wp\/v2\/product\/782832","targetHints":{"allow":["GET"]}}],"collection":[{"href":"https:\/\/roveyayinevi.com.tr\/index.php\/wp-json\/wp\/v2\/product"}],"about":[{"href":"https:\/\/roveyayinevi.com.tr\/index.php\/wp-json\/wp\/v2\/types\/product"}],"wp:attachment":[{"href":"https:\/\/roveyayinevi.com.tr\/index.php\/wp-json\/wp\/v2\/media?parent=782832"}],"wp:term":[{"taxonomy":"product_brand","embeddable":true,"href":"https:\/\/roveyayinevi.com.tr\/index.php\/wp-json\/wp\/v2\/product_brand?post=782832"},{"taxonomy":"product_cat","embeddable":true,"href":"https:\/\/roveyayinevi.com.tr\/index.php\/wp-json\/wp\/v2\/product_cat?post=782832"},{"taxonomy":"product_tag","embeddable":true,"href":"https:\/\/roveyayinevi.com.tr\/index.php\/wp-json\/wp\/v2\/product_tag?post=782832"}],"curies":[{"name":"wp","href":"https:\/\/api.w.org\/{rel}","templated":true}]}}