{"id":782831,"date":"2026-02-23T13:02:03","date_gmt":"2026-02-23T10:02:03","guid":{"rendered":"https:\/\/roveyayinevi.com.tr\/index.php\/urun\/cevrenin-efendisi\/"},"modified":"2026-04-15T03:46:11","modified_gmt":"2026-04-15T00:46:11","slug":"cevrenin-efendisi","status":"publish","type":"product","link":"https:\/\/roveyayinevi.com.tr\/index.php\/urun\/cevrenin-efendisi\/","title":{"rendered":"(\u00c7)Evrenin Efendisi"},"content":{"rendered":"<p>Bir el\u00e7i, bir lider, bir rehber&#8230; Ve do\u011fan\u0131n en b\u00fcy\u00fck dostu. Hayat\u0131n\u0131, Kur\u2019an\u2019\u0131n evrensel mesajlar\u0131n\u0131 ya\u015fayarak insanl\u0131\u011fa sunan bir peygamberin biyografisi&#8230; Bu kitapta O\u2019nu; bug\u00fcn\u00fcn g\u00f6z\u00fcyle, k\u00fcresel \u0131s\u0131nman\u0131n ve \u00e7evresel krizlerin g\u00f6lgesinde yeniden okuyoruz. Kitap hakk\u0131nda ne dediler? \u0130brahim \u00d6zdemir hocam\u0131z, (\u00c7)evrenin Efendisi adl\u0131 eseriyle, Efendimizin hayat\u0131n\u0131 yepyeni bir perspektiften okumam\u0131za imk\u00e2n sunuyor. Bu \u00e7al\u0131\u015fma, Hz. Peygamber\u2019in \u00e7evre duyarl\u0131l\u0131\u011f\u0131n\u0131, ekolojik dengeye (mizan) verdi\u011fi \u00f6nemi ve b\u00fct\u00fcn bir yarat\u0131l\u0131\u015f\u0131 ku\u015fatan merhamet anlay\u0131\u015f\u0131n\u0131 g\u00fcn\u00fcm\u00fcz\u00fcn \u00e7evresel krizleriyle ili\u015fkilendirerek g\u00f6r\u00fcn\u00fcr k\u0131l\u0131yor.  Prof. Dr. Nevzat Tarhan, \u00dcsk\u00fcdar \u00dcniversitesi Kurucu Rekt\u00f6r\u00fc   (\u00c7)evrenin Efendisi kitab\u0131n\u0131n; Neredeyse S\u0131f\u0131r Enerjili Binalar, Hava\u2013 Su\u2013Toprak Kaynakl\u0131 Is\u0131 Pompalar\u0131 ve G\u00fcne\u015f Enerjisiyle Tasarlanan Yap\u0131lar gibi alanlarda da ilham verici ve te\u015fvik edici olaca\u011f\u0131na inan\u0131yorum. Prof. Dr. \u00dcmit Do\u011fay Ar\u0131n\u00e7, Manisa CB\u00dc Kurucu Rekt\u00f6r\u00fc   Bu kitap sadece bir \u00e7evrecilik dersi de\u011fil, ayn\u0131 zamanda rahmet kavram\u0131 \u00fczerine bir i\u00e7tihatt\u0131r. Diyebilirim ki \u0130brahim \u00d6zdemir hocam\u0131z bu \u00e7al\u0131\u015fmas\u0131yla hakikaten b\u00fcy\u00fck bir rahmet kap\u0131s\u0131 aralam\u0131\u015f. \u00c2lemlere rahmet kavram\u0131n\u0131n t\u00fcm istemleri ku\u015fatt\u0131\u011f\u0131n\u0131 bize g\u00f6stermi\u015f. Hz. Peygamber sadece insanlara ve mahlukata merhamet eden de\u011fil, d\u00fcnyan\u0131n da varl\u0131\u011f\u0131n\u0131 s\u00fcrd\u00fcrmesi i\u00e7in rahmettir. Mehmet Ali Bulut, Ara\u015ft\u0131rmac\u0131 Yazar   Bir K\u0131z\u0131lderili atas\u00f6z\u00fcnde, \u201cYery\u00fcz\u00fc bize atalar\u0131m\u0131zdan miras kalmad\u0131, onu biz \u00e7ocuklar\u0131m\u0131zdan \u00f6d\u00fcn\u00e7 ald\u0131k.\u201d dendi\u011fi gibi D\u00fcnya hepimizin ve t\u00fcm insanl\u0131\u011fa sunulmu\u015f kadim bir emanettir. Bu emaneti koruman\u0131n yolu ise merhamet peygamberi Hz. Muhammed\u2019in (sav) uygulayarak \u00f6rnek oldu\u011fu esaslarla korunabilir. Sayg\u0131de\u011fer Hocam \u0130brahim \u00d6zdemir beyefendinin nahif \u00fcslubunda bu g\u00fczelli\u011fi yakalayaca\u011f\u0131z. Nurdan Damla, Yazar   \u201cHaks\u0131z olarak bir ser\u00e7eyi \u00f6ld\u00fcrenden Rabbimiz k\u0131yamette hesap soracakt\u0131r, yerde olanlara merhametli olun ki g\u00f6kte olan melekler size rahmet etsin.\u201d diyen Peygamberimizi, evrenin ve \u00e7evrenin efendisi ilan eden bir kitap. \u00c2lemlerin ahengi, adaleti, nezaketi ve iki cihan mizan\u0131 varl\u0131\u011f\u0131nda tecelli eden bir efendi\u2026 Y\u0131ld\u0131z Ramazano\u011flu, Yazar<\/p>\n","protected":false},"excerpt":{"rendered":"<p>Bir el\u00e7i, bir lider, bir rehber&#8230; Ve do\u011fan\u0131n en b\u00fcy\u00fck dostu. Hayat\u0131n\u0131, Kur\u2019an\u2019\u0131n evrensel mesajlar\u0131n\u0131 ya\u015fayarak insanl\u0131\u011fa sunan bir peygamberin biyografisi&#8230; Bu kitapta O\u2019nu; bug\u00fcn\u00fcn g\u00f6z\u00fcyle,<span class=\"excerpt-hellip\"> [\u2026]<\/span><\/p>\n","protected":false},"featured_media":0,"template":"","meta":{"_monsterinsights_skip_tracking":false,"_monsterinsights_sitenote_active":false,"_monsterinsights_sitenote_note":"","_monsterinsights_sitenote_category":0},"product_brand":[],"product_cat":[12364,12376],"product_tag":[],"class_list":{"0":"post-782831","1":"product","2":"type-product","3":"status-publish","5":"product_cat-genel-konular","6":"product_cat-kisisel-gelisim","7":"pa_cilt-ciltsiz","8":"pa_tur-kitap","9":"pa_yayinevi-hayat-yayinlari","10":"pa_yazar-ibrahim-ozdemir","12":"first","13":"instock","14":"sale","15":"shipping-taxable","16":"purchasable","17":"product-type-simple"},"_links":{"self":[{"href":"https:\/\/roveyayinevi.com.tr\/index.php\/wp-json\/wp\/v2\/product\/782831","targetHints":{"allow":["GET"]}}],"collection":[{"href":"https:\/\/roveyayinevi.com.tr\/index.php\/wp-json\/wp\/v2\/product"}],"about":[{"href":"https:\/\/roveyayinevi.com.tr\/index.php\/wp-json\/wp\/v2\/types\/product"}],"wp:attachment":[{"href":"https:\/\/roveyayinevi.com.tr\/index.php\/wp-json\/wp\/v2\/media?parent=782831"}],"wp:term":[{"taxonomy":"product_brand","embeddable":true,"href":"https:\/\/roveyayinevi.com.tr\/index.php\/wp-json\/wp\/v2\/product_brand?post=782831"},{"taxonomy":"product_cat","embeddable":true,"href":"https:\/\/roveyayinevi.com.tr\/index.php\/wp-json\/wp\/v2\/product_cat?post=782831"},{"taxonomy":"product_tag","embeddable":true,"href":"https:\/\/roveyayinevi.com.tr\/index.php\/wp-json\/wp\/v2\/product_tag?post=782831"}],"curies":[{"name":"wp","href":"https:\/\/api.w.org\/{rel}","templated":true}]}}