{"id":782830,"date":"2026-02-23T13:02:01","date_gmt":"2026-02-23T10:02:01","guid":{"rendered":"https:\/\/roveyayinevi.com.tr\/index.php\/urun\/insan-neyi-arar\/"},"modified":"2026-04-08T03:43:11","modified_gmt":"2026-04-08T00:43:11","slug":"insan-neyi-arar","status":"publish","type":"product","link":"https:\/\/roveyayinevi.com.tr\/index.php\/urun\/insan-neyi-arar\/","title":{"rendered":"\u0130nsan Neyi Arar"},"content":{"rendered":"<p>\u0130nsan, bazen bir kelimenin i\u00e7inde bazen bir sessizli\u011fin ortas\u0131nda kendini arar: bir tebess\u00fcmde, bir vedada, bir duada\u2026 \u201c\u0130nsan Neyi Arar?\u201d y\u00fcre\u011fin en derin k\u0131vr\u0131mlar\u0131nda yank\u0131lanan o kadim sorunun izini s\u00fcr\u00fcyor. Huzuru, sevgiyi, anlam\u0131, sadakati ve inanc\u0131 yeniden hat\u0131rlat\u0131yor bize; unuttu\u011fumuz ama \u00f6z\u00fcm\u00fczde hep var olan de\u011ferleri\u2026 Bu kitap; size sadece harflerden, hecelerden, kelimelerden ve c\u00fcmlelerden olu\u015fan bir b\u00fct\u00fcnl\u00fck de\u011fil, bir i\u00e7sel yolculuk sunuyor. Her b\u00f6l\u00fcm, ruhun unutulmu\u015f veya ihmal edilmi\u015f bir kap\u0131s\u0131n\u0131 aral\u0131yor. Kimi zaman bir iyili\u011fin kelebe\u011fe d\u00f6n\u00fc\u015fen etkisinde kimi zaman da s\u00fck\u00fbtun i\u00e7inde yank\u0131lanan bir hakikatte buluyorsun kendini. Belki de bu sayfalarda, uzun zamand\u0131r ad\u0131n\u0131 koyamad\u0131\u011f\u0131n o aray\u0131\u015f\u0131n cevab\u0131n\u0131 bulacaks\u0131n. \u00c7\u00fcnk\u00fc bazen bir kitap sadece okunmaz, insan\u0131n kendi kalbine yapt\u0131\u011f\u0131 bir yolculu\u011fa d\u00f6n\u00fc\u015f\u00fcr.<\/p>\n","protected":false},"excerpt":{"rendered":"<p>\u0130nsan, bazen bir kelimenin i\u00e7inde bazen bir sessizli\u011fin ortas\u0131nda kendini arar: bir tebess\u00fcmde, bir vedada, bir duada\u2026 \u201c\u0130nsan Neyi Arar?\u201d y\u00fcre\u011fin en derin k\u0131vr\u0131mlar\u0131nda yank\u0131lanan o<span class=\"excerpt-hellip\"> [\u2026]<\/span><\/p>\n","protected":false},"featured_media":0,"template":"","meta":{"_monsterinsights_skip_tracking":false,"_monsterinsights_sitenote_active":false,"_monsterinsights_sitenote_note":"","_monsterinsights_sitenote_category":0},"product_brand":[],"product_cat":[12364,12376],"product_tag":[],"class_list":{"0":"post-782830","1":"product","2":"type-product","3":"status-publish","5":"product_cat-genel-konular","6":"product_cat-kisisel-gelisim","7":"pa_cilt-ciltsiz","8":"pa_tur-kitap","9":"pa_yayinevi-hayat-yayinlari","10":"pa_yazar-zekeriya-efiloglu","12":"first","13":"instock","14":"sale","15":"shipping-taxable","16":"purchasable","17":"product-type-simple"},"_links":{"self":[{"href":"https:\/\/roveyayinevi.com.tr\/index.php\/wp-json\/wp\/v2\/product\/782830","targetHints":{"allow":["GET"]}}],"collection":[{"href":"https:\/\/roveyayinevi.com.tr\/index.php\/wp-json\/wp\/v2\/product"}],"about":[{"href":"https:\/\/roveyayinevi.com.tr\/index.php\/wp-json\/wp\/v2\/types\/product"}],"wp:attachment":[{"href":"https:\/\/roveyayinevi.com.tr\/index.php\/wp-json\/wp\/v2\/media?parent=782830"}],"wp:term":[{"taxonomy":"product_brand","embeddable":true,"href":"https:\/\/roveyayinevi.com.tr\/index.php\/wp-json\/wp\/v2\/product_brand?post=782830"},{"taxonomy":"product_cat","embeddable":true,"href":"https:\/\/roveyayinevi.com.tr\/index.php\/wp-json\/wp\/v2\/product_cat?post=782830"},{"taxonomy":"product_tag","embeddable":true,"href":"https:\/\/roveyayinevi.com.tr\/index.php\/wp-json\/wp\/v2\/product_tag?post=782830"}],"curies":[{"name":"wp","href":"https:\/\/api.w.org\/{rel}","templated":true}]}}